{"id":2409,"date":"2025-07-21T16:01:02","date_gmt":"2025-07-21T16:01:02","guid":{"rendered":"https:\/\/kretz.cz\/produkt\/krbova-vlozka-kretz-g90-rf\/"},"modified":"2025-09-12T10:46:55","modified_gmt":"2025-09-12T10:46:55","slug":"krbova-vlozka-kretz-g90-rf","status":"publish","type":"product","link":"https:\/\/kretz.cz\/en\/product\/krbova-vlozka-kretz-g90-rf\/","title":{"rendered":"Fireplace insert KRETZ G90 RF"},"content":{"rendered":"<p>The KRETZ G90 RF gas insert combines functionality with comfort - remote control, output adjustment from 4.3-13.2 kW, and 87% efficiency meet even demanding requirements. With a closed burning system and concentric flue, it is an ideal choice for modern homes. 230 V connection, 137 kg weight, and 1\/2\" threaded connection ensure hassle-free installation and operation.<\/p>\n<p><strong>Included in delivery:<\/strong><\/p>\n<ul>\n<li>Service box - can be placed up to 1.5 m from the fireplace insert<\/li>\n<li>Remote control with display - also serves as a thermostat<\/li>\n<li>Decorative frame - 3 cm wide<\/li>\n<li>Burner decoration - set of premium ceramic logs, coals, and vermiculite<\/li>\n<\/ul>","protected":false},"excerpt":{"rendered":"<p>Modern gas fireplace insert with remote control and an output of up to 13.2 kW. A safe and efficient way to heat your space.<\/p>","protected":false},"featured_media":2701,"template":"","meta":[],"product_brand":[100],"product_cat":[246,416],"product_tag":[],"class_list":{"0":"post-2409","1":"product","2":"type-product","3":"status-publish","4":"has-post-thumbnail","6":"product_brand-kretz","7":"product_cat-krbove-vlozky","8":"product_cat-plynove","9":"pa_elektrina-230-v","10":"pa_hmotnost-137-kg","11":"pa_odkoureni-koncentricke-130-200-mm","12":"pa_pripojeni-plynu-venkovni-zavit-1-2","13":"pa_spalovaci-system-06-157-m3-hod","14":"pa_spotreba-plynu-min-max-06-157-m3-hod","15":"pa_tlak-pripojeneho-plynu-20-mbar","16":"pa_vykon-min-max-20-mbar","17":"description-off","19":"first","20":"instock","21":"product-type-simple"},"yoast_head":"<!-- This site is optimized with the Yoast SEO plugin v25.9 - https:\/\/yoast.com\/wordpress\/plugins\/seo\/ -->\n<title>Krbov\u00e1 vlo\u017eka KRETZ G90 RF - KRETZ.cz - krby a krbov\u00e1 kamna<\/title>\n<meta name=\"robots\" content=\"noindex, follow\" \/>\n<meta property=\"og:locale\" content=\"en_US\" \/>\n<meta property=\"og:type\" content=\"article\" \/>\n<meta property=\"og:title\" content=\"Krbov\u00e1 vlo\u017eka KRETZ G90 RF - KRETZ.cz - krby a krbov\u00e1 kamna\" \/>\n<meta property=\"og:description\" content=\"Modern\u00ed krbov\u00e1 vlo\u017eka na plyn s d\u00e1lkov\u00fdm ovl\u00e1d\u00e1n\u00edm a v\u00fdkonem a\u017e 13,2 kW. Bezpe\u010dn\u00fd a efektivn\u00ed zp\u016fsob vyt\u00e1p\u011bn\u00ed.\" \/>\n<meta property=\"og:url\" content=\"https:\/\/kretz.cz\/en\/product\/krbova-vlozka-kretz-g90-rf\/\" \/>\n<meta property=\"og:site_name\" content=\"KRETZ.cz - krby a krbov\u00e1 kamna\" \/>\n<meta property=\"article:publisher\" content=\"https:\/\/www.facebook.com\/krbykretz\/\" \/>\n<meta property=\"article:modified_time\" content=\"2025-09-12T10:46:55+00:00\" \/>\n<meta property=\"og:image\" content=\"https:\/\/kretz.cz\/wp-content\/uploads\/2025\/07\/KRETZ-G90-RF.jpg\" \/>\n\t<meta property=\"og:image:width\" content=\"1700\" \/>\n\t<meta property=\"og:image:height\" content=\"700\" \/>\n\t<meta property=\"og:image:type\" content=\"image\/jpeg\" \/>\n<meta name=\"twitter:card\" content=\"summary_large_image\" \/>\n<meta name=\"twitter:label1\" content=\"Est. reading time\" \/>\n\t<meta name=\"twitter:data1\" content=\"1 minute\" \/>\n<script type=\"application\/ld+json\" class=\"yoast-schema-graph\">{\"@context\":\"https:\/\/schema.org\",\"@graph\":[{\"@type\":\"WebPage\",\"@id\":\"https:\/\/kretz.cz\/produkt\/krbova-vlozka-kretz-g90-rf\/\",\"url\":\"https:\/\/kretz.cz\/produkt\/krbova-vlozka-kretz-g90-rf\/\",\"name\":\"Krbov\u00e1 vlo\u017eka KRETZ G90 RF - KRETZ.cz - krby a krbov\u00e1 kamna\",\"isPartOf\":{\"@id\":\"https:\/\/kretz.cz\/#website\"},\"primaryImageOfPage\":{\"@id\":\"https:\/\/kretz.cz\/produkt\/krbova-vlozka-kretz-g90-rf\/#primaryimage\"},\"image\":{\"@id\":\"https:\/\/kretz.cz\/produkt\/krbova-vlozka-kretz-g90-rf\/#primaryimage\"},\"thumbnailUrl\":\"https:\/\/kretz.cz\/wp-content\/uploads\/2025\/07\/KRETZ-G90-RF.jpg\",\"datePublished\":\"2025-07-21T16:01:02+00:00\",\"dateModified\":\"2025-09-12T10:46:55+00:00\",\"breadcrumb\":{\"@id\":\"https:\/\/kretz.cz\/produkt\/krbova-vlozka-kretz-g90-rf\/#breadcrumb\"},\"inLanguage\":\"en-US\",\"potentialAction\":[{\"@type\":\"ReadAction\",\"target\":[\"https:\/\/kretz.cz\/produkt\/krbova-vlozka-kretz-g90-rf\/\"]}]},{\"@type\":\"ImageObject\",\"inLanguage\":\"en-US\",\"@id\":\"https:\/\/kretz.cz\/produkt\/krbova-vlozka-kretz-g90-rf\/#primaryimage\",\"url\":\"https:\/\/kretz.cz\/wp-content\/uploads\/2025\/07\/KRETZ-G90-RF.jpg\",\"contentUrl\":\"https:\/\/kretz.cz\/wp-content\/uploads\/2025\/07\/KRETZ-G90-RF.jpg\",\"width\":1700,\"height\":700},{\"@type\":\"BreadcrumbList\",\"@id\":\"https:\/\/kretz.cz\/produkt\/krbova-vlozka-kretz-g90-rf\/#breadcrumb\",\"itemListElement\":[{\"@type\":\"ListItem\",\"position\":1,\"name\":\"Dom\u016f\",\"item\":\"https:\/\/kretz.cz\/\"},{\"@type\":\"ListItem\",\"position\":2,\"name\":\"Template &#8211; Sidebar &#8211; Archive pages\",\"item\":\"https:\/\/kretz.cz\/template-sidebar-archive-pages\/\"},{\"@type\":\"ListItem\",\"position\":3,\"name\":\"Krbov\u00e1 vlo\u017eka KRETZ G90 RF\"}]},{\"@type\":\"WebSite\",\"@id\":\"https:\/\/kretz.cz\/#website\",\"url\":\"https:\/\/kretz.cz\/\",\"name\":\"KRETZ.cz - krby a krbov\u00e1 kamna\",\"description\":\"Jsme \u010desk\u00e1 spole\u010dnost p\u016fsob\u00edc\u00ed v oblasti v\u00fdroby a stroj\u00edrenstv\u00ed. Specializujeme se na v\u00fdrobu krbov\u00fdch vlo\u017eek a topen\u00e1\u0159sk\u00e9 techniky, z\u00e1rove\u0148 nab\u00edz\u00edme zak\u00e1zkovou stroj\u00edrenskou v\u00fdrobu. Realizujeme tak\u00e9 stavebn\u00ed projekty v\u010detn\u011b kovov\u00fdch konstrukc\u00ed. Na\u0161\u00ed p\u0159ednost\u00ed je kvalita, spolehlivost a individu\u00e1ln\u00ed p\u0159\u00edstup ke ka\u017ed\u00e9mu z\u00e1kazn\u00edkovi.\",\"potentialAction\":[{\"@type\":\"SearchAction\",\"target\":{\"@type\":\"EntryPoint\",\"urlTemplate\":\"https:\/\/kretz.cz\/?s={search_term_string}\"},\"query-input\":{\"@type\":\"PropertyValueSpecification\",\"valueRequired\":true,\"valueName\":\"search_term_string\"}}],\"inLanguage\":\"en-US\"}]}<\/script>\n<!-- \/ Yoast SEO plugin. -->","yoast_head_json":{"title":"Krbov\u00e1 vlo\u017eka KRETZ G90 RF - KRETZ.cz - krby a krbov\u00e1 kamna","robots":{"index":"noindex","follow":"follow"},"og_locale":"en_US","og_type":"article","og_title":"Krbov\u00e1 vlo\u017eka KRETZ G90 RF - KRETZ.cz - krby a krbov\u00e1 kamna","og_description":"Modern\u00ed krbov\u00e1 vlo\u017eka na plyn s d\u00e1lkov\u00fdm ovl\u00e1d\u00e1n\u00edm a v\u00fdkonem a\u017e 13,2 kW. Bezpe\u010dn\u00fd a efektivn\u00ed zp\u016fsob vyt\u00e1p\u011bn\u00ed.","og_url":"https:\/\/kretz.cz\/en\/product\/krbova-vlozka-kretz-g90-rf\/","og_site_name":"KRETZ.cz - krby a krbov\u00e1 kamna","article_publisher":"https:\/\/www.facebook.com\/krbykretz\/","article_modified_time":"2025-09-12T10:46:55+00:00","og_image":[{"width":1700,"height":700,"url":"https:\/\/kretz.cz\/wp-content\/uploads\/2025\/07\/KRETZ-G90-RF.jpg","type":"image\/jpeg"}],"twitter_card":"summary_large_image","twitter_misc":{"Est. reading time":"1 minute"},"schema":{"@context":"https:\/\/schema.org","@graph":[{"@type":"WebPage","@id":"https:\/\/kretz.cz\/produkt\/krbova-vlozka-kretz-g90-rf\/","url":"https:\/\/kretz.cz\/produkt\/krbova-vlozka-kretz-g90-rf\/","name":"Krbov\u00e1 vlo\u017eka KRETZ G90 RF - KRETZ.cz - krby a krbov\u00e1 kamna","isPartOf":{"@id":"https:\/\/kretz.cz\/#website"},"primaryImageOfPage":{"@id":"https:\/\/kretz.cz\/produkt\/krbova-vlozka-kretz-g90-rf\/#primaryimage"},"image":{"@id":"https:\/\/kretz.cz\/produkt\/krbova-vlozka-kretz-g90-rf\/#primaryimage"},"thumbnailUrl":"https:\/\/kretz.cz\/wp-content\/uploads\/2025\/07\/KRETZ-G90-RF.jpg","datePublished":"2025-07-21T16:01:02+00:00","dateModified":"2025-09-12T10:46:55+00:00","breadcrumb":{"@id":"https:\/\/kretz.cz\/produkt\/krbova-vlozka-kretz-g90-rf\/#breadcrumb"},"inLanguage":"en-US","potentialAction":[{"@type":"ReadAction","target":["https:\/\/kretz.cz\/produkt\/krbova-vlozka-kretz-g90-rf\/"]}]},{"@type":"ImageObject","inLanguage":"en-US","@id":"https:\/\/kretz.cz\/produkt\/krbova-vlozka-kretz-g90-rf\/#primaryimage","url":"https:\/\/kretz.cz\/wp-content\/uploads\/2025\/07\/KRETZ-G90-RF.jpg","contentUrl":"https:\/\/kretz.cz\/wp-content\/uploads\/2025\/07\/KRETZ-G90-RF.jpg","width":1700,"height":700},{"@type":"BreadcrumbList","@id":"https:\/\/kretz.cz\/produkt\/krbova-vlozka-kretz-g90-rf\/#breadcrumb","itemListElement":[{"@type":"ListItem","position":1,"name":"Dom\u016f","item":"https:\/\/kretz.cz\/"},{"@type":"ListItem","position":2,"name":"Template &#8211; Sidebar &#8211; Archive pages","item":"https:\/\/kretz.cz\/template-sidebar-archive-pages\/"},{"@type":"ListItem","position":3,"name":"Krbov\u00e1 vlo\u017eka KRETZ G90 RF"}]},{"@type":"WebSite","@id":"https:\/\/kretz.cz\/#website","url":"https:\/\/kretz.cz\/","name":"KRETZ.cz - krby a krbov\u00e1 kamna","description":"Jsme \u010desk\u00e1 spole\u010dnost p\u016fsob\u00edc\u00ed v oblasti v\u00fdroby a stroj\u00edrenstv\u00ed. Specializujeme se na v\u00fdrobu krbov\u00fdch vlo\u017eek a topen\u00e1\u0159sk\u00e9 techniky, z\u00e1rove\u0148 nab\u00edz\u00edme zak\u00e1zkovou stroj\u00edrenskou v\u00fdrobu. Realizujeme tak\u00e9 stavebn\u00ed projekty v\u010detn\u011b kovov\u00fdch konstrukc\u00ed. Na\u0161\u00ed p\u0159ednost\u00ed je kvalita, spolehlivost a individu\u00e1ln\u00ed p\u0159\u00edstup ke ka\u017ed\u00e9mu z\u00e1kazn\u00edkovi.","potentialAction":[{"@type":"SearchAction","target":{"@type":"EntryPoint","urlTemplate":"https:\/\/kretz.cz\/?s={search_term_string}"},"query-input":{"@type":"PropertyValueSpecification","valueRequired":true,"valueName":"search_term_string"}}],"inLanguage":"en-US"}]}},"jetpack_sharing_enabled":true,"_links":{"self":[{"href":"https:\/\/kretz.cz\/en\/wp-json\/wp\/v2\/product\/2409","targetHints":{"allow":["GET"]}}],"collection":[{"href":"https:\/\/kretz.cz\/en\/wp-json\/wp\/v2\/product"}],"about":[{"href":"https:\/\/kretz.cz\/en\/wp-json\/wp\/v2\/types\/product"}],"wp:featuredmedia":[{"embeddable":true,"href":"https:\/\/kretz.cz\/en\/wp-json\/wp\/v2\/media\/2701"}],"wp:attachment":[{"href":"https:\/\/kretz.cz\/en\/wp-json\/wp\/v2\/media?parent=2409"}],"wp:term":[{"taxonomy":"product_brand","embeddable":true,"href":"https:\/\/kretz.cz\/en\/wp-json\/wp\/v2\/product_brand?post=2409"},{"taxonomy":"product_cat","embeddable":true,"href":"https:\/\/kretz.cz\/en\/wp-json\/wp\/v2\/product_cat?post=2409"},{"taxonomy":"product_tag","embeddable":true,"href":"https:\/\/kretz.cz\/en\/wp-json\/wp\/v2\/product_tag?post=2409"}],"curies":[{"name":"wp","href":"https:\/\/api.w.org\/{rel}","templated":true}]}}