{"id":2317,"date":"2025-07-21T14:31:22","date_gmt":"2025-07-21T14:31:22","guid":{"rendered":"https:\/\/kretz.cz\/produkt\/flamen-alfa-50-hl\/"},"modified":"2025-09-11T14:46:59","modified_gmt":"2025-09-11T14:46:59","slug":"flamen-alfa-50-hl","status":"publish","type":"product","link":"https:\/\/kretz.cz\/en\/product\/flamen-alfa-50-hl\/","title":{"rendered":"Flamen ALFA 50 HL"},"content":{"rendered":"<p>This fireplace insert offers an output of 4-8 kW and a high efficiency of 81%. The grateless firebox ensures easy maintenance and clean operation. Its smaller dimensions (610 mm wide, 120 kg weight) make it suitable for confined spaces where quality and efficiency are also required.<\/p>","protected":false},"excerpt":{"rendered":"<p>ALFA 50 HL is an elegant and compact solution for homes up to 210 m\u00b3. An economical and powerful fireplace.<\/p>","protected":false},"featured_media":2304,"template":"","meta":[],"product_brand":[353],"product_cat":[15,246,22],"product_tag":[429],"class_list":{"0":"post-2317","1":"product","2":"type-product","3":"status-publish","4":"has-post-thumbnail","6":"product_brand-flamen","7":"product_cat-nezarazene","8":"product_cat-krbove-vlozky","9":"product_cat-teplovzdusne","10":"product_tag-alfa","11":"pa_bezrostove-topeniste-ano","12":"pa_hmotnost-120-kg","13":"pa_prumer-kourovodu-160-mm","14":"pa_rada-alfa","15":"pa_regulovatelny-vykon-4-8-kw","16":"pa_sirka-krbu-610-mm","17":"pa_vytapeny-prostor-m3-66-210","18":"pa_vyusteni-kourovodu-nahoru","19":"description-off","21":"first","22":"instock","23":"product-type-simple"},"yoast_head":"<!-- This site is optimized with the Yoast SEO plugin v25.9 - https:\/\/yoast.com\/wordpress\/plugins\/seo\/ -->\n<title>Flamen ALFA 50 HL - KRETZ.cz - krby a krbov\u00e1 kamna<\/title>\n<meta name=\"robots\" content=\"noindex, follow\" \/>\n<meta property=\"og:locale\" content=\"en_US\" \/>\n<meta property=\"og:type\" content=\"article\" \/>\n<meta property=\"og:title\" content=\"Flamen ALFA 50 HL - KRETZ.cz - krby a krbov\u00e1 kamna\" \/>\n<meta property=\"og:description\" content=\"ALFA 50 HL je elegantn\u00ed a kompaktn\u00ed \u0159e\u0161en\u00ed pro dom\u00e1cnosti do 210 m\u00b3. \u00dasporn\u00fd a v\u00fdkonn\u00fd krb.\" \/>\n<meta property=\"og:url\" content=\"https:\/\/kretz.cz\/en\/product\/flamen-alfa-50-hl\/\" \/>\n<meta property=\"og:site_name\" content=\"KRETZ.cz - krby a krbov\u00e1 kamna\" \/>\n<meta property=\"article:publisher\" content=\"https:\/\/www.facebook.com\/krbykretz\/\" \/>\n<meta property=\"article:modified_time\" content=\"2025-09-11T14:46:59+00:00\" \/>\n<meta property=\"og:image\" content=\"http:\/\/kretz.cz\/wp-content\/uploads\/2025\/07\/alfa-50-HL.jpg\" \/>\n\t<meta property=\"og:image:width\" content=\"458\" \/>\n\t<meta property=\"og:image:height\" content=\"458\" \/>\n\t<meta property=\"og:image:type\" content=\"image\/jpeg\" \/>\n<meta name=\"twitter:card\" content=\"summary_large_image\" \/>\n<meta name=\"twitter:label1\" content=\"Est. reading time\" \/>\n\t<meta name=\"twitter:data1\" content=\"1 minute\" \/>\n<script type=\"application\/ld+json\" class=\"yoast-schema-graph\">{\"@context\":\"https:\/\/schema.org\",\"@graph\":[{\"@type\":\"WebPage\",\"@id\":\"https:\/\/kretz.cz\/produkt\/flamen-alfa-50-hl\/\",\"url\":\"https:\/\/kretz.cz\/produkt\/flamen-alfa-50-hl\/\",\"name\":\"Flamen ALFA 50 HL - KRETZ.cz - krby a krbov\u00e1 kamna\",\"isPartOf\":{\"@id\":\"https:\/\/kretz.cz\/#website\"},\"primaryImageOfPage\":{\"@id\":\"https:\/\/kretz.cz\/produkt\/flamen-alfa-50-hl\/#primaryimage\"},\"image\":{\"@id\":\"https:\/\/kretz.cz\/produkt\/flamen-alfa-50-hl\/#primaryimage\"},\"thumbnailUrl\":\"https:\/\/kretz.cz\/wp-content\/uploads\/2025\/07\/alfa-50-HL.jpg\",\"datePublished\":\"2025-07-21T14:31:22+00:00\",\"dateModified\":\"2025-09-11T14:46:59+00:00\",\"breadcrumb\":{\"@id\":\"https:\/\/kretz.cz\/produkt\/flamen-alfa-50-hl\/#breadcrumb\"},\"inLanguage\":\"en-US\",\"potentialAction\":[{\"@type\":\"ReadAction\",\"target\":[\"https:\/\/kretz.cz\/produkt\/flamen-alfa-50-hl\/\"]}]},{\"@type\":\"ImageObject\",\"inLanguage\":\"en-US\",\"@id\":\"https:\/\/kretz.cz\/produkt\/flamen-alfa-50-hl\/#primaryimage\",\"url\":\"https:\/\/kretz.cz\/wp-content\/uploads\/2025\/07\/alfa-50-HL.jpg\",\"contentUrl\":\"https:\/\/kretz.cz\/wp-content\/uploads\/2025\/07\/alfa-50-HL.jpg\",\"width\":458,\"height\":458},{\"@type\":\"BreadcrumbList\",\"@id\":\"https:\/\/kretz.cz\/produkt\/flamen-alfa-50-hl\/#breadcrumb\",\"itemListElement\":[{\"@type\":\"ListItem\",\"position\":1,\"name\":\"Dom\u016f\",\"item\":\"https:\/\/kretz.cz\/\"},{\"@type\":\"ListItem\",\"position\":2,\"name\":\"Template &#8211; Sidebar &#8211; Archive pages\",\"item\":\"https:\/\/kretz.cz\/template-sidebar-archive-pages\/\"},{\"@type\":\"ListItem\",\"position\":3,\"name\":\"Flamen ALFA 50 HL\"}]},{\"@type\":\"WebSite\",\"@id\":\"https:\/\/kretz.cz\/#website\",\"url\":\"https:\/\/kretz.cz\/\",\"name\":\"KRETZ.cz - krby a krbov\u00e1 kamna\",\"description\":\"Jsme \u010desk\u00e1 spole\u010dnost p\u016fsob\u00edc\u00ed v oblasti v\u00fdroby a stroj\u00edrenstv\u00ed. Specializujeme se na v\u00fdrobu krbov\u00fdch vlo\u017eek a topen\u00e1\u0159sk\u00e9 techniky, z\u00e1rove\u0148 nab\u00edz\u00edme zak\u00e1zkovou stroj\u00edrenskou v\u00fdrobu. Realizujeme tak\u00e9 stavebn\u00ed projekty v\u010detn\u011b kovov\u00fdch konstrukc\u00ed. Na\u0161\u00ed p\u0159ednost\u00ed je kvalita, spolehlivost a individu\u00e1ln\u00ed p\u0159\u00edstup ke ka\u017ed\u00e9mu z\u00e1kazn\u00edkovi.\",\"potentialAction\":[{\"@type\":\"SearchAction\",\"target\":{\"@type\":\"EntryPoint\",\"urlTemplate\":\"https:\/\/kretz.cz\/?s={search_term_string}\"},\"query-input\":{\"@type\":\"PropertyValueSpecification\",\"valueRequired\":true,\"valueName\":\"search_term_string\"}}],\"inLanguage\":\"en-US\"}]}<\/script>\n<!-- \/ Yoast SEO plugin. -->","yoast_head_json":{"title":"Flamen ALFA 50 HL - KRETZ.cz - krby a krbov\u00e1 kamna","robots":{"index":"noindex","follow":"follow"},"og_locale":"en_US","og_type":"article","og_title":"Flamen ALFA 50 HL - KRETZ.cz - krby a krbov\u00e1 kamna","og_description":"ALFA 50 HL je elegantn\u00ed a kompaktn\u00ed \u0159e\u0161en\u00ed pro dom\u00e1cnosti do 210 m\u00b3. \u00dasporn\u00fd a v\u00fdkonn\u00fd krb.","og_url":"https:\/\/kretz.cz\/en\/product\/flamen-alfa-50-hl\/","og_site_name":"KRETZ.cz - krby a krbov\u00e1 kamna","article_publisher":"https:\/\/www.facebook.com\/krbykretz\/","article_modified_time":"2025-09-11T14:46:59+00:00","og_image":[{"width":458,"height":458,"url":"http:\/\/kretz.cz\/wp-content\/uploads\/2025\/07\/alfa-50-HL.jpg","type":"image\/jpeg"}],"twitter_card":"summary_large_image","twitter_misc":{"Est. reading time":"1 minute"},"schema":{"@context":"https:\/\/schema.org","@graph":[{"@type":"WebPage","@id":"https:\/\/kretz.cz\/produkt\/flamen-alfa-50-hl\/","url":"https:\/\/kretz.cz\/produkt\/flamen-alfa-50-hl\/","name":"Flamen ALFA 50 HL - KRETZ.cz - krby a krbov\u00e1 kamna","isPartOf":{"@id":"https:\/\/kretz.cz\/#website"},"primaryImageOfPage":{"@id":"https:\/\/kretz.cz\/produkt\/flamen-alfa-50-hl\/#primaryimage"},"image":{"@id":"https:\/\/kretz.cz\/produkt\/flamen-alfa-50-hl\/#primaryimage"},"thumbnailUrl":"https:\/\/kretz.cz\/wp-content\/uploads\/2025\/07\/alfa-50-HL.jpg","datePublished":"2025-07-21T14:31:22+00:00","dateModified":"2025-09-11T14:46:59+00:00","breadcrumb":{"@id":"https:\/\/kretz.cz\/produkt\/flamen-alfa-50-hl\/#breadcrumb"},"inLanguage":"en-US","potentialAction":[{"@type":"ReadAction","target":["https:\/\/kretz.cz\/produkt\/flamen-alfa-50-hl\/"]}]},{"@type":"ImageObject","inLanguage":"en-US","@id":"https:\/\/kretz.cz\/produkt\/flamen-alfa-50-hl\/#primaryimage","url":"https:\/\/kretz.cz\/wp-content\/uploads\/2025\/07\/alfa-50-HL.jpg","contentUrl":"https:\/\/kretz.cz\/wp-content\/uploads\/2025\/07\/alfa-50-HL.jpg","width":458,"height":458},{"@type":"BreadcrumbList","@id":"https:\/\/kretz.cz\/produkt\/flamen-alfa-50-hl\/#breadcrumb","itemListElement":[{"@type":"ListItem","position":1,"name":"Dom\u016f","item":"https:\/\/kretz.cz\/"},{"@type":"ListItem","position":2,"name":"Template &#8211; Sidebar &#8211; Archive pages","item":"https:\/\/kretz.cz\/template-sidebar-archive-pages\/"},{"@type":"ListItem","position":3,"name":"Flamen ALFA 50 HL"}]},{"@type":"WebSite","@id":"https:\/\/kretz.cz\/#website","url":"https:\/\/kretz.cz\/","name":"KRETZ.cz - krby a krbov\u00e1 kamna","description":"Jsme \u010desk\u00e1 spole\u010dnost p\u016fsob\u00edc\u00ed v oblasti v\u00fdroby a stroj\u00edrenstv\u00ed. Specializujeme se na v\u00fdrobu krbov\u00fdch vlo\u017eek a topen\u00e1\u0159sk\u00e9 techniky, z\u00e1rove\u0148 nab\u00edz\u00edme zak\u00e1zkovou stroj\u00edrenskou v\u00fdrobu. Realizujeme tak\u00e9 stavebn\u00ed projekty v\u010detn\u011b kovov\u00fdch konstrukc\u00ed. Na\u0161\u00ed p\u0159ednost\u00ed je kvalita, spolehlivost a individu\u00e1ln\u00ed p\u0159\u00edstup ke ka\u017ed\u00e9mu z\u00e1kazn\u00edkovi.","potentialAction":[{"@type":"SearchAction","target":{"@type":"EntryPoint","urlTemplate":"https:\/\/kretz.cz\/?s={search_term_string}"},"query-input":{"@type":"PropertyValueSpecification","valueRequired":true,"valueName":"search_term_string"}}],"inLanguage":"en-US"}]}},"jetpack_sharing_enabled":true,"_links":{"self":[{"href":"https:\/\/kretz.cz\/en\/wp-json\/wp\/v2\/product\/2317","targetHints":{"allow":["GET"]}}],"collection":[{"href":"https:\/\/kretz.cz\/en\/wp-json\/wp\/v2\/product"}],"about":[{"href":"https:\/\/kretz.cz\/en\/wp-json\/wp\/v2\/types\/product"}],"wp:featuredmedia":[{"embeddable":true,"href":"https:\/\/kretz.cz\/en\/wp-json\/wp\/v2\/media\/2304"}],"wp:attachment":[{"href":"https:\/\/kretz.cz\/en\/wp-json\/wp\/v2\/media?parent=2317"}],"wp:term":[{"taxonomy":"product_brand","embeddable":true,"href":"https:\/\/kretz.cz\/en\/wp-json\/wp\/v2\/product_brand?post=2317"},{"taxonomy":"product_cat","embeddable":true,"href":"https:\/\/kretz.cz\/en\/wp-json\/wp\/v2\/product_cat?post=2317"},{"taxonomy":"product_tag","embeddable":true,"href":"https:\/\/kretz.cz\/en\/wp-json\/wp\/v2\/product_tag?post=2317"}],"curies":[{"name":"wp","href":"https:\/\/api.w.org\/{rel}","templated":true}]}}