{"id":2235,"date":"2025-05-30T09:05:43","date_gmt":"2025-05-30T09:05:43","guid":{"rendered":"https:\/\/kretz.cz\/produkt\/kotel-wally-combi-s5-300\/"},"modified":"2025-05-30T09:05:44","modified_gmt":"2025-05-30T09:05:44","slug":"kotel-wally-combi-s5-300","status":"publish","type":"product","link":"https:\/\/kretz.cz\/en\/product\/kotel-wally-combi-s5-300\/","title":{"rendered":"Boiler WALLY COMBI S5 - 300"},"content":{"rendered":"<p>The WALLY COMBI S5 - 300 is a high-performance cast iron pellet boiler designed for efficient heating of larger buildings. It offers a nominal output of up to 28.9 kW and efficiency of 89.7%, ensuring economical operation. With an output regulation range of 8.2-28.9 kW, it is suitable for heated spaces of 120-200 m\u00b3. Flue gas temperatures are around 147 \u00b0C, and the recommended chimney draft is 15-25 Pa. The boiler has a maximum working pressure of 4 bar, a heat exchanger volume of 52 liters, and a height including the controller of 1490 mm. Practical dimensions and a high-quality cast iron construction guarantee long service life and reliable operation. An ideal choice for those seeking a robust, powerful, and eco-friendly heat source.<\/p>","protected":false},"excerpt":{"rendered":"<p>Cast iron automatic pellet boiler with an output of up to 28.9 kW, ideal for efficient heating of larger spaces.<\/p>","protected":false},"featured_media":2232,"template":"","meta":[],"product_brand":[100],"product_cat":[304],"product_tag":[],"class_list":{"0":"post-2235","1":"product","2":"type-product","3":"status-publish","4":"has-post-thumbnail","6":"product_brand-kretz","7":"product_cat-litinove-kotle-peletove","8":"pa_doporuceny-tah-komina-15-25-pa","9":"pa_efektivnost-89-7","10":"pa_hloubka-kotle-936-mm","11":"pa_jmenovity-vykon-ekohrasek-289-kw","12":"pa_objem-vody-52-dm3","13":"pa_prumer-odtoku-vyfuku-147-mm","14":"pa_rozsah-regulace-vykonu-82-289-kw","15":"pa_sirka-kotle-se-zasobnikem-1-260-mm","16":"pa_teplota-spalin-120-200-c","17":"pa_vyska-kourovodu-1-300-mm","18":"pa_vyska-s-ovladacem-1-490-mm","19":"description-off","21":"first","22":"instock","23":"product-type-simple"},"yoast_head":"<!-- This site is optimized with the Yoast SEO plugin v25.9 - https:\/\/yoast.com\/wordpress\/plugins\/seo\/ -->\n<title>Kotel WALLY COMBI S5 - 300 - KRETZ.cz - krby a krbov\u00e1 kamna<\/title>\n<meta name=\"robots\" content=\"noindex, follow\" \/>\n<meta property=\"og:locale\" content=\"en_US\" \/>\n<meta property=\"og:type\" content=\"article\" \/>\n<meta property=\"og:title\" content=\"Kotel WALLY COMBI S5 - 300 - KRETZ.cz - krby a krbov\u00e1 kamna\" \/>\n<meta property=\"og:description\" content=\"Litinov\u00fd automatick\u00fd kotel na pelety s v\u00fdkonem a\u017e 28,9 kW, ide\u00e1ln\u00ed pro efektivn\u00ed vyt\u00e1p\u011bn\u00ed v\u011bt\u0161\u00edch prostor.\" \/>\n<meta property=\"og:url\" content=\"https:\/\/kretz.cz\/en\/product\/kotel-wally-combi-s5-300\/\" \/>\n<meta property=\"og:site_name\" content=\"KRETZ.cz - krby a krbov\u00e1 kamna\" \/>\n<meta property=\"article:publisher\" content=\"https:\/\/www.facebook.com\/krbykretz\/\" \/>\n<meta property=\"article:modified_time\" content=\"2025-05-30T09:05:44+00:00\" \/>\n<meta property=\"og:image\" content=\"https:\/\/kretz.cz\/wp-content\/uploads\/2025\/05\/KRETZ-Wally-combi-1.jpg\" \/>\n\t<meta property=\"og:image:width\" content=\"458\" \/>\n\t<meta property=\"og:image:height\" content=\"458\" \/>\n\t<meta property=\"og:image:type\" content=\"image\/jpeg\" \/>\n<meta name=\"twitter:card\" content=\"summary_large_image\" \/>\n<meta name=\"twitter:label1\" content=\"Est. reading time\" \/>\n\t<meta name=\"twitter:data1\" content=\"1 minute\" \/>\n<script type=\"application\/ld+json\" class=\"yoast-schema-graph\">{\"@context\":\"https:\/\/schema.org\",\"@graph\":[{\"@type\":\"WebPage\",\"@id\":\"https:\/\/kretz.cz\/produkt\/kotel-wally-combi-s5-300\/\",\"url\":\"https:\/\/kretz.cz\/produkt\/kotel-wally-combi-s5-300\/\",\"name\":\"Kotel WALLY COMBI S5 - 300 - KRETZ.cz - krby a krbov\u00e1 kamna\",\"isPartOf\":{\"@id\":\"https:\/\/kretz.cz\/#website\"},\"primaryImageOfPage\":{\"@id\":\"https:\/\/kretz.cz\/produkt\/kotel-wally-combi-s5-300\/#primaryimage\"},\"image\":{\"@id\":\"https:\/\/kretz.cz\/produkt\/kotel-wally-combi-s5-300\/#primaryimage\"},\"thumbnailUrl\":\"https:\/\/kretz.cz\/wp-content\/uploads\/2025\/05\/KRETZ-Wally-combi-1.jpg\",\"datePublished\":\"2025-05-30T09:05:43+00:00\",\"dateModified\":\"2025-05-30T09:05:44+00:00\",\"breadcrumb\":{\"@id\":\"https:\/\/kretz.cz\/produkt\/kotel-wally-combi-s5-300\/#breadcrumb\"},\"inLanguage\":\"en-US\",\"potentialAction\":[{\"@type\":\"ReadAction\",\"target\":[\"https:\/\/kretz.cz\/produkt\/kotel-wally-combi-s5-300\/\"]}]},{\"@type\":\"ImageObject\",\"inLanguage\":\"en-US\",\"@id\":\"https:\/\/kretz.cz\/produkt\/kotel-wally-combi-s5-300\/#primaryimage\",\"url\":\"https:\/\/kretz.cz\/wp-content\/uploads\/2025\/05\/KRETZ-Wally-combi-1.jpg\",\"contentUrl\":\"https:\/\/kretz.cz\/wp-content\/uploads\/2025\/05\/KRETZ-Wally-combi-1.jpg\",\"width\":458,\"height\":458},{\"@type\":\"BreadcrumbList\",\"@id\":\"https:\/\/kretz.cz\/produkt\/kotel-wally-combi-s5-300\/#breadcrumb\",\"itemListElement\":[{\"@type\":\"ListItem\",\"position\":1,\"name\":\"Dom\u016f\",\"item\":\"https:\/\/kretz.cz\/\"},{\"@type\":\"ListItem\",\"position\":2,\"name\":\"Template &#8211; Sidebar &#8211; Archive pages\",\"item\":\"https:\/\/kretz.cz\/template-sidebar-archive-pages\/\"},{\"@type\":\"ListItem\",\"position\":3,\"name\":\"Kotel WALLY COMBI S5 &#8211; 300\"}]},{\"@type\":\"WebSite\",\"@id\":\"https:\/\/kretz.cz\/#website\",\"url\":\"https:\/\/kretz.cz\/\",\"name\":\"KRETZ.cz - krby a krbov\u00e1 kamna\",\"description\":\"Jsme \u010desk\u00e1 spole\u010dnost p\u016fsob\u00edc\u00ed v oblasti v\u00fdroby a stroj\u00edrenstv\u00ed. Specializujeme se na v\u00fdrobu krbov\u00fdch vlo\u017eek a topen\u00e1\u0159sk\u00e9 techniky, z\u00e1rove\u0148 nab\u00edz\u00edme zak\u00e1zkovou stroj\u00edrenskou v\u00fdrobu. Realizujeme tak\u00e9 stavebn\u00ed projekty v\u010detn\u011b kovov\u00fdch konstrukc\u00ed. Na\u0161\u00ed p\u0159ednost\u00ed je kvalita, spolehlivost a individu\u00e1ln\u00ed p\u0159\u00edstup ke ka\u017ed\u00e9mu z\u00e1kazn\u00edkovi.\",\"potentialAction\":[{\"@type\":\"SearchAction\",\"target\":{\"@type\":\"EntryPoint\",\"urlTemplate\":\"https:\/\/kretz.cz\/?s={search_term_string}\"},\"query-input\":{\"@type\":\"PropertyValueSpecification\",\"valueRequired\":true,\"valueName\":\"search_term_string\"}}],\"inLanguage\":\"en-US\"}]}<\/script>\n<!-- \/ Yoast SEO plugin. -->","yoast_head_json":{"title":"Kotel WALLY COMBI S5 - 300 - KRETZ.cz - krby a krbov\u00e1 kamna","robots":{"index":"noindex","follow":"follow"},"og_locale":"en_US","og_type":"article","og_title":"Kotel WALLY COMBI S5 - 300 - KRETZ.cz - krby a krbov\u00e1 kamna","og_description":"Litinov\u00fd automatick\u00fd kotel na pelety s v\u00fdkonem a\u017e 28,9 kW, ide\u00e1ln\u00ed pro efektivn\u00ed vyt\u00e1p\u011bn\u00ed v\u011bt\u0161\u00edch prostor.","og_url":"https:\/\/kretz.cz\/en\/product\/kotel-wally-combi-s5-300\/","og_site_name":"KRETZ.cz - krby a krbov\u00e1 kamna","article_publisher":"https:\/\/www.facebook.com\/krbykretz\/","article_modified_time":"2025-05-30T09:05:44+00:00","og_image":[{"width":458,"height":458,"url":"https:\/\/kretz.cz\/wp-content\/uploads\/2025\/05\/KRETZ-Wally-combi-1.jpg","type":"image\/jpeg"}],"twitter_card":"summary_large_image","twitter_misc":{"Est. reading time":"1 minute"},"schema":{"@context":"https:\/\/schema.org","@graph":[{"@type":"WebPage","@id":"https:\/\/kretz.cz\/produkt\/kotel-wally-combi-s5-300\/","url":"https:\/\/kretz.cz\/produkt\/kotel-wally-combi-s5-300\/","name":"Kotel WALLY COMBI S5 - 300 - KRETZ.cz - krby a krbov\u00e1 kamna","isPartOf":{"@id":"https:\/\/kretz.cz\/#website"},"primaryImageOfPage":{"@id":"https:\/\/kretz.cz\/produkt\/kotel-wally-combi-s5-300\/#primaryimage"},"image":{"@id":"https:\/\/kretz.cz\/produkt\/kotel-wally-combi-s5-300\/#primaryimage"},"thumbnailUrl":"https:\/\/kretz.cz\/wp-content\/uploads\/2025\/05\/KRETZ-Wally-combi-1.jpg","datePublished":"2025-05-30T09:05:43+00:00","dateModified":"2025-05-30T09:05:44+00:00","breadcrumb":{"@id":"https:\/\/kretz.cz\/produkt\/kotel-wally-combi-s5-300\/#breadcrumb"},"inLanguage":"en-US","potentialAction":[{"@type":"ReadAction","target":["https:\/\/kretz.cz\/produkt\/kotel-wally-combi-s5-300\/"]}]},{"@type":"ImageObject","inLanguage":"en-US","@id":"https:\/\/kretz.cz\/produkt\/kotel-wally-combi-s5-300\/#primaryimage","url":"https:\/\/kretz.cz\/wp-content\/uploads\/2025\/05\/KRETZ-Wally-combi-1.jpg","contentUrl":"https:\/\/kretz.cz\/wp-content\/uploads\/2025\/05\/KRETZ-Wally-combi-1.jpg","width":458,"height":458},{"@type":"BreadcrumbList","@id":"https:\/\/kretz.cz\/produkt\/kotel-wally-combi-s5-300\/#breadcrumb","itemListElement":[{"@type":"ListItem","position":1,"name":"Dom\u016f","item":"https:\/\/kretz.cz\/"},{"@type":"ListItem","position":2,"name":"Template &#8211; Sidebar &#8211; Archive pages","item":"https:\/\/kretz.cz\/template-sidebar-archive-pages\/"},{"@type":"ListItem","position":3,"name":"Kotel WALLY COMBI S5 &#8211; 300"}]},{"@type":"WebSite","@id":"https:\/\/kretz.cz\/#website","url":"https:\/\/kretz.cz\/","name":"KRETZ.cz - krby a krbov\u00e1 kamna","description":"Jsme \u010desk\u00e1 spole\u010dnost p\u016fsob\u00edc\u00ed v oblasti v\u00fdroby a stroj\u00edrenstv\u00ed. Specializujeme se na v\u00fdrobu krbov\u00fdch vlo\u017eek a topen\u00e1\u0159sk\u00e9 techniky, z\u00e1rove\u0148 nab\u00edz\u00edme zak\u00e1zkovou stroj\u00edrenskou v\u00fdrobu. Realizujeme tak\u00e9 stavebn\u00ed projekty v\u010detn\u011b kovov\u00fdch konstrukc\u00ed. Na\u0161\u00ed p\u0159ednost\u00ed je kvalita, spolehlivost a individu\u00e1ln\u00ed p\u0159\u00edstup ke ka\u017ed\u00e9mu z\u00e1kazn\u00edkovi.","potentialAction":[{"@type":"SearchAction","target":{"@type":"EntryPoint","urlTemplate":"https:\/\/kretz.cz\/?s={search_term_string}"},"query-input":{"@type":"PropertyValueSpecification","valueRequired":true,"valueName":"search_term_string"}}],"inLanguage":"en-US"}]}},"jetpack_sharing_enabled":true,"_links":{"self":[{"href":"https:\/\/kretz.cz\/en\/wp-json\/wp\/v2\/product\/2235","targetHints":{"allow":["GET"]}}],"collection":[{"href":"https:\/\/kretz.cz\/en\/wp-json\/wp\/v2\/product"}],"about":[{"href":"https:\/\/kretz.cz\/en\/wp-json\/wp\/v2\/types\/product"}],"wp:featuredmedia":[{"embeddable":true,"href":"https:\/\/kretz.cz\/en\/wp-json\/wp\/v2\/media\/2232"}],"wp:attachment":[{"href":"https:\/\/kretz.cz\/en\/wp-json\/wp\/v2\/media?parent=2235"}],"wp:term":[{"taxonomy":"product_brand","embeddable":true,"href":"https:\/\/kretz.cz\/en\/wp-json\/wp\/v2\/product_brand?post=2235"},{"taxonomy":"product_cat","embeddable":true,"href":"https:\/\/kretz.cz\/en\/wp-json\/wp\/v2\/product_cat?post=2235"},{"taxonomy":"product_tag","embeddable":true,"href":"https:\/\/kretz.cz\/en\/wp-json\/wp\/v2\/product_tag?post=2235"}],"curies":[{"name":"wp","href":"https:\/\/api.w.org\/{rel}","templated":true}]}}