{"id":2212,"date":"2025-05-30T07:42:04","date_gmt":"2025-05-30T07:42:04","guid":{"rendered":"https:\/\/kretz.cz\/produkt\/kotel-iron-x10\/"},"modified":"2025-09-12T11:18:35","modified_gmt":"2025-09-12T11:18:35","slug":"kotel-iron-x10","status":"publish","type":"product","link":"https:\/\/kretz.cz\/en\/product\/kotel-iron-x10\/","title":{"rendered":"Boiler IRON X10"},"content":{"rendered":"<p>The IRON X10 water-heating fireplace is an ideal choice for small to medium-sized residential spaces. Made of durable boiler steel, it features a grate-free combustion chamber and delivers an output of 10.2 kW. With an efficiency of 90.6%, it ensures maximum fuel utilization and comfortable operation. Measuring 592mm in width and equipped with an 82-liter heat exchanger, it is compact yet powerful. It also includes a cooling loop for enhanced safety and operational stability.<\/p>","protected":false},"excerpt":{"rendered":"<p>Compact IRON X10 water-heating fireplace with an output of 10.2 kW and high efficiency of 90.6%, suitable for heating spaces up to 150 m\u00b3.<\/p>","protected":false},"featured_media":2208,"template":"","meta":[],"product_brand":[100],"product_cat":[248,254],"product_tag":[],"class_list":{"0":"post-2212","1":"product","2":"type-product","3":"status-publish","4":"has-post-thumbnail","6":"product_brand-kretz","7":"product_cat-kotle","8":"product_cat-ocelove-kotle-drevo-uhli-kox","9":"pa_bezrostove-topeniste-ne","10":"pa_objem-vodniho-vymeniku-l-255","11":"pa_ochlazovaci-smycka-ano","12":"pa_regulovatelny-vykon-102-kw","13":"pa_sirka-krbu-592-mm","14":"pa_topeniste-zarova-ocel","15":"pa_vytapeny-prostor-m3-258","16":"description-off","18":"first","19":"instock","20":"product-type-simple"},"yoast_head":"<!-- This site is optimized with the Yoast SEO plugin v25.9 - https:\/\/yoast.com\/wordpress\/plugins\/seo\/ -->\n<title>Kotel IRON X10 - KRETZ.cz - krby a krbov\u00e1 kamna<\/title>\n<meta name=\"robots\" content=\"noindex, follow\" \/>\n<meta property=\"og:locale\" content=\"en_US\" \/>\n<meta property=\"og:type\" content=\"article\" \/>\n<meta property=\"og:title\" content=\"Kotel IRON X10 - KRETZ.cz - krby a krbov\u00e1 kamna\" \/>\n<meta property=\"og:description\" content=\"Kompaktn\u00ed teplovodn\u00ed krb IRON X10 s v\u00fdkonem 10,2 kW a vysokou \u00fa\u010dinnost\u00ed 90,6 % pro vyt\u00e1p\u011bn\u00ed a\u017e 150 m\u00b3.\" \/>\n<meta property=\"og:url\" content=\"https:\/\/kretz.cz\/en\/product\/kotel-iron-x10\/\" \/>\n<meta property=\"og:site_name\" content=\"KRETZ.cz - krby a krbov\u00e1 kamna\" \/>\n<meta property=\"article:publisher\" content=\"https:\/\/www.facebook.com\/krbykretz\/\" \/>\n<meta property=\"article:modified_time\" content=\"2025-09-12T11:18:35+00:00\" \/>\n<meta property=\"og:image\" content=\"https:\/\/kretz.cz\/wp-content\/uploads\/2025\/05\/KRETZ-iron.jpg\" \/>\n\t<meta property=\"og:image:width\" content=\"458\" \/>\n\t<meta property=\"og:image:height\" content=\"458\" \/>\n\t<meta property=\"og:image:type\" content=\"image\/jpeg\" \/>\n<meta name=\"twitter:card\" content=\"summary_large_image\" \/>\n<script type=\"application\/ld+json\" class=\"yoast-schema-graph\">{\"@context\":\"https:\/\/schema.org\",\"@graph\":[{\"@type\":\"WebPage\",\"@id\":\"https:\/\/kretz.cz\/produkt\/kotel-iron-x10\/\",\"url\":\"https:\/\/kretz.cz\/produkt\/kotel-iron-x10\/\",\"name\":\"Kotel IRON X10 - KRETZ.cz - krby a krbov\u00e1 kamna\",\"isPartOf\":{\"@id\":\"https:\/\/kretz.cz\/#website\"},\"primaryImageOfPage\":{\"@id\":\"https:\/\/kretz.cz\/produkt\/kotel-iron-x10\/#primaryimage\"},\"image\":{\"@id\":\"https:\/\/kretz.cz\/produkt\/kotel-iron-x10\/#primaryimage\"},\"thumbnailUrl\":\"https:\/\/kretz.cz\/wp-content\/uploads\/2025\/05\/KRETZ-iron.jpg\",\"datePublished\":\"2025-05-30T07:42:04+00:00\",\"dateModified\":\"2025-09-12T11:18:35+00:00\",\"breadcrumb\":{\"@id\":\"https:\/\/kretz.cz\/produkt\/kotel-iron-x10\/#breadcrumb\"},\"inLanguage\":\"en-US\",\"potentialAction\":[{\"@type\":\"ReadAction\",\"target\":[\"https:\/\/kretz.cz\/produkt\/kotel-iron-x10\/\"]}]},{\"@type\":\"ImageObject\",\"inLanguage\":\"en-US\",\"@id\":\"https:\/\/kretz.cz\/produkt\/kotel-iron-x10\/#primaryimage\",\"url\":\"https:\/\/kretz.cz\/wp-content\/uploads\/2025\/05\/KRETZ-iron.jpg\",\"contentUrl\":\"https:\/\/kretz.cz\/wp-content\/uploads\/2025\/05\/KRETZ-iron.jpg\",\"width\":458,\"height\":458},{\"@type\":\"BreadcrumbList\",\"@id\":\"https:\/\/kretz.cz\/produkt\/kotel-iron-x10\/#breadcrumb\",\"itemListElement\":[{\"@type\":\"ListItem\",\"position\":1,\"name\":\"Dom\u016f\",\"item\":\"https:\/\/kretz.cz\/\"},{\"@type\":\"ListItem\",\"position\":2,\"name\":\"Template &#8211; Sidebar &#8211; Archive pages\",\"item\":\"https:\/\/kretz.cz\/template-sidebar-archive-pages\/\"},{\"@type\":\"ListItem\",\"position\":3,\"name\":\"Kotel IRON X10\"}]},{\"@type\":\"WebSite\",\"@id\":\"https:\/\/kretz.cz\/#website\",\"url\":\"https:\/\/kretz.cz\/\",\"name\":\"KRETZ.cz - krby a krbov\u00e1 kamna\",\"description\":\"Jsme \u010desk\u00e1 spole\u010dnost p\u016fsob\u00edc\u00ed v oblasti v\u00fdroby a stroj\u00edrenstv\u00ed. Specializujeme se na v\u00fdrobu krbov\u00fdch vlo\u017eek a topen\u00e1\u0159sk\u00e9 techniky, z\u00e1rove\u0148 nab\u00edz\u00edme zak\u00e1zkovou stroj\u00edrenskou v\u00fdrobu. Realizujeme tak\u00e9 stavebn\u00ed projekty v\u010detn\u011b kovov\u00fdch konstrukc\u00ed. Na\u0161\u00ed p\u0159ednost\u00ed je kvalita, spolehlivost a individu\u00e1ln\u00ed p\u0159\u00edstup ke ka\u017ed\u00e9mu z\u00e1kazn\u00edkovi.\",\"potentialAction\":[{\"@type\":\"SearchAction\",\"target\":{\"@type\":\"EntryPoint\",\"urlTemplate\":\"https:\/\/kretz.cz\/?s={search_term_string}\"},\"query-input\":{\"@type\":\"PropertyValueSpecification\",\"valueRequired\":true,\"valueName\":\"search_term_string\"}}],\"inLanguage\":\"en-US\"}]}<\/script>\n<!-- \/ Yoast SEO plugin. -->","yoast_head_json":{"title":"Kotel IRON X10 - KRETZ.cz - krby a krbov\u00e1 kamna","robots":{"index":"noindex","follow":"follow"},"og_locale":"en_US","og_type":"article","og_title":"Kotel IRON X10 - KRETZ.cz - krby a krbov\u00e1 kamna","og_description":"Kompaktn\u00ed teplovodn\u00ed krb IRON X10 s v\u00fdkonem 10,2 kW a vysokou \u00fa\u010dinnost\u00ed 90,6 % pro vyt\u00e1p\u011bn\u00ed a\u017e 150 m\u00b3.","og_url":"https:\/\/kretz.cz\/en\/product\/kotel-iron-x10\/","og_site_name":"KRETZ.cz - krby a krbov\u00e1 kamna","article_publisher":"https:\/\/www.facebook.com\/krbykretz\/","article_modified_time":"2025-09-12T11:18:35+00:00","og_image":[{"width":458,"height":458,"url":"https:\/\/kretz.cz\/wp-content\/uploads\/2025\/05\/KRETZ-iron.jpg","type":"image\/jpeg"}],"twitter_card":"summary_large_image","schema":{"@context":"https:\/\/schema.org","@graph":[{"@type":"WebPage","@id":"https:\/\/kretz.cz\/produkt\/kotel-iron-x10\/","url":"https:\/\/kretz.cz\/produkt\/kotel-iron-x10\/","name":"Kotel IRON X10 - KRETZ.cz - krby a krbov\u00e1 kamna","isPartOf":{"@id":"https:\/\/kretz.cz\/#website"},"primaryImageOfPage":{"@id":"https:\/\/kretz.cz\/produkt\/kotel-iron-x10\/#primaryimage"},"image":{"@id":"https:\/\/kretz.cz\/produkt\/kotel-iron-x10\/#primaryimage"},"thumbnailUrl":"https:\/\/kretz.cz\/wp-content\/uploads\/2025\/05\/KRETZ-iron.jpg","datePublished":"2025-05-30T07:42:04+00:00","dateModified":"2025-09-12T11:18:35+00:00","breadcrumb":{"@id":"https:\/\/kretz.cz\/produkt\/kotel-iron-x10\/#breadcrumb"},"inLanguage":"en-US","potentialAction":[{"@type":"ReadAction","target":["https:\/\/kretz.cz\/produkt\/kotel-iron-x10\/"]}]},{"@type":"ImageObject","inLanguage":"en-US","@id":"https:\/\/kretz.cz\/produkt\/kotel-iron-x10\/#primaryimage","url":"https:\/\/kretz.cz\/wp-content\/uploads\/2025\/05\/KRETZ-iron.jpg","contentUrl":"https:\/\/kretz.cz\/wp-content\/uploads\/2025\/05\/KRETZ-iron.jpg","width":458,"height":458},{"@type":"BreadcrumbList","@id":"https:\/\/kretz.cz\/produkt\/kotel-iron-x10\/#breadcrumb","itemListElement":[{"@type":"ListItem","position":1,"name":"Dom\u016f","item":"https:\/\/kretz.cz\/"},{"@type":"ListItem","position":2,"name":"Template &#8211; Sidebar &#8211; Archive pages","item":"https:\/\/kretz.cz\/template-sidebar-archive-pages\/"},{"@type":"ListItem","position":3,"name":"Kotel IRON X10"}]},{"@type":"WebSite","@id":"https:\/\/kretz.cz\/#website","url":"https:\/\/kretz.cz\/","name":"KRETZ.cz - krby a krbov\u00e1 kamna","description":"Jsme \u010desk\u00e1 spole\u010dnost p\u016fsob\u00edc\u00ed v oblasti v\u00fdroby a stroj\u00edrenstv\u00ed. Specializujeme se na v\u00fdrobu krbov\u00fdch vlo\u017eek a topen\u00e1\u0159sk\u00e9 techniky, z\u00e1rove\u0148 nab\u00edz\u00edme zak\u00e1zkovou stroj\u00edrenskou v\u00fdrobu. Realizujeme tak\u00e9 stavebn\u00ed projekty v\u010detn\u011b kovov\u00fdch konstrukc\u00ed. Na\u0161\u00ed p\u0159ednost\u00ed je kvalita, spolehlivost a individu\u00e1ln\u00ed p\u0159\u00edstup ke ka\u017ed\u00e9mu z\u00e1kazn\u00edkovi.","potentialAction":[{"@type":"SearchAction","target":{"@type":"EntryPoint","urlTemplate":"https:\/\/kretz.cz\/?s={search_term_string}"},"query-input":{"@type":"PropertyValueSpecification","valueRequired":true,"valueName":"search_term_string"}}],"inLanguage":"en-US"}]}},"jetpack_sharing_enabled":true,"_links":{"self":[{"href":"https:\/\/kretz.cz\/en\/wp-json\/wp\/v2\/product\/2212","targetHints":{"allow":["GET"]}}],"collection":[{"href":"https:\/\/kretz.cz\/en\/wp-json\/wp\/v2\/product"}],"about":[{"href":"https:\/\/kretz.cz\/en\/wp-json\/wp\/v2\/types\/product"}],"wp:featuredmedia":[{"embeddable":true,"href":"https:\/\/kretz.cz\/en\/wp-json\/wp\/v2\/media\/2208"}],"wp:attachment":[{"href":"https:\/\/kretz.cz\/en\/wp-json\/wp\/v2\/media?parent=2212"}],"wp:term":[{"taxonomy":"product_brand","embeddable":true,"href":"https:\/\/kretz.cz\/en\/wp-json\/wp\/v2\/product_brand?post=2212"},{"taxonomy":"product_cat","embeddable":true,"href":"https:\/\/kretz.cz\/en\/wp-json\/wp\/v2\/product_cat?post=2212"},{"taxonomy":"product_tag","embeddable":true,"href":"https:\/\/kretz.cz\/en\/wp-json\/wp\/v2\/product_tag?post=2212"}],"curies":[{"name":"wp","href":"https:\/\/api.w.org\/{rel}","templated":true}]}}