{"id":2056,"date":"2025-05-25T18:38:12","date_gmt":"2025-05-25T18:38:12","guid":{"rendered":"https:\/\/kretz.cz\/produkt\/biokrb-madrid-pravy\/"},"modified":"2026-02-15T21:29:52","modified_gmt":"2026-02-15T21:29:52","slug":"biokrb-madrid-pravy","status":"publish","type":"product","link":"https:\/\/kretz.cz\/en\/product\/biokrb-madrid-pravy\/","title":{"rendered":"Bio-fireplace MADRID RIGHT"},"content":{"rendered":"<p>Rohov\u00fd biokrb KRETZ Madrid Prav\u00fd s rohov\u00fdm prosklen\u00edm, v\u00fdkonem 2,5 kW a \u0161\u00ed\u0159kou 902 mm nab\u00edz\u00ed luxusn\u00ed atmosf\u00e9ru v prav\u00e9m rohu m\u00edstnosti.<\/p>","protected":false},"excerpt":{"rendered":"<p>KRETZ Madrid Prav\u00fd je rohov\u00fd biokrb navr\u017een\u00fd pro prav\u00fd roh m\u00edstnosti. D\u00edky rohov\u00e9mu prosklen\u00ed nab\u00edz\u00ed \u0161irok\u00fd pohled na plamen z r\u016fzn\u00fdch \u00fahl\u016f. V\u00fdkon 2,5 kW a \u0161\u00ed\u0159ka 902 mm zajist\u00ed dostatek tepeln\u00e9ho komfortu i atraktivn\u00ed vizu\u00e1ln\u00ed dojem. Nerezov\u00fd dekor krbu podtrhuje modern\u00ed design. S hmotnost\u00ed 38,5 kg se snadno instaluje a nevy\u017eaduje \u017e\u00e1dn\u00fd kom\u00edn.<\/p>","protected":false},"featured_media":1694,"template":"","meta":[],"product_brand":[100],"product_cat":[241],"product_tag":[],"class_list":{"0":"post-2056","1":"product","2":"type-product","3":"status-publish","4":"has-post-thumbnail","6":"product_brand-kretz","7":"product_cat-biokrby","8":"pa_hmotnost-385-kg","9":"pa_regulovatelny-vykon-25-kw","10":"pa_sirka-krbu-902-mm","11":"pa_topeniste-nerez","12":"description-off","14":"first","15":"instock","16":"product-type-simple"},"yoast_head":"<!-- This site is optimized with the Yoast SEO plugin v25.9 - https:\/\/yoast.com\/wordpress\/plugins\/seo\/ -->\n<title>Biokrb MADRID PRAV\u00dd - KRETZ.cz - krby a krbov\u00e1 kamna<\/title>\n<meta name=\"robots\" content=\"noindex, follow\" \/>\n<meta property=\"og:locale\" content=\"en_US\" \/>\n<meta property=\"og:type\" content=\"article\" \/>\n<meta property=\"og:title\" content=\"Biokrb MADRID PRAV\u00dd - KRETZ.cz - krby a krbov\u00e1 kamna\" \/>\n<meta property=\"og:description\" content=\"KRETZ Madrid Prav\u00fd je rohov\u00fd biokrb navr\u017een\u00fd pro prav\u00fd roh m\u00edstnosti. D\u00edky rohov\u00e9mu prosklen\u00ed nab\u00edz\u00ed \u0161irok\u00fd pohled na plamen z r\u016fzn\u00fdch \u00fahl\u016f. V\u00fdkon 2,5 kW a \u0161\u00ed\u0159ka 902 mm zajist\u00ed dostatek tepeln\u00e9ho komfortu i atraktivn\u00ed vizu\u00e1ln\u00ed dojem. Nerezov\u00fd dekor krbu podtrhuje modern\u00ed design. S hmotnost\u00ed 38,5 kg se snadno instaluje a nevy\u017eaduje \u017e\u00e1dn\u00fd kom\u00edn.\" \/>\n<meta property=\"og:url\" content=\"https:\/\/kretz.cz\/en\/product\/biokrb-madrid-pravy\/\" \/>\n<meta property=\"og:site_name\" content=\"KRETZ.cz - krby a krbov\u00e1 kamna\" \/>\n<meta property=\"article:publisher\" content=\"https:\/\/www.facebook.com\/krbykretz\/\" \/>\n<meta property=\"article:modified_time\" content=\"2026-02-15T21:29:52+00:00\" \/>\n<meta property=\"og:image\" content=\"http:\/\/kretz.cz\/wp-content\/uploads\/2025\/05\/KRETZ-Madrid-P.1.jpg\" \/>\n\t<meta property=\"og:image:width\" content=\"1200\" \/>\n\t<meta property=\"og:image:height\" content=\"1200\" \/>\n\t<meta property=\"og:image:type\" content=\"image\/jpeg\" \/>\n<meta name=\"twitter:card\" content=\"summary_large_image\" \/>\n<meta name=\"twitter:label1\" content=\"Est. reading time\" \/>\n\t<meta name=\"twitter:data1\" content=\"1 minute\" \/>\n<script type=\"application\/ld+json\" class=\"yoast-schema-graph\">{\"@context\":\"https:\/\/schema.org\",\"@graph\":[{\"@type\":\"WebPage\",\"@id\":\"https:\/\/kretz.cz\/produkt\/biokrb-madrid-pravy\/\",\"url\":\"https:\/\/kretz.cz\/produkt\/biokrb-madrid-pravy\/\",\"name\":\"Biokrb MADRID PRAV\u00dd - KRETZ.cz - krby a krbov\u00e1 kamna\",\"isPartOf\":{\"@id\":\"https:\/\/kretz.cz\/#website\"},\"primaryImageOfPage\":{\"@id\":\"https:\/\/kretz.cz\/produkt\/biokrb-madrid-pravy\/#primaryimage\"},\"image\":{\"@id\":\"https:\/\/kretz.cz\/produkt\/biokrb-madrid-pravy\/#primaryimage\"},\"thumbnailUrl\":\"https:\/\/kretz.cz\/wp-content\/uploads\/2025\/05\/KRETZ-Madrid-P.1.jpg\",\"datePublished\":\"2025-05-25T18:38:12+00:00\",\"dateModified\":\"2026-02-15T21:29:52+00:00\",\"breadcrumb\":{\"@id\":\"https:\/\/kretz.cz\/produkt\/biokrb-madrid-pravy\/#breadcrumb\"},\"inLanguage\":\"en-US\",\"potentialAction\":[{\"@type\":\"ReadAction\",\"target\":[\"https:\/\/kretz.cz\/produkt\/biokrb-madrid-pravy\/\"]}]},{\"@type\":\"ImageObject\",\"inLanguage\":\"en-US\",\"@id\":\"https:\/\/kretz.cz\/produkt\/biokrb-madrid-pravy\/#primaryimage\",\"url\":\"https:\/\/kretz.cz\/wp-content\/uploads\/2025\/05\/KRETZ-Madrid-P.1.jpg\",\"contentUrl\":\"https:\/\/kretz.cz\/wp-content\/uploads\/2025\/05\/KRETZ-Madrid-P.1.jpg\",\"width\":1200,\"height\":1200},{\"@type\":\"BreadcrumbList\",\"@id\":\"https:\/\/kretz.cz\/produkt\/biokrb-madrid-pravy\/#breadcrumb\",\"itemListElement\":[{\"@type\":\"ListItem\",\"position\":1,\"name\":\"Dom\u016f\",\"item\":\"https:\/\/kretz.cz\/\"},{\"@type\":\"ListItem\",\"position\":2,\"name\":\"Template &#8211; Sidebar &#8211; Archive pages\",\"item\":\"https:\/\/kretz.cz\/template-sidebar-archive-pages\/\"},{\"@type\":\"ListItem\",\"position\":3,\"name\":\"Biokrb MADRID PRAV\u00dd\"}]},{\"@type\":\"WebSite\",\"@id\":\"https:\/\/kretz.cz\/#website\",\"url\":\"https:\/\/kretz.cz\/\",\"name\":\"KRETZ.cz - krby a krbov\u00e1 kamna\",\"description\":\"Jsme \u010desk\u00e1 spole\u010dnost p\u016fsob\u00edc\u00ed v oblasti v\u00fdroby a stroj\u00edrenstv\u00ed. Specializujeme se na v\u00fdrobu krbov\u00fdch vlo\u017eek a topen\u00e1\u0159sk\u00e9 techniky, z\u00e1rove\u0148 nab\u00edz\u00edme zak\u00e1zkovou stroj\u00edrenskou v\u00fdrobu. Realizujeme tak\u00e9 stavebn\u00ed projekty v\u010detn\u011b kovov\u00fdch konstrukc\u00ed. Na\u0161\u00ed p\u0159ednost\u00ed je kvalita, spolehlivost a individu\u00e1ln\u00ed p\u0159\u00edstup ke ka\u017ed\u00e9mu z\u00e1kazn\u00edkovi.\",\"potentialAction\":[{\"@type\":\"SearchAction\",\"target\":{\"@type\":\"EntryPoint\",\"urlTemplate\":\"https:\/\/kretz.cz\/?s={search_term_string}\"},\"query-input\":{\"@type\":\"PropertyValueSpecification\",\"valueRequired\":true,\"valueName\":\"search_term_string\"}}],\"inLanguage\":\"en-US\"}]}<\/script>\n<!-- \/ Yoast SEO plugin. -->","yoast_head_json":{"title":"Biokrb MADRID PRAV\u00dd - KRETZ.cz - krby a krbov\u00e1 kamna","robots":{"index":"noindex","follow":"follow"},"og_locale":"en_US","og_type":"article","og_title":"Biokrb MADRID PRAV\u00dd - KRETZ.cz - krby a krbov\u00e1 kamna","og_description":"KRETZ Madrid Prav\u00fd je rohov\u00fd biokrb navr\u017een\u00fd pro prav\u00fd roh m\u00edstnosti. D\u00edky rohov\u00e9mu prosklen\u00ed nab\u00edz\u00ed \u0161irok\u00fd pohled na plamen z r\u016fzn\u00fdch \u00fahl\u016f. V\u00fdkon 2,5 kW a \u0161\u00ed\u0159ka 902 mm zajist\u00ed dostatek tepeln\u00e9ho komfortu i atraktivn\u00ed vizu\u00e1ln\u00ed dojem. Nerezov\u00fd dekor krbu podtrhuje modern\u00ed design. S hmotnost\u00ed 38,5 kg se snadno instaluje a nevy\u017eaduje \u017e\u00e1dn\u00fd kom\u00edn.","og_url":"https:\/\/kretz.cz\/en\/product\/biokrb-madrid-pravy\/","og_site_name":"KRETZ.cz - krby a krbov\u00e1 kamna","article_publisher":"https:\/\/www.facebook.com\/krbykretz\/","article_modified_time":"2026-02-15T21:29:52+00:00","og_image":[{"width":1200,"height":1200,"url":"http:\/\/kretz.cz\/wp-content\/uploads\/2025\/05\/KRETZ-Madrid-P.1.jpg","type":"image\/jpeg"}],"twitter_card":"summary_large_image","twitter_misc":{"Est. reading time":"1 minute"},"schema":{"@context":"https:\/\/schema.org","@graph":[{"@type":"WebPage","@id":"https:\/\/kretz.cz\/produkt\/biokrb-madrid-pravy\/","url":"https:\/\/kretz.cz\/produkt\/biokrb-madrid-pravy\/","name":"Biokrb MADRID PRAV\u00dd - KRETZ.cz - krby a krbov\u00e1 kamna","isPartOf":{"@id":"https:\/\/kretz.cz\/#website"},"primaryImageOfPage":{"@id":"https:\/\/kretz.cz\/produkt\/biokrb-madrid-pravy\/#primaryimage"},"image":{"@id":"https:\/\/kretz.cz\/produkt\/biokrb-madrid-pravy\/#primaryimage"},"thumbnailUrl":"https:\/\/kretz.cz\/wp-content\/uploads\/2025\/05\/KRETZ-Madrid-P.1.jpg","datePublished":"2025-05-25T18:38:12+00:00","dateModified":"2026-02-15T21:29:52+00:00","breadcrumb":{"@id":"https:\/\/kretz.cz\/produkt\/biokrb-madrid-pravy\/#breadcrumb"},"inLanguage":"en-US","potentialAction":[{"@type":"ReadAction","target":["https:\/\/kretz.cz\/produkt\/biokrb-madrid-pravy\/"]}]},{"@type":"ImageObject","inLanguage":"en-US","@id":"https:\/\/kretz.cz\/produkt\/biokrb-madrid-pravy\/#primaryimage","url":"https:\/\/kretz.cz\/wp-content\/uploads\/2025\/05\/KRETZ-Madrid-P.1.jpg","contentUrl":"https:\/\/kretz.cz\/wp-content\/uploads\/2025\/05\/KRETZ-Madrid-P.1.jpg","width":1200,"height":1200},{"@type":"BreadcrumbList","@id":"https:\/\/kretz.cz\/produkt\/biokrb-madrid-pravy\/#breadcrumb","itemListElement":[{"@type":"ListItem","position":1,"name":"Dom\u016f","item":"https:\/\/kretz.cz\/"},{"@type":"ListItem","position":2,"name":"Template &#8211; Sidebar &#8211; Archive pages","item":"https:\/\/kretz.cz\/template-sidebar-archive-pages\/"},{"@type":"ListItem","position":3,"name":"Biokrb MADRID PRAV\u00dd"}]},{"@type":"WebSite","@id":"https:\/\/kretz.cz\/#website","url":"https:\/\/kretz.cz\/","name":"KRETZ.cz - krby a krbov\u00e1 kamna","description":"Jsme \u010desk\u00e1 spole\u010dnost p\u016fsob\u00edc\u00ed v oblasti v\u00fdroby a stroj\u00edrenstv\u00ed. Specializujeme se na v\u00fdrobu krbov\u00fdch vlo\u017eek a topen\u00e1\u0159sk\u00e9 techniky, z\u00e1rove\u0148 nab\u00edz\u00edme zak\u00e1zkovou stroj\u00edrenskou v\u00fdrobu. Realizujeme tak\u00e9 stavebn\u00ed projekty v\u010detn\u011b kovov\u00fdch konstrukc\u00ed. Na\u0161\u00ed p\u0159ednost\u00ed je kvalita, spolehlivost a individu\u00e1ln\u00ed p\u0159\u00edstup ke ka\u017ed\u00e9mu z\u00e1kazn\u00edkovi.","potentialAction":[{"@type":"SearchAction","target":{"@type":"EntryPoint","urlTemplate":"https:\/\/kretz.cz\/?s={search_term_string}"},"query-input":{"@type":"PropertyValueSpecification","valueRequired":true,"valueName":"search_term_string"}}],"inLanguage":"en-US"}]}},"jetpack_sharing_enabled":true,"_links":{"self":[{"href":"https:\/\/kretz.cz\/en\/wp-json\/wp\/v2\/product\/2056","targetHints":{"allow":["GET"]}}],"collection":[{"href":"https:\/\/kretz.cz\/en\/wp-json\/wp\/v2\/product"}],"about":[{"href":"https:\/\/kretz.cz\/en\/wp-json\/wp\/v2\/types\/product"}],"wp:featuredmedia":[{"embeddable":true,"href":"https:\/\/kretz.cz\/en\/wp-json\/wp\/v2\/media\/1694"}],"wp:attachment":[{"href":"https:\/\/kretz.cz\/en\/wp-json\/wp\/v2\/media?parent=2056"}],"wp:term":[{"taxonomy":"product_brand","embeddable":true,"href":"https:\/\/kretz.cz\/en\/wp-json\/wp\/v2\/product_brand?post=2056"},{"taxonomy":"product_cat","embeddable":true,"href":"https:\/\/kretz.cz\/en\/wp-json\/wp\/v2\/product_cat?post=2056"},{"taxonomy":"product_tag","embeddable":true,"href":"https:\/\/kretz.cz\/en\/wp-json\/wp\/v2\/product_tag?post=2056"}],"curies":[{"name":"wp","href":"https:\/\/api.w.org\/{rel}","templated":true}]}}