{"id":2052,"date":"2025-05-25T18:37:58","date_gmt":"2025-05-25T18:37:58","guid":{"rendered":"https:\/\/kretz.cz\/produkt\/biokrb-paris\/"},"modified":"2026-02-15T21:27:04","modified_gmt":"2026-02-15T21:27:04","slug":"biokrb-paris","status":"publish","type":"product","link":"https:\/\/kretz.cz\/en\/product\/biokrb-paris\/","title":{"rendered":"Bio-fireplace PARIS"},"content":{"rendered":"<p>Kompaktn\u00ed biokrb KRETZ Paris se \u0161\u00ed\u0159kou 400 mm, nerezov\u00fdm topeni\u0161t\u011bm a rovn\u00fdm prosklen\u00edm nab\u00edz\u00ed decentn\u00ed v\u00fdkon 1,6 kW.<\/p>","protected":false},"excerpt":{"rendered":"<p>The KRETZ PARIS is a smaller bio-fireplace, ideal for cozy interiors where aesthetics and space-saving are a priority. Its elegant stainless steel burner and flat glass create a clean, modern look. With an output of 1.6 kW, it is perfect for decorative heating with a touch of luxury. Easy to install without a flue, it is an excellent choice for apartments or homes.<\/p>","protected":false},"featured_media":1700,"template":"","meta":[],"product_brand":[100],"product_cat":[241],"product_tag":[],"class_list":{"0":"post-2052","1":"product","2":"type-product","3":"status-publish","4":"has-post-thumbnail","6":"product_brand-kretz","7":"product_cat-biokrby","8":"pa_regulovatelny-vykon-16-kw","9":"pa_sirka-krbu-400-mm","10":"pa_topeniste-nerez","11":"description-off","13":"first","14":"instock","15":"product-type-simple"},"yoast_head":"<!-- This site is optimized with the Yoast SEO plugin v25.9 - https:\/\/yoast.com\/wordpress\/plugins\/seo\/ -->\n<title>Biokrb PARIS - KRETZ.cz - krby a krbov\u00e1 kamna<\/title>\n<meta name=\"robots\" content=\"noindex, follow\" \/>\n<meta property=\"og:locale\" content=\"en_US\" \/>\n<meta property=\"og:type\" content=\"article\" \/>\n<meta property=\"og:title\" content=\"Biokrb PARIS - KRETZ.cz - krby a krbov\u00e1 kamna\" \/>\n<meta property=\"og:description\" content=\"KRETZ Paris je men\u0161\u00ed model biokrbu, ide\u00e1ln\u00ed pro \u00fatuln\u00e9 interi\u00e9ry, kde je kladen d\u016fraz na estetiku i \u00fasporu prostoru. Elegantn\u00ed nerezov\u00e9 topeni\u0161t\u011b a rovn\u00e9 prosklen\u00ed vytv\u00e1\u0159ej\u00ed \u010dist\u00fd a modern\u00ed vzhled. S v\u00fdkonem 1,6 kW se hod\u00ed pro dekorativn\u00ed vyt\u00e1p\u011bn\u00ed s n\u00e1dechem luxusu. D\u00edky jednoduch\u00e9 instalaci bez kou\u0159ovodu je skv\u011blou volbou do bytu i domu.\" \/>\n<meta property=\"og:url\" content=\"https:\/\/kretz.cz\/en\/product\/biokrb-paris\/\" \/>\n<meta property=\"og:site_name\" content=\"KRETZ.cz - krby a krbov\u00e1 kamna\" \/>\n<meta property=\"article:publisher\" content=\"https:\/\/www.facebook.com\/krbykretz\/\" \/>\n<meta property=\"article:modified_time\" content=\"2026-02-15T21:27:04+00:00\" \/>\n<meta property=\"og:image\" content=\"http:\/\/kretz.cz\/wp-content\/uploads\/2025\/05\/KRETZ-Paris.1.jpg\" \/>\n\t<meta property=\"og:image:width\" content=\"1200\" \/>\n\t<meta property=\"og:image:height\" content=\"1200\" \/>\n\t<meta property=\"og:image:type\" content=\"image\/jpeg\" \/>\n<meta name=\"twitter:card\" content=\"summary_large_image\" \/>\n<meta name=\"twitter:label1\" content=\"Est. reading time\" \/>\n\t<meta name=\"twitter:data1\" content=\"1 minute\" \/>\n<script type=\"application\/ld+json\" class=\"yoast-schema-graph\">{\"@context\":\"https:\/\/schema.org\",\"@graph\":[{\"@type\":\"WebPage\",\"@id\":\"https:\/\/kretz.cz\/produkt\/biokrb-paris\/\",\"url\":\"https:\/\/kretz.cz\/produkt\/biokrb-paris\/\",\"name\":\"Biokrb PARIS - KRETZ.cz - krby a krbov\u00e1 kamna\",\"isPartOf\":{\"@id\":\"https:\/\/kretz.cz\/#website\"},\"primaryImageOfPage\":{\"@id\":\"https:\/\/kretz.cz\/produkt\/biokrb-paris\/#primaryimage\"},\"image\":{\"@id\":\"https:\/\/kretz.cz\/produkt\/biokrb-paris\/#primaryimage\"},\"thumbnailUrl\":\"https:\/\/kretz.cz\/wp-content\/uploads\/2025\/05\/KRETZ-Paris.1.jpg\",\"datePublished\":\"2025-05-25T18:37:58+00:00\",\"dateModified\":\"2026-02-15T21:27:04+00:00\",\"breadcrumb\":{\"@id\":\"https:\/\/kretz.cz\/produkt\/biokrb-paris\/#breadcrumb\"},\"inLanguage\":\"en-US\",\"potentialAction\":[{\"@type\":\"ReadAction\",\"target\":[\"https:\/\/kretz.cz\/produkt\/biokrb-paris\/\"]}]},{\"@type\":\"ImageObject\",\"inLanguage\":\"en-US\",\"@id\":\"https:\/\/kretz.cz\/produkt\/biokrb-paris\/#primaryimage\",\"url\":\"https:\/\/kretz.cz\/wp-content\/uploads\/2025\/05\/KRETZ-Paris.1.jpg\",\"contentUrl\":\"https:\/\/kretz.cz\/wp-content\/uploads\/2025\/05\/KRETZ-Paris.1.jpg\",\"width\":1200,\"height\":1200},{\"@type\":\"BreadcrumbList\",\"@id\":\"https:\/\/kretz.cz\/produkt\/biokrb-paris\/#breadcrumb\",\"itemListElement\":[{\"@type\":\"ListItem\",\"position\":1,\"name\":\"Dom\u016f\",\"item\":\"https:\/\/kretz.cz\/\"},{\"@type\":\"ListItem\",\"position\":2,\"name\":\"Template &#8211; Sidebar &#8211; Archive pages\",\"item\":\"https:\/\/kretz.cz\/template-sidebar-archive-pages\/\"},{\"@type\":\"ListItem\",\"position\":3,\"name\":\"Biokrb PARIS\"}]},{\"@type\":\"WebSite\",\"@id\":\"https:\/\/kretz.cz\/#website\",\"url\":\"https:\/\/kretz.cz\/\",\"name\":\"KRETZ.cz - krby a krbov\u00e1 kamna\",\"description\":\"Jsme \u010desk\u00e1 spole\u010dnost p\u016fsob\u00edc\u00ed v oblasti v\u00fdroby a stroj\u00edrenstv\u00ed. Specializujeme se na v\u00fdrobu krbov\u00fdch vlo\u017eek a topen\u00e1\u0159sk\u00e9 techniky, z\u00e1rove\u0148 nab\u00edz\u00edme zak\u00e1zkovou stroj\u00edrenskou v\u00fdrobu. Realizujeme tak\u00e9 stavebn\u00ed projekty v\u010detn\u011b kovov\u00fdch konstrukc\u00ed. Na\u0161\u00ed p\u0159ednost\u00ed je kvalita, spolehlivost a individu\u00e1ln\u00ed p\u0159\u00edstup ke ka\u017ed\u00e9mu z\u00e1kazn\u00edkovi.\",\"potentialAction\":[{\"@type\":\"SearchAction\",\"target\":{\"@type\":\"EntryPoint\",\"urlTemplate\":\"https:\/\/kretz.cz\/?s={search_term_string}\"},\"query-input\":{\"@type\":\"PropertyValueSpecification\",\"valueRequired\":true,\"valueName\":\"search_term_string\"}}],\"inLanguage\":\"en-US\"}]}<\/script>\n<!-- \/ Yoast SEO plugin. -->","yoast_head_json":{"title":"Biokrb PARIS - KRETZ.cz - krby a krbov\u00e1 kamna","robots":{"index":"noindex","follow":"follow"},"og_locale":"en_US","og_type":"article","og_title":"Biokrb PARIS - KRETZ.cz - krby a krbov\u00e1 kamna","og_description":"KRETZ Paris je men\u0161\u00ed model biokrbu, ide\u00e1ln\u00ed pro \u00fatuln\u00e9 interi\u00e9ry, kde je kladen d\u016fraz na estetiku i \u00fasporu prostoru. Elegantn\u00ed nerezov\u00e9 topeni\u0161t\u011b a rovn\u00e9 prosklen\u00ed vytv\u00e1\u0159ej\u00ed \u010dist\u00fd a modern\u00ed vzhled. S v\u00fdkonem 1,6 kW se hod\u00ed pro dekorativn\u00ed vyt\u00e1p\u011bn\u00ed s n\u00e1dechem luxusu. D\u00edky jednoduch\u00e9 instalaci bez kou\u0159ovodu je skv\u011blou volbou do bytu i domu.","og_url":"https:\/\/kretz.cz\/en\/product\/biokrb-paris\/","og_site_name":"KRETZ.cz - krby a krbov\u00e1 kamna","article_publisher":"https:\/\/www.facebook.com\/krbykretz\/","article_modified_time":"2026-02-15T21:27:04+00:00","og_image":[{"width":1200,"height":1200,"url":"http:\/\/kretz.cz\/wp-content\/uploads\/2025\/05\/KRETZ-Paris.1.jpg","type":"image\/jpeg"}],"twitter_card":"summary_large_image","twitter_misc":{"Est. reading time":"1 minute"},"schema":{"@context":"https:\/\/schema.org","@graph":[{"@type":"WebPage","@id":"https:\/\/kretz.cz\/produkt\/biokrb-paris\/","url":"https:\/\/kretz.cz\/produkt\/biokrb-paris\/","name":"Biokrb PARIS - KRETZ.cz - krby a krbov\u00e1 kamna","isPartOf":{"@id":"https:\/\/kretz.cz\/#website"},"primaryImageOfPage":{"@id":"https:\/\/kretz.cz\/produkt\/biokrb-paris\/#primaryimage"},"image":{"@id":"https:\/\/kretz.cz\/produkt\/biokrb-paris\/#primaryimage"},"thumbnailUrl":"https:\/\/kretz.cz\/wp-content\/uploads\/2025\/05\/KRETZ-Paris.1.jpg","datePublished":"2025-05-25T18:37:58+00:00","dateModified":"2026-02-15T21:27:04+00:00","breadcrumb":{"@id":"https:\/\/kretz.cz\/produkt\/biokrb-paris\/#breadcrumb"},"inLanguage":"en-US","potentialAction":[{"@type":"ReadAction","target":["https:\/\/kretz.cz\/produkt\/biokrb-paris\/"]}]},{"@type":"ImageObject","inLanguage":"en-US","@id":"https:\/\/kretz.cz\/produkt\/biokrb-paris\/#primaryimage","url":"https:\/\/kretz.cz\/wp-content\/uploads\/2025\/05\/KRETZ-Paris.1.jpg","contentUrl":"https:\/\/kretz.cz\/wp-content\/uploads\/2025\/05\/KRETZ-Paris.1.jpg","width":1200,"height":1200},{"@type":"BreadcrumbList","@id":"https:\/\/kretz.cz\/produkt\/biokrb-paris\/#breadcrumb","itemListElement":[{"@type":"ListItem","position":1,"name":"Dom\u016f","item":"https:\/\/kretz.cz\/"},{"@type":"ListItem","position":2,"name":"Template &#8211; Sidebar &#8211; Archive pages","item":"https:\/\/kretz.cz\/template-sidebar-archive-pages\/"},{"@type":"ListItem","position":3,"name":"Biokrb PARIS"}]},{"@type":"WebSite","@id":"https:\/\/kretz.cz\/#website","url":"https:\/\/kretz.cz\/","name":"KRETZ.cz - krby a krbov\u00e1 kamna","description":"Jsme \u010desk\u00e1 spole\u010dnost p\u016fsob\u00edc\u00ed v oblasti v\u00fdroby a stroj\u00edrenstv\u00ed. Specializujeme se na v\u00fdrobu krbov\u00fdch vlo\u017eek a topen\u00e1\u0159sk\u00e9 techniky, z\u00e1rove\u0148 nab\u00edz\u00edme zak\u00e1zkovou stroj\u00edrenskou v\u00fdrobu. Realizujeme tak\u00e9 stavebn\u00ed projekty v\u010detn\u011b kovov\u00fdch konstrukc\u00ed. Na\u0161\u00ed p\u0159ednost\u00ed je kvalita, spolehlivost a individu\u00e1ln\u00ed p\u0159\u00edstup ke ka\u017ed\u00e9mu z\u00e1kazn\u00edkovi.","potentialAction":[{"@type":"SearchAction","target":{"@type":"EntryPoint","urlTemplate":"https:\/\/kretz.cz\/?s={search_term_string}"},"query-input":{"@type":"PropertyValueSpecification","valueRequired":true,"valueName":"search_term_string"}}],"inLanguage":"en-US"}]}},"jetpack_sharing_enabled":true,"_links":{"self":[{"href":"https:\/\/kretz.cz\/en\/wp-json\/wp\/v2\/product\/2052","targetHints":{"allow":["GET"]}}],"collection":[{"href":"https:\/\/kretz.cz\/en\/wp-json\/wp\/v2\/product"}],"about":[{"href":"https:\/\/kretz.cz\/en\/wp-json\/wp\/v2\/types\/product"}],"wp:featuredmedia":[{"embeddable":true,"href":"https:\/\/kretz.cz\/en\/wp-json\/wp\/v2\/media\/1700"}],"wp:attachment":[{"href":"https:\/\/kretz.cz\/en\/wp-json\/wp\/v2\/media?parent=2052"}],"wp:term":[{"taxonomy":"product_brand","embeddable":true,"href":"https:\/\/kretz.cz\/en\/wp-json\/wp\/v2\/product_brand?post=2052"},{"taxonomy":"product_cat","embeddable":true,"href":"https:\/\/kretz.cz\/en\/wp-json\/wp\/v2\/product_cat?post=2052"},{"taxonomy":"product_tag","embeddable":true,"href":"https:\/\/kretz.cz\/en\/wp-json\/wp\/v2\/product_tag?post=2052"}],"curies":[{"name":"wp","href":"https:\/\/api.w.org\/{rel}","templated":true}]}}