{"id":2051,"date":"2025-05-25T18:37:58","date_gmt":"2025-05-25T18:37:58","guid":{"rendered":"https:\/\/kretz.cz\/produkt\/biokrb-cairo\/"},"modified":"2026-02-22T18:45:57","modified_gmt":"2026-02-22T18:45:57","slug":"biokrb-cairo","status":"publish","type":"product","link":"https:\/\/kretz.cz\/en\/product\/biokrb-cairo\/","title":{"rendered":"Bio-fireplace CAIRO"},"content":{"rendered":"<p>The KRETZ CAIRO designer bio-fireplace with a stainless steel burner and flat glass delivers 2.7 kW of output and an elegant 700 mm width.<\/p>","protected":false},"excerpt":{"rendered":"<p>The KRETZ CAIRO is a stylish bio-fireplace that combines modern design with a simple functionality. Its stainless steel burner ensures long-lasting durability, while the flat glass adds a sophisticated touch to the interior. With an output of 2.7 kW, it is ideal for creating a cozy atmosphere in small to medium-sized rooms. At 700 mm wide, it can be easily installed on a wall or into a niche without the need for a chimney or external air supply.<\/p>","protected":false},"featured_media":3190,"template":"","meta":[],"product_brand":[100],"product_cat":[241],"product_tag":[],"class_list":{"0":"post-2051","1":"product","2":"type-product","3":"status-publish","4":"has-post-thumbnail","6":"product_brand-kretz","7":"product_cat-biokrby","8":"pa_regulovatelny-vykon-27-kw","9":"pa_sirka-krbu-700-mm","10":"pa_topeniste-nerez","11":"description-off","13":"first","14":"instock","15":"product-type-simple"},"yoast_head":"<!-- This site is optimized with the Yoast SEO plugin v25.9 - https:\/\/yoast.com\/wordpress\/plugins\/seo\/ -->\n<title>Biokrb CAIRO - KRETZ.cz - krby a krbov\u00e1 kamna<\/title>\n<meta name=\"robots\" content=\"noindex, follow\" \/>\n<meta property=\"og:locale\" content=\"en_US\" \/>\n<meta property=\"og:type\" content=\"article\" \/>\n<meta property=\"og:title\" content=\"Biokrb CAIRO - KRETZ.cz - krby a krbov\u00e1 kamna\" \/>\n<meta property=\"og:description\" content=\"KRETZ Cairo je stylov\u00fd biokrb, kter\u00fd kombinuje modern\u00ed design s jednoduchou funk\u010dnost\u00ed. Nerezov\u00e9 topeni\u0161t\u011b zaji\u0161\u0165uje dlouhou \u017eivotnost, zat\u00edmco rovn\u00e9 prosklen\u00ed dod\u00e1v\u00e1 interi\u00e9ru sofistikovan\u00fd vzhled. D\u00edky v\u00fdkonu 2,7 kW je ide\u00e1ln\u00ed pro vytvo\u0159en\u00ed p\u0159\u00edjemn\u00e9 atmosf\u00e9ry v men\u0161\u00edch i st\u0159edn\u011b velk\u00fdch m\u00edstnostech. Se \u0161\u00ed\u0159kou 700 mm se snadno instaluje na ze\u010f nebo do v\u00fdklenku bez pot\u0159eby kom\u00ednu \u010di p\u0159\u00edvodu vzduchu.\" \/>\n<meta property=\"og:url\" content=\"https:\/\/kretz.cz\/en\/product\/biokrb-cairo\/\" \/>\n<meta property=\"og:site_name\" content=\"KRETZ.cz - krby a krbov\u00e1 kamna\" \/>\n<meta property=\"article:publisher\" content=\"https:\/\/www.facebook.com\/krbykretz\/\" \/>\n<meta property=\"article:modified_time\" content=\"2026-02-22T18:45:57+00:00\" \/>\n<meta property=\"og:image\" content=\"http:\/\/kretz.cz\/wp-content\/uploads\/2025\/05\/Cairo.5.jpg\" \/>\n\t<meta property=\"og:image:width\" content=\"1200\" \/>\n\t<meta property=\"og:image:height\" content=\"1200\" \/>\n\t<meta property=\"og:image:type\" content=\"image\/jpeg\" \/>\n<meta name=\"twitter:card\" content=\"summary_large_image\" \/>\n<meta name=\"twitter:label1\" content=\"Est. reading time\" \/>\n\t<meta name=\"twitter:data1\" content=\"1 minute\" \/>\n<script type=\"application\/ld+json\" class=\"yoast-schema-graph\">{\"@context\":\"https:\/\/schema.org\",\"@graph\":[{\"@type\":\"WebPage\",\"@id\":\"https:\/\/kretz.cz\/produkt\/biokrb-cairo\/\",\"url\":\"https:\/\/kretz.cz\/produkt\/biokrb-cairo\/\",\"name\":\"Biokrb CAIRO - KRETZ.cz - krby a krbov\u00e1 kamna\",\"isPartOf\":{\"@id\":\"https:\/\/kretz.cz\/#website\"},\"primaryImageOfPage\":{\"@id\":\"https:\/\/kretz.cz\/produkt\/biokrb-cairo\/#primaryimage\"},\"image\":{\"@id\":\"https:\/\/kretz.cz\/produkt\/biokrb-cairo\/#primaryimage\"},\"thumbnailUrl\":\"https:\/\/kretz.cz\/wp-content\/uploads\/2025\/05\/Cairo.5.jpg\",\"datePublished\":\"2025-05-25T18:37:58+00:00\",\"dateModified\":\"2026-02-22T18:45:57+00:00\",\"breadcrumb\":{\"@id\":\"https:\/\/kretz.cz\/produkt\/biokrb-cairo\/#breadcrumb\"},\"inLanguage\":\"en-US\",\"potentialAction\":[{\"@type\":\"ReadAction\",\"target\":[\"https:\/\/kretz.cz\/produkt\/biokrb-cairo\/\"]}]},{\"@type\":\"ImageObject\",\"inLanguage\":\"en-US\",\"@id\":\"https:\/\/kretz.cz\/produkt\/biokrb-cairo\/#primaryimage\",\"url\":\"https:\/\/kretz.cz\/wp-content\/uploads\/2025\/05\/Cairo.5.jpg\",\"contentUrl\":\"https:\/\/kretz.cz\/wp-content\/uploads\/2025\/05\/Cairo.5.jpg\",\"width\":1200,\"height\":1200},{\"@type\":\"BreadcrumbList\",\"@id\":\"https:\/\/kretz.cz\/produkt\/biokrb-cairo\/#breadcrumb\",\"itemListElement\":[{\"@type\":\"ListItem\",\"position\":1,\"name\":\"Dom\u016f\",\"item\":\"https:\/\/kretz.cz\/\"},{\"@type\":\"ListItem\",\"position\":2,\"name\":\"Template &#8211; Sidebar &#8211; Archive pages\",\"item\":\"https:\/\/kretz.cz\/template-sidebar-archive-pages\/\"},{\"@type\":\"ListItem\",\"position\":3,\"name\":\"Biokrb CAIRO\"}]},{\"@type\":\"WebSite\",\"@id\":\"https:\/\/kretz.cz\/#website\",\"url\":\"https:\/\/kretz.cz\/\",\"name\":\"KRETZ.cz - krby a krbov\u00e1 kamna\",\"description\":\"Jsme \u010desk\u00e1 spole\u010dnost p\u016fsob\u00edc\u00ed v oblasti v\u00fdroby a stroj\u00edrenstv\u00ed. Specializujeme se na v\u00fdrobu krbov\u00fdch vlo\u017eek a topen\u00e1\u0159sk\u00e9 techniky, z\u00e1rove\u0148 nab\u00edz\u00edme zak\u00e1zkovou stroj\u00edrenskou v\u00fdrobu. Realizujeme tak\u00e9 stavebn\u00ed projekty v\u010detn\u011b kovov\u00fdch konstrukc\u00ed. Na\u0161\u00ed p\u0159ednost\u00ed je kvalita, spolehlivost a individu\u00e1ln\u00ed p\u0159\u00edstup ke ka\u017ed\u00e9mu z\u00e1kazn\u00edkovi.\",\"potentialAction\":[{\"@type\":\"SearchAction\",\"target\":{\"@type\":\"EntryPoint\",\"urlTemplate\":\"https:\/\/kretz.cz\/?s={search_term_string}\"},\"query-input\":{\"@type\":\"PropertyValueSpecification\",\"valueRequired\":true,\"valueName\":\"search_term_string\"}}],\"inLanguage\":\"en-US\"}]}<\/script>\n<!-- \/ Yoast SEO plugin. -->","yoast_head_json":{"title":"Biokrb CAIRO - KRETZ.cz - krby a krbov\u00e1 kamna","robots":{"index":"noindex","follow":"follow"},"og_locale":"en_US","og_type":"article","og_title":"Biokrb CAIRO - KRETZ.cz - krby a krbov\u00e1 kamna","og_description":"KRETZ Cairo je stylov\u00fd biokrb, kter\u00fd kombinuje modern\u00ed design s jednoduchou funk\u010dnost\u00ed. Nerezov\u00e9 topeni\u0161t\u011b zaji\u0161\u0165uje dlouhou \u017eivotnost, zat\u00edmco rovn\u00e9 prosklen\u00ed dod\u00e1v\u00e1 interi\u00e9ru sofistikovan\u00fd vzhled. D\u00edky v\u00fdkonu 2,7 kW je ide\u00e1ln\u00ed pro vytvo\u0159en\u00ed p\u0159\u00edjemn\u00e9 atmosf\u00e9ry v men\u0161\u00edch i st\u0159edn\u011b velk\u00fdch m\u00edstnostech. Se \u0161\u00ed\u0159kou 700 mm se snadno instaluje na ze\u010f nebo do v\u00fdklenku bez pot\u0159eby kom\u00ednu \u010di p\u0159\u00edvodu vzduchu.","og_url":"https:\/\/kretz.cz\/en\/product\/biokrb-cairo\/","og_site_name":"KRETZ.cz - krby a krbov\u00e1 kamna","article_publisher":"https:\/\/www.facebook.com\/krbykretz\/","article_modified_time":"2026-02-22T18:45:57+00:00","og_image":[{"width":1200,"height":1200,"url":"http:\/\/kretz.cz\/wp-content\/uploads\/2025\/05\/Cairo.5.jpg","type":"image\/jpeg"}],"twitter_card":"summary_large_image","twitter_misc":{"Est. reading time":"1 minute"},"schema":{"@context":"https:\/\/schema.org","@graph":[{"@type":"WebPage","@id":"https:\/\/kretz.cz\/produkt\/biokrb-cairo\/","url":"https:\/\/kretz.cz\/produkt\/biokrb-cairo\/","name":"Biokrb CAIRO - KRETZ.cz - krby a krbov\u00e1 kamna","isPartOf":{"@id":"https:\/\/kretz.cz\/#website"},"primaryImageOfPage":{"@id":"https:\/\/kretz.cz\/produkt\/biokrb-cairo\/#primaryimage"},"image":{"@id":"https:\/\/kretz.cz\/produkt\/biokrb-cairo\/#primaryimage"},"thumbnailUrl":"https:\/\/kretz.cz\/wp-content\/uploads\/2025\/05\/Cairo.5.jpg","datePublished":"2025-05-25T18:37:58+00:00","dateModified":"2026-02-22T18:45:57+00:00","breadcrumb":{"@id":"https:\/\/kretz.cz\/produkt\/biokrb-cairo\/#breadcrumb"},"inLanguage":"en-US","potentialAction":[{"@type":"ReadAction","target":["https:\/\/kretz.cz\/produkt\/biokrb-cairo\/"]}]},{"@type":"ImageObject","inLanguage":"en-US","@id":"https:\/\/kretz.cz\/produkt\/biokrb-cairo\/#primaryimage","url":"https:\/\/kretz.cz\/wp-content\/uploads\/2025\/05\/Cairo.5.jpg","contentUrl":"https:\/\/kretz.cz\/wp-content\/uploads\/2025\/05\/Cairo.5.jpg","width":1200,"height":1200},{"@type":"BreadcrumbList","@id":"https:\/\/kretz.cz\/produkt\/biokrb-cairo\/#breadcrumb","itemListElement":[{"@type":"ListItem","position":1,"name":"Dom\u016f","item":"https:\/\/kretz.cz\/"},{"@type":"ListItem","position":2,"name":"Template &#8211; Sidebar &#8211; Archive pages","item":"https:\/\/kretz.cz\/template-sidebar-archive-pages\/"},{"@type":"ListItem","position":3,"name":"Biokrb CAIRO"}]},{"@type":"WebSite","@id":"https:\/\/kretz.cz\/#website","url":"https:\/\/kretz.cz\/","name":"KRETZ.cz - krby a krbov\u00e1 kamna","description":"Jsme \u010desk\u00e1 spole\u010dnost p\u016fsob\u00edc\u00ed v oblasti v\u00fdroby a stroj\u00edrenstv\u00ed. Specializujeme se na v\u00fdrobu krbov\u00fdch vlo\u017eek a topen\u00e1\u0159sk\u00e9 techniky, z\u00e1rove\u0148 nab\u00edz\u00edme zak\u00e1zkovou stroj\u00edrenskou v\u00fdrobu. Realizujeme tak\u00e9 stavebn\u00ed projekty v\u010detn\u011b kovov\u00fdch konstrukc\u00ed. Na\u0161\u00ed p\u0159ednost\u00ed je kvalita, spolehlivost a individu\u00e1ln\u00ed p\u0159\u00edstup ke ka\u017ed\u00e9mu z\u00e1kazn\u00edkovi.","potentialAction":[{"@type":"SearchAction","target":{"@type":"EntryPoint","urlTemplate":"https:\/\/kretz.cz\/?s={search_term_string}"},"query-input":{"@type":"PropertyValueSpecification","valueRequired":true,"valueName":"search_term_string"}}],"inLanguage":"en-US"}]}},"jetpack_sharing_enabled":true,"_links":{"self":[{"href":"https:\/\/kretz.cz\/en\/wp-json\/wp\/v2\/product\/2051","targetHints":{"allow":["GET"]}}],"collection":[{"href":"https:\/\/kretz.cz\/en\/wp-json\/wp\/v2\/product"}],"about":[{"href":"https:\/\/kretz.cz\/en\/wp-json\/wp\/v2\/types\/product"}],"wp:featuredmedia":[{"embeddable":true,"href":"https:\/\/kretz.cz\/en\/wp-json\/wp\/v2\/media\/3190"}],"wp:attachment":[{"href":"https:\/\/kretz.cz\/en\/wp-json\/wp\/v2\/media?parent=2051"}],"wp:term":[{"taxonomy":"product_brand","embeddable":true,"href":"https:\/\/kretz.cz\/en\/wp-json\/wp\/v2\/product_brand?post=2051"},{"taxonomy":"product_cat","embeddable":true,"href":"https:\/\/kretz.cz\/en\/wp-json\/wp\/v2\/product_cat?post=2051"},{"taxonomy":"product_tag","embeddable":true,"href":"https:\/\/kretz.cz\/en\/wp-json\/wp\/v2\/product_tag?post=2051"}],"curies":[{"name":"wp","href":"https:\/\/api.w.org\/{rel}","templated":true}]}}