{"id":2045,"date":"2025-05-25T18:37:58","date_gmt":"2025-05-25T18:37:58","guid":{"rendered":"https:\/\/kretz.cz\/produkt\/kamna-lada\/"},"modified":"2025-05-25T18:38:05","modified_gmt":"2025-05-25T18:38:05","slug":"kamna-lada","status":"publish","type":"product","link":"https:\/\/kretz.cz\/en\/product\/kamna-lada\/","title":{"rendered":"Stove LADA"},"content":{"rendered":"<p>Robust full cast iron stove with 6-8 kW output and flat glass doors. A reliable choice for everyday heating.<\/p>","protected":false},"excerpt":{"rendered":"<p>The Lada stove shares specifications with the Poezie series: full cast iron construction, 6-8 kW output, and flat glazing. It is designed for users who prefer simplicity and long-lasting durability without unnecessary extras. Its compact dimensions make it suitable even for smaller spaces.<\/p>","protected":false},"featured_media":2000,"template":"","meta":[],"product_brand":[100],"product_cat":[222],"product_tag":[],"class_list":{"0":"post-2045","1":"product","2":"type-product","3":"status-publish","4":"has-post-thumbnail","6":"product_brand-kretz","7":"product_cat-kamna","8":"pa_proskleni-rovne","9":"pa_regulovatelny-oplach-skla-ne","10":"pa_regulovatelny-vykon-6-8-kw","11":"pa_topeniste-celolitina","12":"description-off","14":"first","15":"instock","16":"product-type-simple"},"yoast_head":"<!-- This site is optimized with the Yoast SEO plugin v25.9 - https:\/\/yoast.com\/wordpress\/plugins\/seo\/ -->\n<title>Kamna LADA - KRETZ.cz - krby a krbov\u00e1 kamna<\/title>\n<meta name=\"robots\" content=\"noindex, follow\" \/>\n<meta property=\"og:locale\" content=\"en_US\" \/>\n<meta property=\"og:type\" content=\"article\" \/>\n<meta property=\"og:title\" content=\"Kamna LADA - KRETZ.cz - krby a krbov\u00e1 kamna\" \/>\n<meta property=\"og:description\" content=\"Kamna Lada sd\u00edl\u00ed parametry s \u0159adou Poezie: celolitinov\u00e1 konstrukce, v\u00fdkon 6\u20138 kW a rovn\u00e9 prosklen\u00ed. Jsou navr\u017eena pro u\u017eivatele, kte\u0159\u00ed preferuj\u00ed jednoduchost a dlouhou \u017eivotnost bez zbyte\u010dn\u00fdch dopl\u0148k\u016f. D\u00edky kompaktn\u00edm rozm\u011br\u016fm se hod\u00ed i do men\u0161\u00edch prostor.\" \/>\n<meta property=\"og:url\" content=\"https:\/\/kretz.cz\/en\/product\/kamna-lada\/\" \/>\n<meta property=\"og:site_name\" content=\"KRETZ.cz - krby a krbov\u00e1 kamna\" \/>\n<meta property=\"article:publisher\" content=\"https:\/\/www.facebook.com\/krbykretz\/\" \/>\n<meta property=\"article:modified_time\" content=\"2025-05-25T18:38:05+00:00\" \/>\n<meta property=\"og:image\" content=\"https:\/\/kretz.cz\/wp-content\/uploads\/2025\/05\/KRETZ-Lada1.jpg\" \/>\n\t<meta property=\"og:image:width\" content=\"800\" \/>\n\t<meta property=\"og:image:height\" content=\"800\" \/>\n\t<meta property=\"og:image:type\" content=\"image\/jpeg\" \/>\n<meta name=\"twitter:card\" content=\"summary_large_image\" \/>\n<script type=\"application\/ld+json\" class=\"yoast-schema-graph\">{\"@context\":\"https:\/\/schema.org\",\"@graph\":[{\"@type\":\"WebPage\",\"@id\":\"https:\/\/kretz.cz\/produkt\/kamna-lada\/\",\"url\":\"https:\/\/kretz.cz\/produkt\/kamna-lada\/\",\"name\":\"Kamna LADA - KRETZ.cz - krby a krbov\u00e1 kamna\",\"isPartOf\":{\"@id\":\"https:\/\/kretz.cz\/#website\"},\"primaryImageOfPage\":{\"@id\":\"https:\/\/kretz.cz\/produkt\/kamna-lada\/#primaryimage\"},\"image\":{\"@id\":\"https:\/\/kretz.cz\/produkt\/kamna-lada\/#primaryimage\"},\"thumbnailUrl\":\"https:\/\/kretz.cz\/wp-content\/uploads\/2025\/05\/KRETZ-Lada1.jpg\",\"datePublished\":\"2025-05-25T18:37:58+00:00\",\"dateModified\":\"2025-05-25T18:38:05+00:00\",\"breadcrumb\":{\"@id\":\"https:\/\/kretz.cz\/produkt\/kamna-lada\/#breadcrumb\"},\"inLanguage\":\"en-US\",\"potentialAction\":[{\"@type\":\"ReadAction\",\"target\":[\"https:\/\/kretz.cz\/produkt\/kamna-lada\/\"]}]},{\"@type\":\"ImageObject\",\"inLanguage\":\"en-US\",\"@id\":\"https:\/\/kretz.cz\/produkt\/kamna-lada\/#primaryimage\",\"url\":\"https:\/\/kretz.cz\/wp-content\/uploads\/2025\/05\/KRETZ-Lada1.jpg\",\"contentUrl\":\"https:\/\/kretz.cz\/wp-content\/uploads\/2025\/05\/KRETZ-Lada1.jpg\",\"width\":800,\"height\":800},{\"@type\":\"BreadcrumbList\",\"@id\":\"https:\/\/kretz.cz\/produkt\/kamna-lada\/#breadcrumb\",\"itemListElement\":[{\"@type\":\"ListItem\",\"position\":1,\"name\":\"Dom\u016f\",\"item\":\"https:\/\/kretz.cz\/\"},{\"@type\":\"ListItem\",\"position\":2,\"name\":\"Template &#8211; Sidebar &#8211; Archive pages\",\"item\":\"https:\/\/kretz.cz\/template-sidebar-archive-pages\/\"},{\"@type\":\"ListItem\",\"position\":3,\"name\":\"Kamna LADA\"}]},{\"@type\":\"WebSite\",\"@id\":\"https:\/\/kretz.cz\/#website\",\"url\":\"https:\/\/kretz.cz\/\",\"name\":\"KRETZ.cz - krby a krbov\u00e1 kamna\",\"description\":\"Jsme \u010desk\u00e1 spole\u010dnost p\u016fsob\u00edc\u00ed v oblasti v\u00fdroby a stroj\u00edrenstv\u00ed. Specializujeme se na v\u00fdrobu krbov\u00fdch vlo\u017eek a topen\u00e1\u0159sk\u00e9 techniky, z\u00e1rove\u0148 nab\u00edz\u00edme zak\u00e1zkovou stroj\u00edrenskou v\u00fdrobu. Realizujeme tak\u00e9 stavebn\u00ed projekty v\u010detn\u011b kovov\u00fdch konstrukc\u00ed. Na\u0161\u00ed p\u0159ednost\u00ed je kvalita, spolehlivost a individu\u00e1ln\u00ed p\u0159\u00edstup ke ka\u017ed\u00e9mu z\u00e1kazn\u00edkovi.\",\"potentialAction\":[{\"@type\":\"SearchAction\",\"target\":{\"@type\":\"EntryPoint\",\"urlTemplate\":\"https:\/\/kretz.cz\/?s={search_term_string}\"},\"query-input\":{\"@type\":\"PropertyValueSpecification\",\"valueRequired\":true,\"valueName\":\"search_term_string\"}}],\"inLanguage\":\"en-US\"}]}<\/script>\n<!-- \/ Yoast SEO plugin. -->","yoast_head_json":{"title":"Kamna LADA - KRETZ.cz - krby a krbov\u00e1 kamna","robots":{"index":"noindex","follow":"follow"},"og_locale":"en_US","og_type":"article","og_title":"Kamna LADA - KRETZ.cz - krby a krbov\u00e1 kamna","og_description":"Kamna Lada sd\u00edl\u00ed parametry s \u0159adou Poezie: celolitinov\u00e1 konstrukce, v\u00fdkon 6\u20138 kW a rovn\u00e9 prosklen\u00ed. Jsou navr\u017eena pro u\u017eivatele, kte\u0159\u00ed preferuj\u00ed jednoduchost a dlouhou \u017eivotnost bez zbyte\u010dn\u00fdch dopl\u0148k\u016f. D\u00edky kompaktn\u00edm rozm\u011br\u016fm se hod\u00ed i do men\u0161\u00edch prostor.","og_url":"https:\/\/kretz.cz\/en\/product\/kamna-lada\/","og_site_name":"KRETZ.cz - krby a krbov\u00e1 kamna","article_publisher":"https:\/\/www.facebook.com\/krbykretz\/","article_modified_time":"2025-05-25T18:38:05+00:00","og_image":[{"width":800,"height":800,"url":"https:\/\/kretz.cz\/wp-content\/uploads\/2025\/05\/KRETZ-Lada1.jpg","type":"image\/jpeg"}],"twitter_card":"summary_large_image","schema":{"@context":"https:\/\/schema.org","@graph":[{"@type":"WebPage","@id":"https:\/\/kretz.cz\/produkt\/kamna-lada\/","url":"https:\/\/kretz.cz\/produkt\/kamna-lada\/","name":"Kamna LADA - KRETZ.cz - krby a krbov\u00e1 kamna","isPartOf":{"@id":"https:\/\/kretz.cz\/#website"},"primaryImageOfPage":{"@id":"https:\/\/kretz.cz\/produkt\/kamna-lada\/#primaryimage"},"image":{"@id":"https:\/\/kretz.cz\/produkt\/kamna-lada\/#primaryimage"},"thumbnailUrl":"https:\/\/kretz.cz\/wp-content\/uploads\/2025\/05\/KRETZ-Lada1.jpg","datePublished":"2025-05-25T18:37:58+00:00","dateModified":"2025-05-25T18:38:05+00:00","breadcrumb":{"@id":"https:\/\/kretz.cz\/produkt\/kamna-lada\/#breadcrumb"},"inLanguage":"en-US","potentialAction":[{"@type":"ReadAction","target":["https:\/\/kretz.cz\/produkt\/kamna-lada\/"]}]},{"@type":"ImageObject","inLanguage":"en-US","@id":"https:\/\/kretz.cz\/produkt\/kamna-lada\/#primaryimage","url":"https:\/\/kretz.cz\/wp-content\/uploads\/2025\/05\/KRETZ-Lada1.jpg","contentUrl":"https:\/\/kretz.cz\/wp-content\/uploads\/2025\/05\/KRETZ-Lada1.jpg","width":800,"height":800},{"@type":"BreadcrumbList","@id":"https:\/\/kretz.cz\/produkt\/kamna-lada\/#breadcrumb","itemListElement":[{"@type":"ListItem","position":1,"name":"Dom\u016f","item":"https:\/\/kretz.cz\/"},{"@type":"ListItem","position":2,"name":"Template &#8211; Sidebar &#8211; Archive pages","item":"https:\/\/kretz.cz\/template-sidebar-archive-pages\/"},{"@type":"ListItem","position":3,"name":"Kamna LADA"}]},{"@type":"WebSite","@id":"https:\/\/kretz.cz\/#website","url":"https:\/\/kretz.cz\/","name":"KRETZ.cz - krby a krbov\u00e1 kamna","description":"Jsme \u010desk\u00e1 spole\u010dnost p\u016fsob\u00edc\u00ed v oblasti v\u00fdroby a stroj\u00edrenstv\u00ed. Specializujeme se na v\u00fdrobu krbov\u00fdch vlo\u017eek a topen\u00e1\u0159sk\u00e9 techniky, z\u00e1rove\u0148 nab\u00edz\u00edme zak\u00e1zkovou stroj\u00edrenskou v\u00fdrobu. Realizujeme tak\u00e9 stavebn\u00ed projekty v\u010detn\u011b kovov\u00fdch konstrukc\u00ed. Na\u0161\u00ed p\u0159ednost\u00ed je kvalita, spolehlivost a individu\u00e1ln\u00ed p\u0159\u00edstup ke ka\u017ed\u00e9mu z\u00e1kazn\u00edkovi.","potentialAction":[{"@type":"SearchAction","target":{"@type":"EntryPoint","urlTemplate":"https:\/\/kretz.cz\/?s={search_term_string}"},"query-input":{"@type":"PropertyValueSpecification","valueRequired":true,"valueName":"search_term_string"}}],"inLanguage":"en-US"}]}},"jetpack_sharing_enabled":true,"_links":{"self":[{"href":"https:\/\/kretz.cz\/en\/wp-json\/wp\/v2\/product\/2045","targetHints":{"allow":["GET"]}}],"collection":[{"href":"https:\/\/kretz.cz\/en\/wp-json\/wp\/v2\/product"}],"about":[{"href":"https:\/\/kretz.cz\/en\/wp-json\/wp\/v2\/types\/product"}],"wp:featuredmedia":[{"embeddable":true,"href":"https:\/\/kretz.cz\/en\/wp-json\/wp\/v2\/media\/2000"}],"wp:attachment":[{"href":"https:\/\/kretz.cz\/en\/wp-json\/wp\/v2\/media?parent=2045"}],"wp:term":[{"taxonomy":"product_brand","embeddable":true,"href":"https:\/\/kretz.cz\/en\/wp-json\/wp\/v2\/product_brand?post=2045"},{"taxonomy":"product_cat","embeddable":true,"href":"https:\/\/kretz.cz\/en\/wp-json\/wp\/v2\/product_cat?post=2045"},{"taxonomy":"product_tag","embeddable":true,"href":"https:\/\/kretz.cz\/en\/wp-json\/wp\/v2\/product_tag?post=2045"}],"curies":[{"name":"wp","href":"https:\/\/api.w.org\/{rel}","templated":true}]}}