{"id":2044,"date":"2025-05-25T18:37:58","date_gmt":"2025-05-25T18:37:58","guid":{"rendered":"https:\/\/kretz.cz\/produkt\/kamna-poezie\/"},"modified":"2025-05-25T18:38:04","modified_gmt":"2025-05-25T18:38:04","slug":"kamna-poezie","status":"publish","type":"product","link":"https:\/\/kretz.cz\/en\/product\/kamna-poezie\/","title":{"rendered":"Stove POEZIE"},"content":{"rendered":"<p>Full cast iron stove with flat doors and an output of 6-8 kW. Minimalist design without decorative elements. suitable for modern interiours.<\/p>","protected":false},"excerpt":{"rendered":"<p>The Poezie model is built on a full cast iron body, ensuring rapid heat radiation and durability. With an output of 6-8 kW, it heats medium-sized spaces, while the flat ceramic glass provides an unobstructed view of the fire. Unlike the Medano series, it lacks a glass wash or decorative elements - the stove is purely functional with elegant simplicity.<\/p>","protected":false},"featured_media":2017,"template":"","meta":[],"product_brand":[100],"product_cat":[222],"product_tag":[],"class_list":{"0":"post-2044","1":"product","2":"type-product","3":"status-publish","4":"has-post-thumbnail","6":"product_brand-kretz","7":"product_cat-kamna","8":"pa_proskleni-rovne","9":"pa_regulovatelny-oplach-skla-ne","10":"pa_regulovatelny-vykon-6-8-kw","11":"pa_topeniste-celolitina","12":"description-off","14":"first","15":"instock","16":"product-type-simple"},"yoast_head":"<!-- This site is optimized with the Yoast SEO plugin v25.9 - https:\/\/yoast.com\/wordpress\/plugins\/seo\/ -->\n<title>Kamna POEZIE - KRETZ.cz - krby a krbov\u00e1 kamna<\/title>\n<meta name=\"robots\" content=\"noindex, follow\" \/>\n<meta property=\"og:locale\" content=\"en_US\" \/>\n<meta property=\"og:type\" content=\"article\" \/>\n<meta property=\"og:title\" content=\"Kamna POEZIE - KRETZ.cz - krby a krbov\u00e1 kamna\" \/>\n<meta property=\"og:description\" content=\"Model Poezie je postaven na celolitinov\u00e9m t\u011ble, kter\u00e9 zaru\u010duje rychl\u00e9 s\u00e1l\u00e1n\u00ed tepla a odolnost. S v\u00fdkonem 6\u20138 kW vytop\u00ed st\u0159edn\u011b velk\u00e9 prostory, zat\u00edmco rovn\u00e9 keramick\u00e9 sklo umo\u017e\u0148uje neru\u0161en\u00fd v\u00fdhled na ohe\u0148. Oproti \u0159ad\u011b Medano zde chyb\u00ed oplach skla nebo dekorativn\u00ed prvky \u2013 kamna jsou \u010dist\u011b funk\u010dn\u00ed s elegantn\u00ed jednoduchost\u00ed.\" \/>\n<meta property=\"og:url\" content=\"https:\/\/kretz.cz\/en\/product\/kamna-poezie\/\" \/>\n<meta property=\"og:site_name\" content=\"KRETZ.cz - krby a krbov\u00e1 kamna\" \/>\n<meta property=\"article:publisher\" content=\"https:\/\/www.facebook.com\/krbykretz\/\" \/>\n<meta property=\"article:modified_time\" content=\"2025-05-25T18:38:04+00:00\" \/>\n<meta property=\"og:image\" content=\"https:\/\/kretz.cz\/wp-content\/uploads\/2025\/05\/KRETZ-Poezie1.jpg\" \/>\n\t<meta property=\"og:image:width\" content=\"800\" \/>\n\t<meta property=\"og:image:height\" content=\"800\" \/>\n\t<meta property=\"og:image:type\" content=\"image\/jpeg\" \/>\n<meta name=\"twitter:card\" content=\"summary_large_image\" \/>\n<script type=\"application\/ld+json\" class=\"yoast-schema-graph\">{\"@context\":\"https:\/\/schema.org\",\"@graph\":[{\"@type\":\"WebPage\",\"@id\":\"https:\/\/kretz.cz\/produkt\/kamna-poezie\/\",\"url\":\"https:\/\/kretz.cz\/produkt\/kamna-poezie\/\",\"name\":\"Kamna POEZIE - KRETZ.cz - krby a krbov\u00e1 kamna\",\"isPartOf\":{\"@id\":\"https:\/\/kretz.cz\/#website\"},\"primaryImageOfPage\":{\"@id\":\"https:\/\/kretz.cz\/produkt\/kamna-poezie\/#primaryimage\"},\"image\":{\"@id\":\"https:\/\/kretz.cz\/produkt\/kamna-poezie\/#primaryimage\"},\"thumbnailUrl\":\"https:\/\/kretz.cz\/wp-content\/uploads\/2025\/05\/KRETZ-Poezie1.jpg\",\"datePublished\":\"2025-05-25T18:37:58+00:00\",\"dateModified\":\"2025-05-25T18:38:04+00:00\",\"breadcrumb\":{\"@id\":\"https:\/\/kretz.cz\/produkt\/kamna-poezie\/#breadcrumb\"},\"inLanguage\":\"en-US\",\"potentialAction\":[{\"@type\":\"ReadAction\",\"target\":[\"https:\/\/kretz.cz\/produkt\/kamna-poezie\/\"]}]},{\"@type\":\"ImageObject\",\"inLanguage\":\"en-US\",\"@id\":\"https:\/\/kretz.cz\/produkt\/kamna-poezie\/#primaryimage\",\"url\":\"https:\/\/kretz.cz\/wp-content\/uploads\/2025\/05\/KRETZ-Poezie1.jpg\",\"contentUrl\":\"https:\/\/kretz.cz\/wp-content\/uploads\/2025\/05\/KRETZ-Poezie1.jpg\",\"width\":800,\"height\":800},{\"@type\":\"BreadcrumbList\",\"@id\":\"https:\/\/kretz.cz\/produkt\/kamna-poezie\/#breadcrumb\",\"itemListElement\":[{\"@type\":\"ListItem\",\"position\":1,\"name\":\"Dom\u016f\",\"item\":\"https:\/\/kretz.cz\/\"},{\"@type\":\"ListItem\",\"position\":2,\"name\":\"Template &#8211; Sidebar &#8211; Archive pages\",\"item\":\"https:\/\/kretz.cz\/template-sidebar-archive-pages\/\"},{\"@type\":\"ListItem\",\"position\":3,\"name\":\"Kamna POEZIE\"}]},{\"@type\":\"WebSite\",\"@id\":\"https:\/\/kretz.cz\/#website\",\"url\":\"https:\/\/kretz.cz\/\",\"name\":\"KRETZ.cz - krby a krbov\u00e1 kamna\",\"description\":\"Jsme \u010desk\u00e1 spole\u010dnost p\u016fsob\u00edc\u00ed v oblasti v\u00fdroby a stroj\u00edrenstv\u00ed. Specializujeme se na v\u00fdrobu krbov\u00fdch vlo\u017eek a topen\u00e1\u0159sk\u00e9 techniky, z\u00e1rove\u0148 nab\u00edz\u00edme zak\u00e1zkovou stroj\u00edrenskou v\u00fdrobu. Realizujeme tak\u00e9 stavebn\u00ed projekty v\u010detn\u011b kovov\u00fdch konstrukc\u00ed. Na\u0161\u00ed p\u0159ednost\u00ed je kvalita, spolehlivost a individu\u00e1ln\u00ed p\u0159\u00edstup ke ka\u017ed\u00e9mu z\u00e1kazn\u00edkovi.\",\"potentialAction\":[{\"@type\":\"SearchAction\",\"target\":{\"@type\":\"EntryPoint\",\"urlTemplate\":\"https:\/\/kretz.cz\/?s={search_term_string}\"},\"query-input\":{\"@type\":\"PropertyValueSpecification\",\"valueRequired\":true,\"valueName\":\"search_term_string\"}}],\"inLanguage\":\"en-US\"}]}<\/script>\n<!-- \/ Yoast SEO plugin. -->","yoast_head_json":{"title":"Kamna POEZIE - KRETZ.cz - krby a krbov\u00e1 kamna","robots":{"index":"noindex","follow":"follow"},"og_locale":"en_US","og_type":"article","og_title":"Kamna POEZIE - KRETZ.cz - krby a krbov\u00e1 kamna","og_description":"Model Poezie je postaven na celolitinov\u00e9m t\u011ble, kter\u00e9 zaru\u010duje rychl\u00e9 s\u00e1l\u00e1n\u00ed tepla a odolnost. S v\u00fdkonem 6\u20138 kW vytop\u00ed st\u0159edn\u011b velk\u00e9 prostory, zat\u00edmco rovn\u00e9 keramick\u00e9 sklo umo\u017e\u0148uje neru\u0161en\u00fd v\u00fdhled na ohe\u0148. Oproti \u0159ad\u011b Medano zde chyb\u00ed oplach skla nebo dekorativn\u00ed prvky \u2013 kamna jsou \u010dist\u011b funk\u010dn\u00ed s elegantn\u00ed jednoduchost\u00ed.","og_url":"https:\/\/kretz.cz\/en\/product\/kamna-poezie\/","og_site_name":"KRETZ.cz - krby a krbov\u00e1 kamna","article_publisher":"https:\/\/www.facebook.com\/krbykretz\/","article_modified_time":"2025-05-25T18:38:04+00:00","og_image":[{"width":800,"height":800,"url":"https:\/\/kretz.cz\/wp-content\/uploads\/2025\/05\/KRETZ-Poezie1.jpg","type":"image\/jpeg"}],"twitter_card":"summary_large_image","schema":{"@context":"https:\/\/schema.org","@graph":[{"@type":"WebPage","@id":"https:\/\/kretz.cz\/produkt\/kamna-poezie\/","url":"https:\/\/kretz.cz\/produkt\/kamna-poezie\/","name":"Kamna POEZIE - KRETZ.cz - krby a krbov\u00e1 kamna","isPartOf":{"@id":"https:\/\/kretz.cz\/#website"},"primaryImageOfPage":{"@id":"https:\/\/kretz.cz\/produkt\/kamna-poezie\/#primaryimage"},"image":{"@id":"https:\/\/kretz.cz\/produkt\/kamna-poezie\/#primaryimage"},"thumbnailUrl":"https:\/\/kretz.cz\/wp-content\/uploads\/2025\/05\/KRETZ-Poezie1.jpg","datePublished":"2025-05-25T18:37:58+00:00","dateModified":"2025-05-25T18:38:04+00:00","breadcrumb":{"@id":"https:\/\/kretz.cz\/produkt\/kamna-poezie\/#breadcrumb"},"inLanguage":"en-US","potentialAction":[{"@type":"ReadAction","target":["https:\/\/kretz.cz\/produkt\/kamna-poezie\/"]}]},{"@type":"ImageObject","inLanguage":"en-US","@id":"https:\/\/kretz.cz\/produkt\/kamna-poezie\/#primaryimage","url":"https:\/\/kretz.cz\/wp-content\/uploads\/2025\/05\/KRETZ-Poezie1.jpg","contentUrl":"https:\/\/kretz.cz\/wp-content\/uploads\/2025\/05\/KRETZ-Poezie1.jpg","width":800,"height":800},{"@type":"BreadcrumbList","@id":"https:\/\/kretz.cz\/produkt\/kamna-poezie\/#breadcrumb","itemListElement":[{"@type":"ListItem","position":1,"name":"Dom\u016f","item":"https:\/\/kretz.cz\/"},{"@type":"ListItem","position":2,"name":"Template &#8211; Sidebar &#8211; Archive pages","item":"https:\/\/kretz.cz\/template-sidebar-archive-pages\/"},{"@type":"ListItem","position":3,"name":"Kamna POEZIE"}]},{"@type":"WebSite","@id":"https:\/\/kretz.cz\/#website","url":"https:\/\/kretz.cz\/","name":"KRETZ.cz - krby a krbov\u00e1 kamna","description":"Jsme \u010desk\u00e1 spole\u010dnost p\u016fsob\u00edc\u00ed v oblasti v\u00fdroby a stroj\u00edrenstv\u00ed. Specializujeme se na v\u00fdrobu krbov\u00fdch vlo\u017eek a topen\u00e1\u0159sk\u00e9 techniky, z\u00e1rove\u0148 nab\u00edz\u00edme zak\u00e1zkovou stroj\u00edrenskou v\u00fdrobu. Realizujeme tak\u00e9 stavebn\u00ed projekty v\u010detn\u011b kovov\u00fdch konstrukc\u00ed. Na\u0161\u00ed p\u0159ednost\u00ed je kvalita, spolehlivost a individu\u00e1ln\u00ed p\u0159\u00edstup ke ka\u017ed\u00e9mu z\u00e1kazn\u00edkovi.","potentialAction":[{"@type":"SearchAction","target":{"@type":"EntryPoint","urlTemplate":"https:\/\/kretz.cz\/?s={search_term_string}"},"query-input":{"@type":"PropertyValueSpecification","valueRequired":true,"valueName":"search_term_string"}}],"inLanguage":"en-US"}]}},"jetpack_sharing_enabled":true,"_links":{"self":[{"href":"https:\/\/kretz.cz\/en\/wp-json\/wp\/v2\/product\/2044","targetHints":{"allow":["GET"]}}],"collection":[{"href":"https:\/\/kretz.cz\/en\/wp-json\/wp\/v2\/product"}],"about":[{"href":"https:\/\/kretz.cz\/en\/wp-json\/wp\/v2\/types\/product"}],"wp:featuredmedia":[{"embeddable":true,"href":"https:\/\/kretz.cz\/en\/wp-json\/wp\/v2\/media\/2017"}],"wp:attachment":[{"href":"https:\/\/kretz.cz\/en\/wp-json\/wp\/v2\/media?parent=2044"}],"wp:term":[{"taxonomy":"product_brand","embeddable":true,"href":"https:\/\/kretz.cz\/en\/wp-json\/wp\/v2\/product_brand?post=2044"},{"taxonomy":"product_cat","embeddable":true,"href":"https:\/\/kretz.cz\/en\/wp-json\/wp\/v2\/product_cat?post=2044"},{"taxonomy":"product_tag","embeddable":true,"href":"https:\/\/kretz.cz\/en\/wp-json\/wp\/v2\/product_tag?post=2044"}],"curies":[{"name":"wp","href":"https:\/\/api.w.org\/{rel}","templated":true}]}}