{"id":2043,"date":"2025-05-25T18:37:58","date_gmt":"2025-05-25T18:37:58","guid":{"rendered":"https:\/\/kretz.cz\/produkt\/kamna-medano\/"},"modified":"2025-07-21T15:33:17","modified_gmt":"2025-07-21T15:33:17","slug":"kamna-medano","status":"publish","type":"product","link":"https:\/\/kretz.cz\/en\/product\/kamna-medano\/","title":{"rendered":"Stove MEDANO"},"content":{"rendered":"<p>Elegant cast iron stove with arched glazing and output of 3-6 kW, ideal for heating spaces up to 180 m\u00b3. It features convenient top and rear flue outlets and an adjustable glass wash.<\/p>","protected":false},"excerpt":{"rendered":"<p>The KRETZ MEDANO stove combines a robust cast iron body with a fireclay firebox, ensuring efficient combustion and long-lasting heat retention. With an output of 3-6 kW, it can heat up to 180 m\u00b3, while offering flexible installation options thanks to top and rear flue outlets (150mm diameter). The arched ceramic glass provides an unobstructed view of the flames, and the adjustable glass wash keeps it clean throughout operation. The metal decor gives the stone a modern look, and although it lacks a sliding door mechanism or rear loading, its simple design and reliability make it an excellent choice for households.<\/p>","protected":false},"featured_media":2001,"template":"","meta":[],"product_brand":[100],"product_cat":[222],"product_tag":[],"class_list":{"0":"post-2043","1":"product","2":"type-product","3":"status-publish","4":"has-post-thumbnail","6":"product_brand-kretz","7":"product_cat-kamna","8":"pa_bezrostove-topeniste-ne","9":"pa_dekor-kamen-plech","10":"pa_externi-prisavani-ano","11":"pa_hmotnost-130-kg","12":"pa_ochlazovaci-smycka-ne","13":"pa_proskleni-obloukove","14":"pa_prumer-kourovodu-150-mm","15":"pa_regulovatelny-oplach-skla-ano","16":"pa_regulovatelny-vykon-3-6-kw","17":"pa_sirka-krbu-484-mm","18":"pa_teplovodni-vymenik-ne","19":"pa_topeniste-litina","20":"pa_topeniste-samot","21":"pa_vysuvny-mechanismus-dveri-ne","22":"pa_vytapeny-prostor-m3-234","23":"pa_zadni-prikladani-ne","24":"description-off","26":"first","27":"instock","28":"product-type-simple"},"yoast_head":"<!-- This site is optimized with the Yoast SEO plugin v25.9 - https:\/\/yoast.com\/wordpress\/plugins\/seo\/ -->\n<title>Kamna MEDANO - KRETZ.cz - krby a krbov\u00e1 kamna<\/title>\n<meta name=\"robots\" content=\"noindex, follow\" \/>\n<meta property=\"og:locale\" content=\"en_US\" \/>\n<meta property=\"og:type\" content=\"article\" \/>\n<meta property=\"og:title\" content=\"Kamna MEDANO - KRETZ.cz - krby a krbov\u00e1 kamna\" \/>\n<meta property=\"og:description\" content=\"Kamna MEDANO od KRETZ kombinuj\u00ed robustn\u00ed litinov\u00e9 t\u011blo s \u0161amotov\u00fdm topeni\u0161t\u011bm, kter\u00e9 zaji\u0161\u0165uje efektivn\u00ed ho\u0159en\u00ed a dlouh\u00fd v\u00fddr\u017e tepla. S v\u00fdkonem 3\u20136 kW vytop\u00ed a\u017e 180 m\u00b3, p\u0159i\u010dem\u017e nab\u00edzej\u00ed flexibiln\u00ed mo\u017enosti instalace d\u00edky horn\u00edmu i zadn\u00edmu vy\u00fast\u011bn\u00ed kou\u0159ovodu (pr\u016fm\u011br 150 mm). Obloukov\u00e9 prosklen\u00ed z keramick\u00e9ho skla umo\u017e\u0148uje neru\u0161en\u00fd v\u00fdhled na plameny, a d\u00edky regulovateln\u00e9mu oplachu skla z\u016fst\u00e1v\u00e1 \u010dist\u00e9 po celou dobu provozu. Dekor z plechu dod\u00e1v\u00e1 kamn\u016fm modern\u00ed vzhled, a p\u0159esto\u017ee nemaj\u00ed v\u00fdsuvn\u00fd mechanismus dve\u0159\u00ed ani zadn\u00ed p\u0159ikl\u00e1d\u00e1n\u00ed, jejich jednoduch\u00fd design a spolehlivost z nich d\u011blaj\u00ed skv\u011blou volbu pro dom\u00e1cnosti.\" \/>\n<meta property=\"og:url\" content=\"https:\/\/kretz.cz\/en\/product\/kamna-medano\/\" \/>\n<meta property=\"og:site_name\" content=\"KRETZ.cz - krby a krbov\u00e1 kamna\" \/>\n<meta property=\"article:publisher\" content=\"https:\/\/www.facebook.com\/krbykretz\/\" \/>\n<meta property=\"article:modified_time\" content=\"2025-07-21T15:33:17+00:00\" \/>\n<meta property=\"og:image\" content=\"https:\/\/kretz.cz\/wp-content\/uploads\/2025\/05\/KRETZ-Medano1.jpg\" \/>\n\t<meta property=\"og:image:width\" content=\"1600\" \/>\n\t<meta property=\"og:image:height\" content=\"1600\" \/>\n\t<meta property=\"og:image:type\" content=\"image\/jpeg\" \/>\n<meta name=\"twitter:card\" content=\"summary_large_image\" \/>\n<script type=\"application\/ld+json\" class=\"yoast-schema-graph\">{\"@context\":\"https:\/\/schema.org\",\"@graph\":[{\"@type\":\"WebPage\",\"@id\":\"https:\/\/kretz.cz\/produkt\/kamna-medano\/\",\"url\":\"https:\/\/kretz.cz\/produkt\/kamna-medano\/\",\"name\":\"Kamna MEDANO - KRETZ.cz - krby a krbov\u00e1 kamna\",\"isPartOf\":{\"@id\":\"https:\/\/kretz.cz\/#website\"},\"primaryImageOfPage\":{\"@id\":\"https:\/\/kretz.cz\/produkt\/kamna-medano\/#primaryimage\"},\"image\":{\"@id\":\"https:\/\/kretz.cz\/produkt\/kamna-medano\/#primaryimage\"},\"thumbnailUrl\":\"https:\/\/kretz.cz\/wp-content\/uploads\/2025\/05\/KRETZ-Medano1.jpg\",\"datePublished\":\"2025-05-25T18:37:58+00:00\",\"dateModified\":\"2025-07-21T15:33:17+00:00\",\"breadcrumb\":{\"@id\":\"https:\/\/kretz.cz\/produkt\/kamna-medano\/#breadcrumb\"},\"inLanguage\":\"en-US\",\"potentialAction\":[{\"@type\":\"ReadAction\",\"target\":[\"https:\/\/kretz.cz\/produkt\/kamna-medano\/\"]}]},{\"@type\":\"ImageObject\",\"inLanguage\":\"en-US\",\"@id\":\"https:\/\/kretz.cz\/produkt\/kamna-medano\/#primaryimage\",\"url\":\"https:\/\/kretz.cz\/wp-content\/uploads\/2025\/05\/KRETZ-Medano1.jpg\",\"contentUrl\":\"https:\/\/kretz.cz\/wp-content\/uploads\/2025\/05\/KRETZ-Medano1.jpg\",\"width\":1600,\"height\":1600},{\"@type\":\"BreadcrumbList\",\"@id\":\"https:\/\/kretz.cz\/produkt\/kamna-medano\/#breadcrumb\",\"itemListElement\":[{\"@type\":\"ListItem\",\"position\":1,\"name\":\"Dom\u016f\",\"item\":\"https:\/\/kretz.cz\/\"},{\"@type\":\"ListItem\",\"position\":2,\"name\":\"Template &#8211; Sidebar &#8211; Archive pages\",\"item\":\"https:\/\/kretz.cz\/template-sidebar-archive-pages\/\"},{\"@type\":\"ListItem\",\"position\":3,\"name\":\"Kamna MEDANO\"}]},{\"@type\":\"WebSite\",\"@id\":\"https:\/\/kretz.cz\/#website\",\"url\":\"https:\/\/kretz.cz\/\",\"name\":\"KRETZ.cz - krby a krbov\u00e1 kamna\",\"description\":\"Jsme \u010desk\u00e1 spole\u010dnost p\u016fsob\u00edc\u00ed v oblasti v\u00fdroby a stroj\u00edrenstv\u00ed. Specializujeme se na v\u00fdrobu krbov\u00fdch vlo\u017eek a topen\u00e1\u0159sk\u00e9 techniky, z\u00e1rove\u0148 nab\u00edz\u00edme zak\u00e1zkovou stroj\u00edrenskou v\u00fdrobu. Realizujeme tak\u00e9 stavebn\u00ed projekty v\u010detn\u011b kovov\u00fdch konstrukc\u00ed. Na\u0161\u00ed p\u0159ednost\u00ed je kvalita, spolehlivost a individu\u00e1ln\u00ed p\u0159\u00edstup ke ka\u017ed\u00e9mu z\u00e1kazn\u00edkovi.\",\"potentialAction\":[{\"@type\":\"SearchAction\",\"target\":{\"@type\":\"EntryPoint\",\"urlTemplate\":\"https:\/\/kretz.cz\/?s={search_term_string}\"},\"query-input\":{\"@type\":\"PropertyValueSpecification\",\"valueRequired\":true,\"valueName\":\"search_term_string\"}}],\"inLanguage\":\"en-US\"}]}<\/script>\n<!-- \/ Yoast SEO plugin. -->","yoast_head_json":{"title":"Kamna MEDANO - KRETZ.cz - krby a krbov\u00e1 kamna","robots":{"index":"noindex","follow":"follow"},"og_locale":"en_US","og_type":"article","og_title":"Kamna MEDANO - KRETZ.cz - krby a krbov\u00e1 kamna","og_description":"Kamna MEDANO od KRETZ kombinuj\u00ed robustn\u00ed litinov\u00e9 t\u011blo s \u0161amotov\u00fdm topeni\u0161t\u011bm, kter\u00e9 zaji\u0161\u0165uje efektivn\u00ed ho\u0159en\u00ed a dlouh\u00fd v\u00fddr\u017e tepla. S v\u00fdkonem 3\u20136 kW vytop\u00ed a\u017e 180 m\u00b3, p\u0159i\u010dem\u017e nab\u00edzej\u00ed flexibiln\u00ed mo\u017enosti instalace d\u00edky horn\u00edmu i zadn\u00edmu vy\u00fast\u011bn\u00ed kou\u0159ovodu (pr\u016fm\u011br 150 mm). Obloukov\u00e9 prosklen\u00ed z keramick\u00e9ho skla umo\u017e\u0148uje neru\u0161en\u00fd v\u00fdhled na plameny, a d\u00edky regulovateln\u00e9mu oplachu skla z\u016fst\u00e1v\u00e1 \u010dist\u00e9 po celou dobu provozu. Dekor z plechu dod\u00e1v\u00e1 kamn\u016fm modern\u00ed vzhled, a p\u0159esto\u017ee nemaj\u00ed v\u00fdsuvn\u00fd mechanismus dve\u0159\u00ed ani zadn\u00ed p\u0159ikl\u00e1d\u00e1n\u00ed, jejich jednoduch\u00fd design a spolehlivost z nich d\u011blaj\u00ed skv\u011blou volbu pro dom\u00e1cnosti.","og_url":"https:\/\/kretz.cz\/en\/product\/kamna-medano\/","og_site_name":"KRETZ.cz - krby a krbov\u00e1 kamna","article_publisher":"https:\/\/www.facebook.com\/krbykretz\/","article_modified_time":"2025-07-21T15:33:17+00:00","og_image":[{"width":1600,"height":1600,"url":"https:\/\/kretz.cz\/wp-content\/uploads\/2025\/05\/KRETZ-Medano1.jpg","type":"image\/jpeg"}],"twitter_card":"summary_large_image","schema":{"@context":"https:\/\/schema.org","@graph":[{"@type":"WebPage","@id":"https:\/\/kretz.cz\/produkt\/kamna-medano\/","url":"https:\/\/kretz.cz\/produkt\/kamna-medano\/","name":"Kamna MEDANO - KRETZ.cz - krby a krbov\u00e1 kamna","isPartOf":{"@id":"https:\/\/kretz.cz\/#website"},"primaryImageOfPage":{"@id":"https:\/\/kretz.cz\/produkt\/kamna-medano\/#primaryimage"},"image":{"@id":"https:\/\/kretz.cz\/produkt\/kamna-medano\/#primaryimage"},"thumbnailUrl":"https:\/\/kretz.cz\/wp-content\/uploads\/2025\/05\/KRETZ-Medano1.jpg","datePublished":"2025-05-25T18:37:58+00:00","dateModified":"2025-07-21T15:33:17+00:00","breadcrumb":{"@id":"https:\/\/kretz.cz\/produkt\/kamna-medano\/#breadcrumb"},"inLanguage":"en-US","potentialAction":[{"@type":"ReadAction","target":["https:\/\/kretz.cz\/produkt\/kamna-medano\/"]}]},{"@type":"ImageObject","inLanguage":"en-US","@id":"https:\/\/kretz.cz\/produkt\/kamna-medano\/#primaryimage","url":"https:\/\/kretz.cz\/wp-content\/uploads\/2025\/05\/KRETZ-Medano1.jpg","contentUrl":"https:\/\/kretz.cz\/wp-content\/uploads\/2025\/05\/KRETZ-Medano1.jpg","width":1600,"height":1600},{"@type":"BreadcrumbList","@id":"https:\/\/kretz.cz\/produkt\/kamna-medano\/#breadcrumb","itemListElement":[{"@type":"ListItem","position":1,"name":"Dom\u016f","item":"https:\/\/kretz.cz\/"},{"@type":"ListItem","position":2,"name":"Template &#8211; Sidebar &#8211; Archive pages","item":"https:\/\/kretz.cz\/template-sidebar-archive-pages\/"},{"@type":"ListItem","position":3,"name":"Kamna MEDANO"}]},{"@type":"WebSite","@id":"https:\/\/kretz.cz\/#website","url":"https:\/\/kretz.cz\/","name":"KRETZ.cz - krby a krbov\u00e1 kamna","description":"Jsme \u010desk\u00e1 spole\u010dnost p\u016fsob\u00edc\u00ed v oblasti v\u00fdroby a stroj\u00edrenstv\u00ed. Specializujeme se na v\u00fdrobu krbov\u00fdch vlo\u017eek a topen\u00e1\u0159sk\u00e9 techniky, z\u00e1rove\u0148 nab\u00edz\u00edme zak\u00e1zkovou stroj\u00edrenskou v\u00fdrobu. Realizujeme tak\u00e9 stavebn\u00ed projekty v\u010detn\u011b kovov\u00fdch konstrukc\u00ed. Na\u0161\u00ed p\u0159ednost\u00ed je kvalita, spolehlivost a individu\u00e1ln\u00ed p\u0159\u00edstup ke ka\u017ed\u00e9mu z\u00e1kazn\u00edkovi.","potentialAction":[{"@type":"SearchAction","target":{"@type":"EntryPoint","urlTemplate":"https:\/\/kretz.cz\/?s={search_term_string}"},"query-input":{"@type":"PropertyValueSpecification","valueRequired":true,"valueName":"search_term_string"}}],"inLanguage":"en-US"}]}},"jetpack_sharing_enabled":true,"_links":{"self":[{"href":"https:\/\/kretz.cz\/en\/wp-json\/wp\/v2\/product\/2043","targetHints":{"allow":["GET"]}}],"collection":[{"href":"https:\/\/kretz.cz\/en\/wp-json\/wp\/v2\/product"}],"about":[{"href":"https:\/\/kretz.cz\/en\/wp-json\/wp\/v2\/types\/product"}],"wp:featuredmedia":[{"embeddable":true,"href":"https:\/\/kretz.cz\/en\/wp-json\/wp\/v2\/media\/2001"}],"wp:attachment":[{"href":"https:\/\/kretz.cz\/en\/wp-json\/wp\/v2\/media?parent=2043"}],"wp:term":[{"taxonomy":"product_brand","embeddable":true,"href":"https:\/\/kretz.cz\/en\/wp-json\/wp\/v2\/product_brand?post=2043"},{"taxonomy":"product_cat","embeddable":true,"href":"https:\/\/kretz.cz\/en\/wp-json\/wp\/v2\/product_cat?post=2043"},{"taxonomy":"product_tag","embeddable":true,"href":"https:\/\/kretz.cz\/en\/wp-json\/wp\/v2\/product_tag?post=2043"}],"curies":[{"name":"wp","href":"https:\/\/api.w.org\/{rel}","templated":true}]}}