{"id":2041,"date":"2025-05-25T18:37:58","date_gmt":"2025-05-25T18:37:58","guid":{"rendered":"https:\/\/kretz.cz\/produkt\/kamna-samana-2\/"},"modified":"2025-09-12T11:23:42","modified_gmt":"2025-09-12T11:23:42","slug":"kamna-samana-2","status":"publish","type":"product","link":"https:\/\/kretz.cz\/en\/product\/kamna-samana-2\/","title":{"rendered":"Stove SAMANA 2"},"content":{"rendered":"<p>Stylish KRETZ SAMANA 2 stove with an output of 3-6 kW and elegant sandstone cladding, ideal for heating smaller spaces.<\/p>","protected":false},"excerpt":{"rendered":"<p>The KRETZ SAMANA 2 stove stands out not only for its compact dimensions but also for its natural sandstone decor, creating a cozy and modern atmosphere. The fireclay firebox ensures efficient combustion with heat retention. With an output of 3\u20136 kW, it is suitable for rooms up to 180 m\u00b3. The flue outlet (150 mm) can be connected either on top or at the rear. Flat glass, adjustable glass wash, and external air intake support clean operation with minimal heat loss.<\/p>","protected":false},"featured_media":2023,"template":"","meta":[],"product_brand":[100],"product_cat":[222],"product_tag":[],"class_list":{"0":"post-2041","1":"product","2":"type-product","3":"status-publish","4":"has-post-thumbnail","6":"product_brand-kretz","7":"product_cat-kamna","8":"pa_bezrostove-topeniste-ne","9":"pa_dekor-kamen-piskovec","10":"pa_externi-prisavani-ano","11":"pa_hmotnost-145-kg","12":"pa_ochlazovaci-smycka-ne","13":"pa_proskleni-rovne","14":"pa_prumer-kourovodu-150-mm","15":"pa_regulovatelny-oplach-skla-ano","16":"pa_regulovatelny-vykon-3-6-kw","17":"pa_sirka-krbu-474-mm","18":"pa_teplovodni-vymenik-ne","19":"pa_topeniste-samot","20":"pa_vysuvny-mechanismus-dveri-ne","21":"pa_vytapeny-prostor-m3-234","22":"pa_zadni-prikladani-ne","23":"description-off","25":"first","26":"instock","27":"product-type-simple"},"yoast_head":"<!-- This site is optimized with the Yoast SEO plugin v25.9 - https:\/\/yoast.com\/wordpress\/plugins\/seo\/ -->\n<title>Kamna SAMANA 2 - KRETZ.cz - krby a krbov\u00e1 kamna<\/title>\n<meta name=\"robots\" content=\"noindex, follow\" \/>\n<meta property=\"og:locale\" content=\"en_US\" \/>\n<meta property=\"og:type\" content=\"article\" \/>\n<meta property=\"og:title\" content=\"Kamna SAMANA 2 - KRETZ.cz - krby a krbov\u00e1 kamna\" \/>\n<meta property=\"og:description\" content=\"Kamna KRETZ SAMANA 2 zaujmou nejen sv\u00fdmi kompaktn\u00edmi rozm\u011bry, ale tak\u00e9 p\u0159\u00edrodn\u00edm p\u00edskovcov\u00fdm dekorem, kter\u00fd v interi\u00e9ru p\u016fsob\u00ed \u00fatuln\u011b a modern\u011b. Topeni\u0161t\u011b ze \u0161amotu zaji\u0161\u0165uje efektivn\u00ed spalov\u00e1n\u00ed s akumula\u010dn\u00ed schopnost\u00ed. D\u00edky v\u00fdkonu 3\u20136 kW jsou vhodn\u00e1 pro m\u00edstnosti do 180 m\u00b3. V\u00fdvod kou\u0159ovodu (150 mm) lze p\u0159ipojit jak nahoru, tak dozadu. Rovn\u00e9 sklo, regulace oplachu a p\u0159\u00edvod vzduchu zven\u010d\u00ed podporuj\u00ed \u010dist\u00fd provoz s minim\u00e1ln\u00edmi ztr\u00e1tami.\" \/>\n<meta property=\"og:url\" content=\"https:\/\/kretz.cz\/en\/product\/kamna-samana-2\/\" \/>\n<meta property=\"og:site_name\" content=\"KRETZ.cz - krby a krbov\u00e1 kamna\" \/>\n<meta property=\"article:publisher\" content=\"https:\/\/www.facebook.com\/krbykretz\/\" \/>\n<meta property=\"article:modified_time\" content=\"2025-09-12T11:23:42+00:00\" \/>\n<meta property=\"og:image\" content=\"https:\/\/kretz.cz\/wp-content\/uploads\/2025\/05\/KRETZ-Samana2.1.jpg\" \/>\n\t<meta property=\"og:image:width\" content=\"1600\" \/>\n\t<meta property=\"og:image:height\" content=\"1600\" \/>\n\t<meta property=\"og:image:type\" content=\"image\/jpeg\" \/>\n<meta name=\"twitter:card\" content=\"summary_large_image\" \/>\n<script type=\"application\/ld+json\" class=\"yoast-schema-graph\">{\"@context\":\"https:\/\/schema.org\",\"@graph\":[{\"@type\":\"WebPage\",\"@id\":\"https:\/\/kretz.cz\/produkt\/kamna-samana-2\/\",\"url\":\"https:\/\/kretz.cz\/produkt\/kamna-samana-2\/\",\"name\":\"Kamna SAMANA 2 - KRETZ.cz - krby a krbov\u00e1 kamna\",\"isPartOf\":{\"@id\":\"https:\/\/kretz.cz\/#website\"},\"primaryImageOfPage\":{\"@id\":\"https:\/\/kretz.cz\/produkt\/kamna-samana-2\/#primaryimage\"},\"image\":{\"@id\":\"https:\/\/kretz.cz\/produkt\/kamna-samana-2\/#primaryimage\"},\"thumbnailUrl\":\"https:\/\/kretz.cz\/wp-content\/uploads\/2025\/05\/KRETZ-Samana2.1.jpg\",\"datePublished\":\"2025-05-25T18:37:58+00:00\",\"dateModified\":\"2025-09-12T11:23:42+00:00\",\"breadcrumb\":{\"@id\":\"https:\/\/kretz.cz\/produkt\/kamna-samana-2\/#breadcrumb\"},\"inLanguage\":\"en-US\",\"potentialAction\":[{\"@type\":\"ReadAction\",\"target\":[\"https:\/\/kretz.cz\/produkt\/kamna-samana-2\/\"]}]},{\"@type\":\"ImageObject\",\"inLanguage\":\"en-US\",\"@id\":\"https:\/\/kretz.cz\/produkt\/kamna-samana-2\/#primaryimage\",\"url\":\"https:\/\/kretz.cz\/wp-content\/uploads\/2025\/05\/KRETZ-Samana2.1.jpg\",\"contentUrl\":\"https:\/\/kretz.cz\/wp-content\/uploads\/2025\/05\/KRETZ-Samana2.1.jpg\",\"width\":1600,\"height\":1600},{\"@type\":\"BreadcrumbList\",\"@id\":\"https:\/\/kretz.cz\/produkt\/kamna-samana-2\/#breadcrumb\",\"itemListElement\":[{\"@type\":\"ListItem\",\"position\":1,\"name\":\"Dom\u016f\",\"item\":\"https:\/\/kretz.cz\/\"},{\"@type\":\"ListItem\",\"position\":2,\"name\":\"Template &#8211; Sidebar &#8211; Archive pages\",\"item\":\"https:\/\/kretz.cz\/template-sidebar-archive-pages\/\"},{\"@type\":\"ListItem\",\"position\":3,\"name\":\"Kamna SAMANA 2\"}]},{\"@type\":\"WebSite\",\"@id\":\"https:\/\/kretz.cz\/#website\",\"url\":\"https:\/\/kretz.cz\/\",\"name\":\"KRETZ.cz - krby a krbov\u00e1 kamna\",\"description\":\"Jsme \u010desk\u00e1 spole\u010dnost p\u016fsob\u00edc\u00ed v oblasti v\u00fdroby a stroj\u00edrenstv\u00ed. Specializujeme se na v\u00fdrobu krbov\u00fdch vlo\u017eek a topen\u00e1\u0159sk\u00e9 techniky, z\u00e1rove\u0148 nab\u00edz\u00edme zak\u00e1zkovou stroj\u00edrenskou v\u00fdrobu. Realizujeme tak\u00e9 stavebn\u00ed projekty v\u010detn\u011b kovov\u00fdch konstrukc\u00ed. Na\u0161\u00ed p\u0159ednost\u00ed je kvalita, spolehlivost a individu\u00e1ln\u00ed p\u0159\u00edstup ke ka\u017ed\u00e9mu z\u00e1kazn\u00edkovi.\",\"potentialAction\":[{\"@type\":\"SearchAction\",\"target\":{\"@type\":\"EntryPoint\",\"urlTemplate\":\"https:\/\/kretz.cz\/?s={search_term_string}\"},\"query-input\":{\"@type\":\"PropertyValueSpecification\",\"valueRequired\":true,\"valueName\":\"search_term_string\"}}],\"inLanguage\":\"en-US\"}]}<\/script>\n<!-- \/ Yoast SEO plugin. -->","yoast_head_json":{"title":"Kamna SAMANA 2 - KRETZ.cz - krby a krbov\u00e1 kamna","robots":{"index":"noindex","follow":"follow"},"og_locale":"en_US","og_type":"article","og_title":"Kamna SAMANA 2 - KRETZ.cz - krby a krbov\u00e1 kamna","og_description":"Kamna KRETZ SAMANA 2 zaujmou nejen sv\u00fdmi kompaktn\u00edmi rozm\u011bry, ale tak\u00e9 p\u0159\u00edrodn\u00edm p\u00edskovcov\u00fdm dekorem, kter\u00fd v interi\u00e9ru p\u016fsob\u00ed \u00fatuln\u011b a modern\u011b. Topeni\u0161t\u011b ze \u0161amotu zaji\u0161\u0165uje efektivn\u00ed spalov\u00e1n\u00ed s akumula\u010dn\u00ed schopnost\u00ed. D\u00edky v\u00fdkonu 3\u20136 kW jsou vhodn\u00e1 pro m\u00edstnosti do 180 m\u00b3. V\u00fdvod kou\u0159ovodu (150 mm) lze p\u0159ipojit jak nahoru, tak dozadu. Rovn\u00e9 sklo, regulace oplachu a p\u0159\u00edvod vzduchu zven\u010d\u00ed podporuj\u00ed \u010dist\u00fd provoz s minim\u00e1ln\u00edmi ztr\u00e1tami.","og_url":"https:\/\/kretz.cz\/en\/product\/kamna-samana-2\/","og_site_name":"KRETZ.cz - krby a krbov\u00e1 kamna","article_publisher":"https:\/\/www.facebook.com\/krbykretz\/","article_modified_time":"2025-09-12T11:23:42+00:00","og_image":[{"width":1600,"height":1600,"url":"https:\/\/kretz.cz\/wp-content\/uploads\/2025\/05\/KRETZ-Samana2.1.jpg","type":"image\/jpeg"}],"twitter_card":"summary_large_image","schema":{"@context":"https:\/\/schema.org","@graph":[{"@type":"WebPage","@id":"https:\/\/kretz.cz\/produkt\/kamna-samana-2\/","url":"https:\/\/kretz.cz\/produkt\/kamna-samana-2\/","name":"Kamna SAMANA 2 - KRETZ.cz - krby a krbov\u00e1 kamna","isPartOf":{"@id":"https:\/\/kretz.cz\/#website"},"primaryImageOfPage":{"@id":"https:\/\/kretz.cz\/produkt\/kamna-samana-2\/#primaryimage"},"image":{"@id":"https:\/\/kretz.cz\/produkt\/kamna-samana-2\/#primaryimage"},"thumbnailUrl":"https:\/\/kretz.cz\/wp-content\/uploads\/2025\/05\/KRETZ-Samana2.1.jpg","datePublished":"2025-05-25T18:37:58+00:00","dateModified":"2025-09-12T11:23:42+00:00","breadcrumb":{"@id":"https:\/\/kretz.cz\/produkt\/kamna-samana-2\/#breadcrumb"},"inLanguage":"en-US","potentialAction":[{"@type":"ReadAction","target":["https:\/\/kretz.cz\/produkt\/kamna-samana-2\/"]}]},{"@type":"ImageObject","inLanguage":"en-US","@id":"https:\/\/kretz.cz\/produkt\/kamna-samana-2\/#primaryimage","url":"https:\/\/kretz.cz\/wp-content\/uploads\/2025\/05\/KRETZ-Samana2.1.jpg","contentUrl":"https:\/\/kretz.cz\/wp-content\/uploads\/2025\/05\/KRETZ-Samana2.1.jpg","width":1600,"height":1600},{"@type":"BreadcrumbList","@id":"https:\/\/kretz.cz\/produkt\/kamna-samana-2\/#breadcrumb","itemListElement":[{"@type":"ListItem","position":1,"name":"Dom\u016f","item":"https:\/\/kretz.cz\/"},{"@type":"ListItem","position":2,"name":"Template &#8211; Sidebar &#8211; Archive pages","item":"https:\/\/kretz.cz\/template-sidebar-archive-pages\/"},{"@type":"ListItem","position":3,"name":"Kamna SAMANA 2"}]},{"@type":"WebSite","@id":"https:\/\/kretz.cz\/#website","url":"https:\/\/kretz.cz\/","name":"KRETZ.cz - krby a krbov\u00e1 kamna","description":"Jsme \u010desk\u00e1 spole\u010dnost p\u016fsob\u00edc\u00ed v oblasti v\u00fdroby a stroj\u00edrenstv\u00ed. Specializujeme se na v\u00fdrobu krbov\u00fdch vlo\u017eek a topen\u00e1\u0159sk\u00e9 techniky, z\u00e1rove\u0148 nab\u00edz\u00edme zak\u00e1zkovou stroj\u00edrenskou v\u00fdrobu. Realizujeme tak\u00e9 stavebn\u00ed projekty v\u010detn\u011b kovov\u00fdch konstrukc\u00ed. Na\u0161\u00ed p\u0159ednost\u00ed je kvalita, spolehlivost a individu\u00e1ln\u00ed p\u0159\u00edstup ke ka\u017ed\u00e9mu z\u00e1kazn\u00edkovi.","potentialAction":[{"@type":"SearchAction","target":{"@type":"EntryPoint","urlTemplate":"https:\/\/kretz.cz\/?s={search_term_string}"},"query-input":{"@type":"PropertyValueSpecification","valueRequired":true,"valueName":"search_term_string"}}],"inLanguage":"en-US"}]}},"jetpack_sharing_enabled":true,"_links":{"self":[{"href":"https:\/\/kretz.cz\/en\/wp-json\/wp\/v2\/product\/2041","targetHints":{"allow":["GET"]}}],"collection":[{"href":"https:\/\/kretz.cz\/en\/wp-json\/wp\/v2\/product"}],"about":[{"href":"https:\/\/kretz.cz\/en\/wp-json\/wp\/v2\/types\/product"}],"wp:featuredmedia":[{"embeddable":true,"href":"https:\/\/kretz.cz\/en\/wp-json\/wp\/v2\/media\/2023"}],"wp:attachment":[{"href":"https:\/\/kretz.cz\/en\/wp-json\/wp\/v2\/media?parent=2041"}],"wp:term":[{"taxonomy":"product_brand","embeddable":true,"href":"https:\/\/kretz.cz\/en\/wp-json\/wp\/v2\/product_brand?post=2041"},{"taxonomy":"product_cat","embeddable":true,"href":"https:\/\/kretz.cz\/en\/wp-json\/wp\/v2\/product_cat?post=2041"},{"taxonomy":"product_tag","embeddable":true,"href":"https:\/\/kretz.cz\/en\/wp-json\/wp\/v2\/product_tag?post=2041"}],"curies":[{"name":"wp","href":"https:\/\/api.w.org\/{rel}","templated":true}]}}