{"id":2040,"date":"2025-05-25T18:37:58","date_gmt":"2025-05-25T18:37:58","guid":{"rendered":"https:\/\/kretz.cz\/produkt\/kamna-samana-1\/"},"modified":"2025-09-12T11:23:42","modified_gmt":"2025-09-12T11:23:42","slug":"kamna-samana-1","status":"publish","type":"product","link":"https:\/\/kretz.cz\/en\/product\/kamna-samana-1\/","title":{"rendered":"Stove SAMANA 1"},"content":{"rendered":"<p>Compact and efficient KRETZ SAMANA 1 stove with an output of 3-6 kW, fireclay firebox, and classic design suitable for heating spaces up to 180 m\u00b3.<\/p>","protected":false},"excerpt":{"rendered":"<p>The KRETZ SAMANA 1 is an ideal choice for those looking for a compact yet powerful stove with a simple design. The fireclay firebox ensures efficient combustion and heat retention. Flat glazing provides an unobstructed view of the fire. The flue outlet (150 mm) can be selected between top and rear, allowing flexible installation. Adjustable glass wash and external air connection ensure clean and efficient operation. The steel construction with metal decor guarantees long-lasting durability.<\/p>","protected":false},"featured_media":2018,"template":"","meta":[],"product_brand":[100],"product_cat":[222],"product_tag":[],"class_list":{"0":"post-2040","1":"product","2":"type-product","3":"status-publish","4":"has-post-thumbnail","6":"product_brand-kretz","7":"product_cat-kamna","8":"pa_bezrostove-topeniste-ne","9":"pa_dekor-kamen-plech","10":"pa_externi-prisavani-ano","11":"pa_hmotnost-145-kg","12":"pa_ochlazovaci-smycka-ne","13":"pa_proskleni-rovne","14":"pa_prumer-kourovodu-150-mm","15":"pa_regulovatelny-oplach-skla-ano","16":"pa_regulovatelny-vykon-3-6-kw","17":"pa_sirka-krbu-474-mm","18":"pa_teplovodni-vymenik-ne","19":"pa_topeniste-samot","20":"pa_vysuvny-mechanismus-dveri-ne","21":"pa_vytapeny-prostor-m3-234","22":"pa_zadni-prikladani-ne","23":"description-off","25":"first","26":"instock","27":"product-type-simple"},"yoast_head":"<!-- This site is optimized with the Yoast SEO plugin v25.9 - https:\/\/yoast.com\/wordpress\/plugins\/seo\/ -->\n<title>Kamna SAMANA 1 - KRETZ.cz - krby a krbov\u00e1 kamna<\/title>\n<meta name=\"robots\" content=\"noindex, follow\" \/>\n<meta property=\"og:locale\" content=\"en_US\" \/>\n<meta property=\"og:type\" content=\"article\" \/>\n<meta property=\"og:title\" content=\"Kamna SAMANA 1 - KRETZ.cz - krby a krbov\u00e1 kamna\" \/>\n<meta property=\"og:description\" content=\"KRETZ SAMANA 1 jsou ide\u00e1ln\u00ed volbou pro ty, kte\u0159\u00ed hledaj\u00ed men\u0161\u00ed, ale v\u00fdkonn\u00e1 kamna s jednoduch\u00fdm vzhledem. D\u00edky \u0161amotov\u00e9mu topeni\u0161ti nab\u00edz\u00ed efektivn\u00ed spalov\u00e1n\u00ed a tepelnou setrva\u010dnost. Rovn\u00e9 prosklen\u00ed poskytuje neru\u0161en\u00fd pohled na ohe\u0148. V\u00fdvod kou\u0159ovodu (150 mm) lze volit mezi horn\u00edm a zadn\u00edm, co\u017e umo\u017e\u0148uje flexibiln\u00ed um\u00edst\u011bn\u00ed. Regulovateln\u00fd oplach skla a mo\u017enost p\u0159ipojen\u00ed extern\u00edho vzduchu zaji\u0161\u0165uj\u00ed \u010dist\u00fd a efektivn\u00ed provoz. Ocelov\u00e1 konstrukce s plechov\u00fdm dekorem zaru\u010duje dlouhou \u017eivotnost.\" \/>\n<meta property=\"og:url\" content=\"https:\/\/kretz.cz\/en\/product\/kamna-samana-1\/\" \/>\n<meta property=\"og:site_name\" content=\"KRETZ.cz - krby a krbov\u00e1 kamna\" \/>\n<meta property=\"article:publisher\" content=\"https:\/\/www.facebook.com\/krbykretz\/\" \/>\n<meta property=\"article:modified_time\" content=\"2025-09-12T11:23:42+00:00\" \/>\n<meta property=\"og:image\" content=\"https:\/\/kretz.cz\/wp-content\/uploads\/2025\/05\/KRETZ-Samana1.1.jpg\" \/>\n\t<meta property=\"og:image:width\" content=\"1600\" \/>\n\t<meta property=\"og:image:height\" content=\"1600\" \/>\n\t<meta property=\"og:image:type\" content=\"image\/jpeg\" \/>\n<meta name=\"twitter:card\" content=\"summary_large_image\" \/>\n<script type=\"application\/ld+json\" class=\"yoast-schema-graph\">{\"@context\":\"https:\/\/schema.org\",\"@graph\":[{\"@type\":\"WebPage\",\"@id\":\"https:\/\/kretz.cz\/produkt\/kamna-samana-1\/\",\"url\":\"https:\/\/kretz.cz\/produkt\/kamna-samana-1\/\",\"name\":\"Kamna SAMANA 1 - KRETZ.cz - krby a krbov\u00e1 kamna\",\"isPartOf\":{\"@id\":\"https:\/\/kretz.cz\/#website\"},\"primaryImageOfPage\":{\"@id\":\"https:\/\/kretz.cz\/produkt\/kamna-samana-1\/#primaryimage\"},\"image\":{\"@id\":\"https:\/\/kretz.cz\/produkt\/kamna-samana-1\/#primaryimage\"},\"thumbnailUrl\":\"https:\/\/kretz.cz\/wp-content\/uploads\/2025\/05\/KRETZ-Samana1.1.jpg\",\"datePublished\":\"2025-05-25T18:37:58+00:00\",\"dateModified\":\"2025-09-12T11:23:42+00:00\",\"breadcrumb\":{\"@id\":\"https:\/\/kretz.cz\/produkt\/kamna-samana-1\/#breadcrumb\"},\"inLanguage\":\"en-US\",\"potentialAction\":[{\"@type\":\"ReadAction\",\"target\":[\"https:\/\/kretz.cz\/produkt\/kamna-samana-1\/\"]}]},{\"@type\":\"ImageObject\",\"inLanguage\":\"en-US\",\"@id\":\"https:\/\/kretz.cz\/produkt\/kamna-samana-1\/#primaryimage\",\"url\":\"https:\/\/kretz.cz\/wp-content\/uploads\/2025\/05\/KRETZ-Samana1.1.jpg\",\"contentUrl\":\"https:\/\/kretz.cz\/wp-content\/uploads\/2025\/05\/KRETZ-Samana1.1.jpg\",\"width\":1600,\"height\":1600},{\"@type\":\"BreadcrumbList\",\"@id\":\"https:\/\/kretz.cz\/produkt\/kamna-samana-1\/#breadcrumb\",\"itemListElement\":[{\"@type\":\"ListItem\",\"position\":1,\"name\":\"Dom\u016f\",\"item\":\"https:\/\/kretz.cz\/\"},{\"@type\":\"ListItem\",\"position\":2,\"name\":\"Template &#8211; Sidebar &#8211; Archive pages\",\"item\":\"https:\/\/kretz.cz\/template-sidebar-archive-pages\/\"},{\"@type\":\"ListItem\",\"position\":3,\"name\":\"Kamna SAMANA 1\"}]},{\"@type\":\"WebSite\",\"@id\":\"https:\/\/kretz.cz\/#website\",\"url\":\"https:\/\/kretz.cz\/\",\"name\":\"KRETZ.cz - krby a krbov\u00e1 kamna\",\"description\":\"Jsme \u010desk\u00e1 spole\u010dnost p\u016fsob\u00edc\u00ed v oblasti v\u00fdroby a stroj\u00edrenstv\u00ed. Specializujeme se na v\u00fdrobu krbov\u00fdch vlo\u017eek a topen\u00e1\u0159sk\u00e9 techniky, z\u00e1rove\u0148 nab\u00edz\u00edme zak\u00e1zkovou stroj\u00edrenskou v\u00fdrobu. Realizujeme tak\u00e9 stavebn\u00ed projekty v\u010detn\u011b kovov\u00fdch konstrukc\u00ed. Na\u0161\u00ed p\u0159ednost\u00ed je kvalita, spolehlivost a individu\u00e1ln\u00ed p\u0159\u00edstup ke ka\u017ed\u00e9mu z\u00e1kazn\u00edkovi.\",\"potentialAction\":[{\"@type\":\"SearchAction\",\"target\":{\"@type\":\"EntryPoint\",\"urlTemplate\":\"https:\/\/kretz.cz\/?s={search_term_string}\"},\"query-input\":{\"@type\":\"PropertyValueSpecification\",\"valueRequired\":true,\"valueName\":\"search_term_string\"}}],\"inLanguage\":\"en-US\"}]}<\/script>\n<!-- \/ Yoast SEO plugin. -->","yoast_head_json":{"title":"Kamna SAMANA 1 - KRETZ.cz - krby a krbov\u00e1 kamna","robots":{"index":"noindex","follow":"follow"},"og_locale":"en_US","og_type":"article","og_title":"Kamna SAMANA 1 - KRETZ.cz - krby a krbov\u00e1 kamna","og_description":"KRETZ SAMANA 1 jsou ide\u00e1ln\u00ed volbou pro ty, kte\u0159\u00ed hledaj\u00ed men\u0161\u00ed, ale v\u00fdkonn\u00e1 kamna s jednoduch\u00fdm vzhledem. D\u00edky \u0161amotov\u00e9mu topeni\u0161ti nab\u00edz\u00ed efektivn\u00ed spalov\u00e1n\u00ed a tepelnou setrva\u010dnost. Rovn\u00e9 prosklen\u00ed poskytuje neru\u0161en\u00fd pohled na ohe\u0148. V\u00fdvod kou\u0159ovodu (150 mm) lze volit mezi horn\u00edm a zadn\u00edm, co\u017e umo\u017e\u0148uje flexibiln\u00ed um\u00edst\u011bn\u00ed. Regulovateln\u00fd oplach skla a mo\u017enost p\u0159ipojen\u00ed extern\u00edho vzduchu zaji\u0161\u0165uj\u00ed \u010dist\u00fd a efektivn\u00ed provoz. Ocelov\u00e1 konstrukce s plechov\u00fdm dekorem zaru\u010duje dlouhou \u017eivotnost.","og_url":"https:\/\/kretz.cz\/en\/product\/kamna-samana-1\/","og_site_name":"KRETZ.cz - krby a krbov\u00e1 kamna","article_publisher":"https:\/\/www.facebook.com\/krbykretz\/","article_modified_time":"2025-09-12T11:23:42+00:00","og_image":[{"width":1600,"height":1600,"url":"https:\/\/kretz.cz\/wp-content\/uploads\/2025\/05\/KRETZ-Samana1.1.jpg","type":"image\/jpeg"}],"twitter_card":"summary_large_image","schema":{"@context":"https:\/\/schema.org","@graph":[{"@type":"WebPage","@id":"https:\/\/kretz.cz\/produkt\/kamna-samana-1\/","url":"https:\/\/kretz.cz\/produkt\/kamna-samana-1\/","name":"Kamna SAMANA 1 - KRETZ.cz - krby a krbov\u00e1 kamna","isPartOf":{"@id":"https:\/\/kretz.cz\/#website"},"primaryImageOfPage":{"@id":"https:\/\/kretz.cz\/produkt\/kamna-samana-1\/#primaryimage"},"image":{"@id":"https:\/\/kretz.cz\/produkt\/kamna-samana-1\/#primaryimage"},"thumbnailUrl":"https:\/\/kretz.cz\/wp-content\/uploads\/2025\/05\/KRETZ-Samana1.1.jpg","datePublished":"2025-05-25T18:37:58+00:00","dateModified":"2025-09-12T11:23:42+00:00","breadcrumb":{"@id":"https:\/\/kretz.cz\/produkt\/kamna-samana-1\/#breadcrumb"},"inLanguage":"en-US","potentialAction":[{"@type":"ReadAction","target":["https:\/\/kretz.cz\/produkt\/kamna-samana-1\/"]}]},{"@type":"ImageObject","inLanguage":"en-US","@id":"https:\/\/kretz.cz\/produkt\/kamna-samana-1\/#primaryimage","url":"https:\/\/kretz.cz\/wp-content\/uploads\/2025\/05\/KRETZ-Samana1.1.jpg","contentUrl":"https:\/\/kretz.cz\/wp-content\/uploads\/2025\/05\/KRETZ-Samana1.1.jpg","width":1600,"height":1600},{"@type":"BreadcrumbList","@id":"https:\/\/kretz.cz\/produkt\/kamna-samana-1\/#breadcrumb","itemListElement":[{"@type":"ListItem","position":1,"name":"Dom\u016f","item":"https:\/\/kretz.cz\/"},{"@type":"ListItem","position":2,"name":"Template &#8211; Sidebar &#8211; Archive pages","item":"https:\/\/kretz.cz\/template-sidebar-archive-pages\/"},{"@type":"ListItem","position":3,"name":"Kamna SAMANA 1"}]},{"@type":"WebSite","@id":"https:\/\/kretz.cz\/#website","url":"https:\/\/kretz.cz\/","name":"KRETZ.cz - krby a krbov\u00e1 kamna","description":"Jsme \u010desk\u00e1 spole\u010dnost p\u016fsob\u00edc\u00ed v oblasti v\u00fdroby a stroj\u00edrenstv\u00ed. Specializujeme se na v\u00fdrobu krbov\u00fdch vlo\u017eek a topen\u00e1\u0159sk\u00e9 techniky, z\u00e1rove\u0148 nab\u00edz\u00edme zak\u00e1zkovou stroj\u00edrenskou v\u00fdrobu. Realizujeme tak\u00e9 stavebn\u00ed projekty v\u010detn\u011b kovov\u00fdch konstrukc\u00ed. Na\u0161\u00ed p\u0159ednost\u00ed je kvalita, spolehlivost a individu\u00e1ln\u00ed p\u0159\u00edstup ke ka\u017ed\u00e9mu z\u00e1kazn\u00edkovi.","potentialAction":[{"@type":"SearchAction","target":{"@type":"EntryPoint","urlTemplate":"https:\/\/kretz.cz\/?s={search_term_string}"},"query-input":{"@type":"PropertyValueSpecification","valueRequired":true,"valueName":"search_term_string"}}],"inLanguage":"en-US"}]}},"jetpack_sharing_enabled":true,"_links":{"self":[{"href":"https:\/\/kretz.cz\/en\/wp-json\/wp\/v2\/product\/2040","targetHints":{"allow":["GET"]}}],"collection":[{"href":"https:\/\/kretz.cz\/en\/wp-json\/wp\/v2\/product"}],"about":[{"href":"https:\/\/kretz.cz\/en\/wp-json\/wp\/v2\/types\/product"}],"wp:featuredmedia":[{"embeddable":true,"href":"https:\/\/kretz.cz\/en\/wp-json\/wp\/v2\/media\/2018"}],"wp:attachment":[{"href":"https:\/\/kretz.cz\/en\/wp-json\/wp\/v2\/media?parent=2040"}],"wp:term":[{"taxonomy":"product_brand","embeddable":true,"href":"https:\/\/kretz.cz\/en\/wp-json\/wp\/v2\/product_brand?post=2040"},{"taxonomy":"product_cat","embeddable":true,"href":"https:\/\/kretz.cz\/en\/wp-json\/wp\/v2\/product_cat?post=2040"},{"taxonomy":"product_tag","embeddable":true,"href":"https:\/\/kretz.cz\/en\/wp-json\/wp\/v2\/product_tag?post=2040"}],"curies":[{"name":"wp","href":"https:\/\/api.w.org\/{rel}","templated":true}]}}