{"id":2038,"date":"2025-05-25T18:37:58","date_gmt":"2025-05-25T18:37:58","guid":{"rendered":"https:\/\/kretz.cz\/produkt\/kamna-echedo-2\/"},"modified":"2025-07-21T15:32:35","modified_gmt":"2025-07-21T15:32:35","slug":"kamna-echedo-2","status":"publish","type":"product","link":"https:\/\/kretz.cz\/en\/product\/kamna-echedo-2\/","title":{"rendered":"Stove ECHEDO 2"},"content":{"rendered":"<p>Designer KRETZ ECHEDO 2 stove with a combined cast iron and fireclay firebox, arched glazing, and sandstone decor - output 3-8 kW.<\/p>","protected":false},"excerpt":{"rendered":"<p>The KRETZ ECHEDO 2 stove combines a solid cast iron construction with a chammote lining for optimal combustion and long-lasting heat retention. Its 3-8 kW output comfortably heats spaces up to 240 m\u00b3. The arched glazing provides a beautiful view of the flames from multiple angles. The flue outlet can be conveniently chosen between top and rear (150 mm). The decorative sandstone cladding gives the stove a unique natural look. Glass wash and external air intake contributes to a clean and efficient operation.<\/p>","protected":false},"featured_media":1990,"template":"","meta":[],"product_brand":[100],"product_cat":[222],"product_tag":[],"class_list":{"0":"post-2038","1":"product","2":"type-product","3":"status-publish","4":"has-post-thumbnail","6":"product_brand-kretz","7":"product_cat-kamna","8":"pa_bezrostove-topeniste-ne","9":"pa_dekor-kamen-piskovec","10":"pa_externi-prisavani-ano","11":"pa_hmotnost-165-kg","12":"pa_ochlazovaci-smycka-ne","13":"pa_proskleni-obloukove","14":"pa_prumer-kourovodu-150-mm","15":"pa_regulovatelny-oplach-skla-ano","16":"pa_regulovatelny-vykon-3-8-kw","17":"pa_sirka-krbu-540-mm","18":"pa_teplovodni-vymenik-ne","19":"pa_topeniste-litina","20":"pa_topeniste-samot","21":"pa_vysuvny-mechanismus-dveri-ne","22":"pa_vytapeny-prostor-m3-131","23":"pa_zadni-prikladani-ne","24":"description-off","26":"first","27":"instock","28":"product-type-simple"},"yoast_head":"<!-- This site is optimized with the Yoast SEO plugin v25.9 - https:\/\/yoast.com\/wordpress\/plugins\/seo\/ -->\n<title>Kamna ECHEDO 2 - KRETZ.cz - krby a krbov\u00e1 kamna<\/title>\n<meta name=\"robots\" content=\"noindex, follow\" \/>\n<meta property=\"og:locale\" content=\"en_US\" \/>\n<meta property=\"og:type\" content=\"article\" \/>\n<meta property=\"og:title\" content=\"Kamna ECHEDO 2 - KRETZ.cz - krby a krbov\u00e1 kamna\" \/>\n<meta property=\"og:description\" content=\"Kamna KRETZ ECHEDO 2 spojuj\u00ed masivn\u00ed litinovou konstrukci a \u0161amotovou v\u00fdstelku pro optim\u00e1ln\u00ed spalov\u00e1n\u00ed i dlouhodobou akumulaci tepla. Jejich v\u00fdkon 3\u20138 kW pohodln\u011b vytop\u00ed prostor do 240 m\u00b3. Obloukov\u00e9 prosklen\u00ed poskytuje kr\u00e1sn\u00fd v\u00fdhled na plameny z v\u00edce \u00fahl\u016f. Praktick\u00fd v\u00fdvod kou\u0159ovodu lze volit mezi horn\u00edm a zadn\u00edm (150 mm). Dekorativn\u00ed p\u00edskovcov\u00fd obklad p\u0159id\u00e1v\u00e1 kamen\u016fm jedine\u010dn\u00fd p\u0159\u00edrodn\u00ed vzhled. Oplach skla a p\u0159is\u00e1v\u00e1n\u00ed vzduchu zven\u010d\u00ed p\u0159isp\u00edvaj\u00ed k \u010dist\u00e9mu a efektivn\u00edmu provozu.\" \/>\n<meta property=\"og:url\" content=\"https:\/\/kretz.cz\/en\/product\/kamna-echedo-2\/\" \/>\n<meta property=\"og:site_name\" content=\"KRETZ.cz - krby a krbov\u00e1 kamna\" \/>\n<meta property=\"article:publisher\" content=\"https:\/\/www.facebook.com\/krbykretz\/\" \/>\n<meta property=\"article:modified_time\" content=\"2025-07-21T15:32:35+00:00\" \/>\n<meta property=\"og:image\" content=\"https:\/\/kretz.cz\/wp-content\/uploads\/2025\/05\/KRETZ-Echedo2.1.jpg\" \/>\n\t<meta property=\"og:image:width\" content=\"1600\" \/>\n\t<meta property=\"og:image:height\" content=\"1600\" \/>\n\t<meta property=\"og:image:type\" content=\"image\/jpeg\" \/>\n<meta name=\"twitter:card\" content=\"summary_large_image\" \/>\n<meta name=\"twitter:label1\" content=\"Est. reading time\" \/>\n\t<meta name=\"twitter:data1\" content=\"1 minute\" \/>\n<script type=\"application\/ld+json\" class=\"yoast-schema-graph\">{\"@context\":\"https:\/\/schema.org\",\"@graph\":[{\"@type\":\"WebPage\",\"@id\":\"https:\/\/kretz.cz\/produkt\/kamna-echedo-2\/\",\"url\":\"https:\/\/kretz.cz\/produkt\/kamna-echedo-2\/\",\"name\":\"Kamna ECHEDO 2 - KRETZ.cz - krby a krbov\u00e1 kamna\",\"isPartOf\":{\"@id\":\"https:\/\/kretz.cz\/#website\"},\"primaryImageOfPage\":{\"@id\":\"https:\/\/kretz.cz\/produkt\/kamna-echedo-2\/#primaryimage\"},\"image\":{\"@id\":\"https:\/\/kretz.cz\/produkt\/kamna-echedo-2\/#primaryimage\"},\"thumbnailUrl\":\"https:\/\/kretz.cz\/wp-content\/uploads\/2025\/05\/KRETZ-Echedo2.1.jpg\",\"datePublished\":\"2025-05-25T18:37:58+00:00\",\"dateModified\":\"2025-07-21T15:32:35+00:00\",\"breadcrumb\":{\"@id\":\"https:\/\/kretz.cz\/produkt\/kamna-echedo-2\/#breadcrumb\"},\"inLanguage\":\"en-US\",\"potentialAction\":[{\"@type\":\"ReadAction\",\"target\":[\"https:\/\/kretz.cz\/produkt\/kamna-echedo-2\/\"]}]},{\"@type\":\"ImageObject\",\"inLanguage\":\"en-US\",\"@id\":\"https:\/\/kretz.cz\/produkt\/kamna-echedo-2\/#primaryimage\",\"url\":\"https:\/\/kretz.cz\/wp-content\/uploads\/2025\/05\/KRETZ-Echedo2.1.jpg\",\"contentUrl\":\"https:\/\/kretz.cz\/wp-content\/uploads\/2025\/05\/KRETZ-Echedo2.1.jpg\",\"width\":1600,\"height\":1600},{\"@type\":\"BreadcrumbList\",\"@id\":\"https:\/\/kretz.cz\/produkt\/kamna-echedo-2\/#breadcrumb\",\"itemListElement\":[{\"@type\":\"ListItem\",\"position\":1,\"name\":\"Dom\u016f\",\"item\":\"https:\/\/kretz.cz\/\"},{\"@type\":\"ListItem\",\"position\":2,\"name\":\"Template &#8211; Sidebar &#8211; Archive pages\",\"item\":\"https:\/\/kretz.cz\/template-sidebar-archive-pages\/\"},{\"@type\":\"ListItem\",\"position\":3,\"name\":\"Kamna ECHEDO 2\"}]},{\"@type\":\"WebSite\",\"@id\":\"https:\/\/kretz.cz\/#website\",\"url\":\"https:\/\/kretz.cz\/\",\"name\":\"KRETZ.cz - krby a krbov\u00e1 kamna\",\"description\":\"Jsme \u010desk\u00e1 spole\u010dnost p\u016fsob\u00edc\u00ed v oblasti v\u00fdroby a stroj\u00edrenstv\u00ed. Specializujeme se na v\u00fdrobu krbov\u00fdch vlo\u017eek a topen\u00e1\u0159sk\u00e9 techniky, z\u00e1rove\u0148 nab\u00edz\u00edme zak\u00e1zkovou stroj\u00edrenskou v\u00fdrobu. Realizujeme tak\u00e9 stavebn\u00ed projekty v\u010detn\u011b kovov\u00fdch konstrukc\u00ed. Na\u0161\u00ed p\u0159ednost\u00ed je kvalita, spolehlivost a individu\u00e1ln\u00ed p\u0159\u00edstup ke ka\u017ed\u00e9mu z\u00e1kazn\u00edkovi.\",\"potentialAction\":[{\"@type\":\"SearchAction\",\"target\":{\"@type\":\"EntryPoint\",\"urlTemplate\":\"https:\/\/kretz.cz\/?s={search_term_string}\"},\"query-input\":{\"@type\":\"PropertyValueSpecification\",\"valueRequired\":true,\"valueName\":\"search_term_string\"}}],\"inLanguage\":\"en-US\"}]}<\/script>\n<!-- \/ Yoast SEO plugin. -->","yoast_head_json":{"title":"Kamna ECHEDO 2 - KRETZ.cz - krby a krbov\u00e1 kamna","robots":{"index":"noindex","follow":"follow"},"og_locale":"en_US","og_type":"article","og_title":"Kamna ECHEDO 2 - KRETZ.cz - krby a krbov\u00e1 kamna","og_description":"Kamna KRETZ ECHEDO 2 spojuj\u00ed masivn\u00ed litinovou konstrukci a \u0161amotovou v\u00fdstelku pro optim\u00e1ln\u00ed spalov\u00e1n\u00ed i dlouhodobou akumulaci tepla. Jejich v\u00fdkon 3\u20138 kW pohodln\u011b vytop\u00ed prostor do 240 m\u00b3. Obloukov\u00e9 prosklen\u00ed poskytuje kr\u00e1sn\u00fd v\u00fdhled na plameny z v\u00edce \u00fahl\u016f. Praktick\u00fd v\u00fdvod kou\u0159ovodu lze volit mezi horn\u00edm a zadn\u00edm (150 mm). Dekorativn\u00ed p\u00edskovcov\u00fd obklad p\u0159id\u00e1v\u00e1 kamen\u016fm jedine\u010dn\u00fd p\u0159\u00edrodn\u00ed vzhled. Oplach skla a p\u0159is\u00e1v\u00e1n\u00ed vzduchu zven\u010d\u00ed p\u0159isp\u00edvaj\u00ed k \u010dist\u00e9mu a efektivn\u00edmu provozu.","og_url":"https:\/\/kretz.cz\/en\/product\/kamna-echedo-2\/","og_site_name":"KRETZ.cz - krby a krbov\u00e1 kamna","article_publisher":"https:\/\/www.facebook.com\/krbykretz\/","article_modified_time":"2025-07-21T15:32:35+00:00","og_image":[{"width":1600,"height":1600,"url":"https:\/\/kretz.cz\/wp-content\/uploads\/2025\/05\/KRETZ-Echedo2.1.jpg","type":"image\/jpeg"}],"twitter_card":"summary_large_image","twitter_misc":{"Est. reading time":"1 minute"},"schema":{"@context":"https:\/\/schema.org","@graph":[{"@type":"WebPage","@id":"https:\/\/kretz.cz\/produkt\/kamna-echedo-2\/","url":"https:\/\/kretz.cz\/produkt\/kamna-echedo-2\/","name":"Kamna ECHEDO 2 - KRETZ.cz - krby a krbov\u00e1 kamna","isPartOf":{"@id":"https:\/\/kretz.cz\/#website"},"primaryImageOfPage":{"@id":"https:\/\/kretz.cz\/produkt\/kamna-echedo-2\/#primaryimage"},"image":{"@id":"https:\/\/kretz.cz\/produkt\/kamna-echedo-2\/#primaryimage"},"thumbnailUrl":"https:\/\/kretz.cz\/wp-content\/uploads\/2025\/05\/KRETZ-Echedo2.1.jpg","datePublished":"2025-05-25T18:37:58+00:00","dateModified":"2025-07-21T15:32:35+00:00","breadcrumb":{"@id":"https:\/\/kretz.cz\/produkt\/kamna-echedo-2\/#breadcrumb"},"inLanguage":"en-US","potentialAction":[{"@type":"ReadAction","target":["https:\/\/kretz.cz\/produkt\/kamna-echedo-2\/"]}]},{"@type":"ImageObject","inLanguage":"en-US","@id":"https:\/\/kretz.cz\/produkt\/kamna-echedo-2\/#primaryimage","url":"https:\/\/kretz.cz\/wp-content\/uploads\/2025\/05\/KRETZ-Echedo2.1.jpg","contentUrl":"https:\/\/kretz.cz\/wp-content\/uploads\/2025\/05\/KRETZ-Echedo2.1.jpg","width":1600,"height":1600},{"@type":"BreadcrumbList","@id":"https:\/\/kretz.cz\/produkt\/kamna-echedo-2\/#breadcrumb","itemListElement":[{"@type":"ListItem","position":1,"name":"Dom\u016f","item":"https:\/\/kretz.cz\/"},{"@type":"ListItem","position":2,"name":"Template &#8211; Sidebar &#8211; Archive pages","item":"https:\/\/kretz.cz\/template-sidebar-archive-pages\/"},{"@type":"ListItem","position":3,"name":"Kamna ECHEDO 2"}]},{"@type":"WebSite","@id":"https:\/\/kretz.cz\/#website","url":"https:\/\/kretz.cz\/","name":"KRETZ.cz - krby a krbov\u00e1 kamna","description":"Jsme \u010desk\u00e1 spole\u010dnost p\u016fsob\u00edc\u00ed v oblasti v\u00fdroby a stroj\u00edrenstv\u00ed. Specializujeme se na v\u00fdrobu krbov\u00fdch vlo\u017eek a topen\u00e1\u0159sk\u00e9 techniky, z\u00e1rove\u0148 nab\u00edz\u00edme zak\u00e1zkovou stroj\u00edrenskou v\u00fdrobu. Realizujeme tak\u00e9 stavebn\u00ed projekty v\u010detn\u011b kovov\u00fdch konstrukc\u00ed. Na\u0161\u00ed p\u0159ednost\u00ed je kvalita, spolehlivost a individu\u00e1ln\u00ed p\u0159\u00edstup ke ka\u017ed\u00e9mu z\u00e1kazn\u00edkovi.","potentialAction":[{"@type":"SearchAction","target":{"@type":"EntryPoint","urlTemplate":"https:\/\/kretz.cz\/?s={search_term_string}"},"query-input":{"@type":"PropertyValueSpecification","valueRequired":true,"valueName":"search_term_string"}}],"inLanguage":"en-US"}]}},"jetpack_sharing_enabled":true,"_links":{"self":[{"href":"https:\/\/kretz.cz\/en\/wp-json\/wp\/v2\/product\/2038","targetHints":{"allow":["GET"]}}],"collection":[{"href":"https:\/\/kretz.cz\/en\/wp-json\/wp\/v2\/product"}],"about":[{"href":"https:\/\/kretz.cz\/en\/wp-json\/wp\/v2\/types\/product"}],"wp:featuredmedia":[{"embeddable":true,"href":"https:\/\/kretz.cz\/en\/wp-json\/wp\/v2\/media\/1990"}],"wp:attachment":[{"href":"https:\/\/kretz.cz\/en\/wp-json\/wp\/v2\/media?parent=2038"}],"wp:term":[{"taxonomy":"product_brand","embeddable":true,"href":"https:\/\/kretz.cz\/en\/wp-json\/wp\/v2\/product_brand?post=2038"},{"taxonomy":"product_cat","embeddable":true,"href":"https:\/\/kretz.cz\/en\/wp-json\/wp\/v2\/product_cat?post=2038"},{"taxonomy":"product_tag","embeddable":true,"href":"https:\/\/kretz.cz\/en\/wp-json\/wp\/v2\/product_tag?post=2038"}],"curies":[{"name":"wp","href":"https:\/\/api.w.org\/{rel}","templated":true}]}}