{"id":2035,"date":"2025-05-25T18:37:58","date_gmt":"2025-05-25T18:37:58","guid":{"rendered":"https:\/\/kretz.cz\/produkt\/kamna-nika-604\/"},"modified":"2025-09-12T11:24:09","modified_gmt":"2025-09-12T11:24:09","slug":"kamna-nika-604","status":"publish","type":"product","link":"https:\/\/kretz.cz\/en\/product\/kamna-nika-604\/","title":{"rendered":"Stove NIKA 604"},"content":{"rendered":"<p>Classic KRETZ NIKA 604 stove with a fireclay firebox, flat doors, and an output of 5-8 kW, providing areliable heat source for homes up to 240 m\u00b3.<\/p>","protected":false},"excerpt":{"rendered":"<p>The KRETZ NIKA 604 builds on the proven concept of simple and efficient stoves with a focus on reliability. The fireclay-lined firebox ensures optimal combustion and heat retention, contributing to higher heating efficiency. Flat glazing provides a clear view of the fire, while the top flue outlet (150 mm) allows for versatile installation. The stove features a robust construction weighing 85 kg and a minimalist design without additional decorative elements. An ideal solution for both traditional and modern interiors.<\/p>","protected":false},"featured_media":2012,"template":"","meta":[],"product_brand":[100],"product_cat":[222],"product_tag":[],"class_list":{"0":"post-2035","1":"product","2":"type-product","3":"status-publish","4":"has-post-thumbnail","6":"product_brand-kretz","7":"product_cat-kamna","8":"pa_bezrostove-topeniste-ne","9":"pa_dekor-kamen-plech","10":"pa_externi-prisavani-ne","11":"pa_hmotnost-85-kg","12":"pa_ochlazovaci-smycka-ne","13":"pa_proskleni-rovne","14":"pa_prumer-kourovodu-150-mm","15":"pa_regulovatelny-oplach-skla-ne","16":"pa_regulovatelny-vykon-5-8-kw","17":"pa_sirka-krbu-484-mm","18":"pa_teplovodni-vymenik-ne","19":"pa_topeniste-samot","20":"pa_vysuvny-mechanismus-dveri-ne","21":"pa_vytapeny-prostor-m3-131","22":"pa_zadni-prikladani-ne","23":"description-off","25":"first","26":"instock","27":"product-type-simple"},"yoast_head":"<!-- This site is optimized with the Yoast SEO plugin v25.9 - https:\/\/yoast.com\/wordpress\/plugins\/seo\/ -->\n<title>Kamna NIKA 604 - KRETZ.cz - krby a krbov\u00e1 kamna<\/title>\n<meta name=\"robots\" content=\"noindex, follow\" \/>\n<meta property=\"og:locale\" content=\"en_US\" \/>\n<meta property=\"og:type\" content=\"article\" \/>\n<meta property=\"og:title\" content=\"Kamna NIKA 604 - KRETZ.cz - krby a krbov\u00e1 kamna\" \/>\n<meta property=\"og:description\" content=\"Model KRETZ NIKA 604 navazuje na osv\u011bd\u010den\u00fd koncept jednoduch\u00fdch a \u00fa\u010dinn\u00fdch kamen s d\u016frazem na spolehlivost. Topeni\u0161t\u011b vylo\u017een\u00e9 \u0161amotem zaji\u0161\u0165uje optim\u00e1ln\u00ed spalov\u00e1n\u00ed a uchov\u00e1n\u00ed tepla, co\u017e p\u0159isp\u00edv\u00e1 k vy\u0161\u0161\u00ed efektivit\u011b vyt\u00e1p\u011bn\u00ed. Rovn\u00e9 prosklen\u00ed umo\u017e\u0148uje pohodln\u00fd v\u00fdhled na ohe\u0148, zat\u00edmco horn\u00ed v\u00fdvod kou\u0159ovodu o pr\u016fm\u011bru 150 mm zaji\u0161\u0165uje univerz\u00e1ln\u00ed instalaci. Kamna maj\u00ed robustn\u00ed konstrukci s hmotnost\u00ed 85 kg a minimalistick\u00fd vzhled bez dal\u0161\u00edch dekorativn\u00edch prvk\u016f. Ide\u00e1ln\u00ed \u0159e\u0161en\u00ed pro tradi\u010dn\u00ed i modern\u00ed interi\u00e9ry.\" \/>\n<meta property=\"og:url\" content=\"https:\/\/kretz.cz\/en\/product\/kamna-nika-604\/\" \/>\n<meta property=\"og:site_name\" content=\"KRETZ.cz - krby a krbov\u00e1 kamna\" \/>\n<meta property=\"article:publisher\" content=\"https:\/\/www.facebook.com\/krbykretz\/\" \/>\n<meta property=\"article:modified_time\" content=\"2025-09-12T11:24:09+00:00\" \/>\n<meta property=\"og:image\" content=\"https:\/\/kretz.cz\/wp-content\/uploads\/2025\/05\/KRETZ-Nika604.1.jpg\" \/>\n\t<meta property=\"og:image:width\" content=\"1600\" \/>\n\t<meta property=\"og:image:height\" content=\"1600\" \/>\n\t<meta property=\"og:image:type\" content=\"image\/jpeg\" \/>\n<meta name=\"twitter:card\" content=\"summary_large_image\" \/>\n<script type=\"application\/ld+json\" class=\"yoast-schema-graph\">{\"@context\":\"https:\/\/schema.org\",\"@graph\":[{\"@type\":\"WebPage\",\"@id\":\"https:\/\/kretz.cz\/produkt\/kamna-nika-604\/\",\"url\":\"https:\/\/kretz.cz\/produkt\/kamna-nika-604\/\",\"name\":\"Kamna NIKA 604 - KRETZ.cz - krby a krbov\u00e1 kamna\",\"isPartOf\":{\"@id\":\"https:\/\/kretz.cz\/#website\"},\"primaryImageOfPage\":{\"@id\":\"https:\/\/kretz.cz\/produkt\/kamna-nika-604\/#primaryimage\"},\"image\":{\"@id\":\"https:\/\/kretz.cz\/produkt\/kamna-nika-604\/#primaryimage\"},\"thumbnailUrl\":\"https:\/\/kretz.cz\/wp-content\/uploads\/2025\/05\/KRETZ-Nika604.1.jpg\",\"datePublished\":\"2025-05-25T18:37:58+00:00\",\"dateModified\":\"2025-09-12T11:24:09+00:00\",\"breadcrumb\":{\"@id\":\"https:\/\/kretz.cz\/produkt\/kamna-nika-604\/#breadcrumb\"},\"inLanguage\":\"en-US\",\"potentialAction\":[{\"@type\":\"ReadAction\",\"target\":[\"https:\/\/kretz.cz\/produkt\/kamna-nika-604\/\"]}]},{\"@type\":\"ImageObject\",\"inLanguage\":\"en-US\",\"@id\":\"https:\/\/kretz.cz\/produkt\/kamna-nika-604\/#primaryimage\",\"url\":\"https:\/\/kretz.cz\/wp-content\/uploads\/2025\/05\/KRETZ-Nika604.1.jpg\",\"contentUrl\":\"https:\/\/kretz.cz\/wp-content\/uploads\/2025\/05\/KRETZ-Nika604.1.jpg\",\"width\":1600,\"height\":1600},{\"@type\":\"BreadcrumbList\",\"@id\":\"https:\/\/kretz.cz\/produkt\/kamna-nika-604\/#breadcrumb\",\"itemListElement\":[{\"@type\":\"ListItem\",\"position\":1,\"name\":\"Dom\u016f\",\"item\":\"https:\/\/kretz.cz\/\"},{\"@type\":\"ListItem\",\"position\":2,\"name\":\"Template &#8211; Sidebar &#8211; Archive pages\",\"item\":\"https:\/\/kretz.cz\/template-sidebar-archive-pages\/\"},{\"@type\":\"ListItem\",\"position\":3,\"name\":\"Kamna NIKA 604\"}]},{\"@type\":\"WebSite\",\"@id\":\"https:\/\/kretz.cz\/#website\",\"url\":\"https:\/\/kretz.cz\/\",\"name\":\"KRETZ.cz - krby a krbov\u00e1 kamna\",\"description\":\"Jsme \u010desk\u00e1 spole\u010dnost p\u016fsob\u00edc\u00ed v oblasti v\u00fdroby a stroj\u00edrenstv\u00ed. Specializujeme se na v\u00fdrobu krbov\u00fdch vlo\u017eek a topen\u00e1\u0159sk\u00e9 techniky, z\u00e1rove\u0148 nab\u00edz\u00edme zak\u00e1zkovou stroj\u00edrenskou v\u00fdrobu. Realizujeme tak\u00e9 stavebn\u00ed projekty v\u010detn\u011b kovov\u00fdch konstrukc\u00ed. Na\u0161\u00ed p\u0159ednost\u00ed je kvalita, spolehlivost a individu\u00e1ln\u00ed p\u0159\u00edstup ke ka\u017ed\u00e9mu z\u00e1kazn\u00edkovi.\",\"potentialAction\":[{\"@type\":\"SearchAction\",\"target\":{\"@type\":\"EntryPoint\",\"urlTemplate\":\"https:\/\/kretz.cz\/?s={search_term_string}\"},\"query-input\":{\"@type\":\"PropertyValueSpecification\",\"valueRequired\":true,\"valueName\":\"search_term_string\"}}],\"inLanguage\":\"en-US\"}]}<\/script>\n<!-- \/ Yoast SEO plugin. -->","yoast_head_json":{"title":"Kamna NIKA 604 - KRETZ.cz - krby a krbov\u00e1 kamna","robots":{"index":"noindex","follow":"follow"},"og_locale":"en_US","og_type":"article","og_title":"Kamna NIKA 604 - KRETZ.cz - krby a krbov\u00e1 kamna","og_description":"Model KRETZ NIKA 604 navazuje na osv\u011bd\u010den\u00fd koncept jednoduch\u00fdch a \u00fa\u010dinn\u00fdch kamen s d\u016frazem na spolehlivost. Topeni\u0161t\u011b vylo\u017een\u00e9 \u0161amotem zaji\u0161\u0165uje optim\u00e1ln\u00ed spalov\u00e1n\u00ed a uchov\u00e1n\u00ed tepla, co\u017e p\u0159isp\u00edv\u00e1 k vy\u0161\u0161\u00ed efektivit\u011b vyt\u00e1p\u011bn\u00ed. Rovn\u00e9 prosklen\u00ed umo\u017e\u0148uje pohodln\u00fd v\u00fdhled na ohe\u0148, zat\u00edmco horn\u00ed v\u00fdvod kou\u0159ovodu o pr\u016fm\u011bru 150 mm zaji\u0161\u0165uje univerz\u00e1ln\u00ed instalaci. Kamna maj\u00ed robustn\u00ed konstrukci s hmotnost\u00ed 85 kg a minimalistick\u00fd vzhled bez dal\u0161\u00edch dekorativn\u00edch prvk\u016f. Ide\u00e1ln\u00ed \u0159e\u0161en\u00ed pro tradi\u010dn\u00ed i modern\u00ed interi\u00e9ry.","og_url":"https:\/\/kretz.cz\/en\/product\/kamna-nika-604\/","og_site_name":"KRETZ.cz - krby a krbov\u00e1 kamna","article_publisher":"https:\/\/www.facebook.com\/krbykretz\/","article_modified_time":"2025-09-12T11:24:09+00:00","og_image":[{"width":1600,"height":1600,"url":"https:\/\/kretz.cz\/wp-content\/uploads\/2025\/05\/KRETZ-Nika604.1.jpg","type":"image\/jpeg"}],"twitter_card":"summary_large_image","schema":{"@context":"https:\/\/schema.org","@graph":[{"@type":"WebPage","@id":"https:\/\/kretz.cz\/produkt\/kamna-nika-604\/","url":"https:\/\/kretz.cz\/produkt\/kamna-nika-604\/","name":"Kamna NIKA 604 - KRETZ.cz - krby a krbov\u00e1 kamna","isPartOf":{"@id":"https:\/\/kretz.cz\/#website"},"primaryImageOfPage":{"@id":"https:\/\/kretz.cz\/produkt\/kamna-nika-604\/#primaryimage"},"image":{"@id":"https:\/\/kretz.cz\/produkt\/kamna-nika-604\/#primaryimage"},"thumbnailUrl":"https:\/\/kretz.cz\/wp-content\/uploads\/2025\/05\/KRETZ-Nika604.1.jpg","datePublished":"2025-05-25T18:37:58+00:00","dateModified":"2025-09-12T11:24:09+00:00","breadcrumb":{"@id":"https:\/\/kretz.cz\/produkt\/kamna-nika-604\/#breadcrumb"},"inLanguage":"en-US","potentialAction":[{"@type":"ReadAction","target":["https:\/\/kretz.cz\/produkt\/kamna-nika-604\/"]}]},{"@type":"ImageObject","inLanguage":"en-US","@id":"https:\/\/kretz.cz\/produkt\/kamna-nika-604\/#primaryimage","url":"https:\/\/kretz.cz\/wp-content\/uploads\/2025\/05\/KRETZ-Nika604.1.jpg","contentUrl":"https:\/\/kretz.cz\/wp-content\/uploads\/2025\/05\/KRETZ-Nika604.1.jpg","width":1600,"height":1600},{"@type":"BreadcrumbList","@id":"https:\/\/kretz.cz\/produkt\/kamna-nika-604\/#breadcrumb","itemListElement":[{"@type":"ListItem","position":1,"name":"Dom\u016f","item":"https:\/\/kretz.cz\/"},{"@type":"ListItem","position":2,"name":"Template &#8211; Sidebar &#8211; Archive pages","item":"https:\/\/kretz.cz\/template-sidebar-archive-pages\/"},{"@type":"ListItem","position":3,"name":"Kamna NIKA 604"}]},{"@type":"WebSite","@id":"https:\/\/kretz.cz\/#website","url":"https:\/\/kretz.cz\/","name":"KRETZ.cz - krby a krbov\u00e1 kamna","description":"Jsme \u010desk\u00e1 spole\u010dnost p\u016fsob\u00edc\u00ed v oblasti v\u00fdroby a stroj\u00edrenstv\u00ed. Specializujeme se na v\u00fdrobu krbov\u00fdch vlo\u017eek a topen\u00e1\u0159sk\u00e9 techniky, z\u00e1rove\u0148 nab\u00edz\u00edme zak\u00e1zkovou stroj\u00edrenskou v\u00fdrobu. Realizujeme tak\u00e9 stavebn\u00ed projekty v\u010detn\u011b kovov\u00fdch konstrukc\u00ed. Na\u0161\u00ed p\u0159ednost\u00ed je kvalita, spolehlivost a individu\u00e1ln\u00ed p\u0159\u00edstup ke ka\u017ed\u00e9mu z\u00e1kazn\u00edkovi.","potentialAction":[{"@type":"SearchAction","target":{"@type":"EntryPoint","urlTemplate":"https:\/\/kretz.cz\/?s={search_term_string}"},"query-input":{"@type":"PropertyValueSpecification","valueRequired":true,"valueName":"search_term_string"}}],"inLanguage":"en-US"}]}},"jetpack_sharing_enabled":true,"_links":{"self":[{"href":"https:\/\/kretz.cz\/en\/wp-json\/wp\/v2\/product\/2035","targetHints":{"allow":["GET"]}}],"collection":[{"href":"https:\/\/kretz.cz\/en\/wp-json\/wp\/v2\/product"}],"about":[{"href":"https:\/\/kretz.cz\/en\/wp-json\/wp\/v2\/types\/product"}],"wp:featuredmedia":[{"embeddable":true,"href":"https:\/\/kretz.cz\/en\/wp-json\/wp\/v2\/media\/2012"}],"wp:attachment":[{"href":"https:\/\/kretz.cz\/en\/wp-json\/wp\/v2\/media?parent=2035"}],"wp:term":[{"taxonomy":"product_brand","embeddable":true,"href":"https:\/\/kretz.cz\/en\/wp-json\/wp\/v2\/product_brand?post=2035"},{"taxonomy":"product_cat","embeddable":true,"href":"https:\/\/kretz.cz\/en\/wp-json\/wp\/v2\/product_cat?post=2035"},{"taxonomy":"product_tag","embeddable":true,"href":"https:\/\/kretz.cz\/en\/wp-json\/wp\/v2\/product_tag?post=2035"}],"curies":[{"name":"wp","href":"https:\/\/api.w.org\/{rel}","templated":true}]}}