{"id":1744,"date":"2025-05-19T20:21:19","date_gmt":"2025-05-19T20:21:19","guid":{"rendered":"https:\/\/kretz.cz\/produkt\/krbova-vlozka-x3000\/"},"modified":"2025-09-17T07:36:26","modified_gmt":"2025-09-17T07:36:26","slug":"krbova-vlozka-x3000","status":"publish","type":"product","link":"https:\/\/kretz.cz\/en\/product\/krbova-vlozka-x3000\/","title":{"rendered":"Krbov\u00e1 vlo\u017eka X3000"},"content":{"rendered":"<p>S v\u00fdkonem 30 kW a vyt\u00e1penou plochou a\u017e 900 m2 je KRETZ X3000 ide\u00e1ln\u00ed pro velk\u00e9 obytn\u00e9 nebo komercn\u00ed prostory. Tr\u00edstrann\u00e9 prosklen\u00ed nab\u00edz\u00ed jedinecn\u00fd pohled na ohen z v\u00edce \u00fahlu, zat\u00edmco \u017e\u00e1rov\u00e1 ocel zarucuje dlouhou \u017eivotnost i pri intenzivn\u00edm pou\u017e\u00edv\u00e1n\u00ed. Navzdory sv\u00e9 robustn\u00ed konstrukci umo\u017enuje extern\u00ed pris\u00e1v\u00e1n\u00ed a efektivn\u00ed spalov\u00e1n\u00ed s vysokou \u00facinnost\u00ed 76 %.<\/p>","protected":false},"excerpt":{"rendered":"<p>KRETZ X3000 je exkluzivn\u00ed tr\u00edstrann\u00e1 krbov\u00e1 vlo\u017eka s mimor\u00e1dn\u00fdm v\u00fdkonem a odolnou konstrukc\u00ed z \u017e\u00e1rov\u00e9 oceli.<\/p>","protected":false},"featured_media":1718,"template":"","meta":[],"product_brand":[100],"product_cat":[22],"product_tag":[438],"class_list":{"0":"post-1744","1":"product","2":"type-product","3":"status-publish","4":"has-post-thumbnail","6":"product_brand-kretz","7":"product_cat-teplovzdusne","8":"product_tag-x","9":"pa_bezrostove-topeniste-ne","10":"pa_externi-prisavani-ano","11":"pa_hmotnost-820-kg","12":"pa_proskleni-tristranne","13":"pa_prumer-kourovodu-250-mm","14":"pa_regulovatelny-oplach-skla-ano","15":"pa_regulovatelny-vykon-162","16":"pa_sirka-krbu-1316-mm","17":"pa_teplovodni-vymenik-ne","18":"pa_topeniste-zarova-ocel","19":"pa_vysuvny-mechanismus-dveri-ano","20":"pa_vytapeny-prostor-m3-163","21":"pa_zadni-prikladani-ne","22":"description-off","24":"first","25":"instock","26":"product-type-simple"},"yoast_head":"<!-- This site is optimized with the Yoast SEO plugin v25.9 - https:\/\/yoast.com\/wordpress\/plugins\/seo\/ -->\n<title>Krbov\u00e1 vlo\u017eka X3000 - KRETZ.cz - krby a krbov\u00e1 kamna<\/title>\n<meta name=\"robots\" content=\"noindex, follow\" \/>\n<meta property=\"og:locale\" content=\"en_US\" \/>\n<meta property=\"og:type\" content=\"article\" \/>\n<meta property=\"og:title\" content=\"Krbov\u00e1 vlo\u017eka X3000 - KRETZ.cz - krby a krbov\u00e1 kamna\" \/>\n<meta property=\"og:description\" content=\"KRETZ X3000 je exkluzivn\u00ed tr\u00edstrann\u00e1 krbov\u00e1 vlo\u017eka s mimor\u00e1dn\u00fdm v\u00fdkonem a odolnou konstrukc\u00ed z \u017e\u00e1rov\u00e9 oceli.\" \/>\n<meta property=\"og:url\" content=\"https:\/\/kretz.cz\/en\/product\/krbova-vlozka-x3000\/\" \/>\n<meta property=\"og:site_name\" content=\"KRETZ.cz - krby a krbov\u00e1 kamna\" \/>\n<meta property=\"article:publisher\" content=\"https:\/\/www.facebook.com\/krbykretz\/\" \/>\n<meta property=\"article:modified_time\" content=\"2025-09-17T07:36:26+00:00\" \/>\n<meta property=\"og:image\" content=\"http:\/\/kretz.cz\/wp-content\/uploads\/2025\/05\/KRETZ-X3000.1.jpg\" \/>\n\t<meta property=\"og:image:width\" content=\"1200\" \/>\n\t<meta property=\"og:image:height\" content=\"1200\" \/>\n\t<meta property=\"og:image:type\" content=\"image\/jpeg\" \/>\n<meta name=\"twitter:card\" content=\"summary_large_image\" \/>\n<meta name=\"twitter:label1\" content=\"Est. reading time\" \/>\n\t<meta name=\"twitter:data1\" content=\"1 minute\" \/>\n<script type=\"application\/ld+json\" class=\"yoast-schema-graph\">{\"@context\":\"https:\/\/schema.org\",\"@graph\":[{\"@type\":\"WebPage\",\"@id\":\"https:\/\/kretz.cz\/produkt\/krbova-vlozka-x3000\/\",\"url\":\"https:\/\/kretz.cz\/produkt\/krbova-vlozka-x3000\/\",\"name\":\"Krbov\u00e1 vlo\u017eka X3000 - KRETZ.cz - krby a krbov\u00e1 kamna\",\"isPartOf\":{\"@id\":\"https:\/\/kretz.cz\/#website\"},\"primaryImageOfPage\":{\"@id\":\"https:\/\/kretz.cz\/produkt\/krbova-vlozka-x3000\/#primaryimage\"},\"image\":{\"@id\":\"https:\/\/kretz.cz\/produkt\/krbova-vlozka-x3000\/#primaryimage\"},\"thumbnailUrl\":\"https:\/\/kretz.cz\/wp-content\/uploads\/2025\/05\/KRETZ-X3000.1.jpg\",\"datePublished\":\"2025-05-19T20:21:19+00:00\",\"dateModified\":\"2025-09-17T07:36:26+00:00\",\"breadcrumb\":{\"@id\":\"https:\/\/kretz.cz\/produkt\/krbova-vlozka-x3000\/#breadcrumb\"},\"inLanguage\":\"en-US\",\"potentialAction\":[{\"@type\":\"ReadAction\",\"target\":[\"https:\/\/kretz.cz\/produkt\/krbova-vlozka-x3000\/\"]}]},{\"@type\":\"ImageObject\",\"inLanguage\":\"en-US\",\"@id\":\"https:\/\/kretz.cz\/produkt\/krbova-vlozka-x3000\/#primaryimage\",\"url\":\"https:\/\/kretz.cz\/wp-content\/uploads\/2025\/05\/KRETZ-X3000.1.jpg\",\"contentUrl\":\"https:\/\/kretz.cz\/wp-content\/uploads\/2025\/05\/KRETZ-X3000.1.jpg\",\"width\":1200,\"height\":1200},{\"@type\":\"BreadcrumbList\",\"@id\":\"https:\/\/kretz.cz\/produkt\/krbova-vlozka-x3000\/#breadcrumb\",\"itemListElement\":[{\"@type\":\"ListItem\",\"position\":1,\"name\":\"Dom\u016f\",\"item\":\"https:\/\/kretz.cz\/\"},{\"@type\":\"ListItem\",\"position\":2,\"name\":\"Template &#8211; Sidebar &#8211; Archive pages\",\"item\":\"https:\/\/kretz.cz\/template-sidebar-archive-pages\/\"},{\"@type\":\"ListItem\",\"position\":3,\"name\":\"Krbov\u00e1 vlo\u017eka X3000\"}]},{\"@type\":\"WebSite\",\"@id\":\"https:\/\/kretz.cz\/#website\",\"url\":\"https:\/\/kretz.cz\/\",\"name\":\"KRETZ.cz - krby a krbov\u00e1 kamna\",\"description\":\"Jsme \u010desk\u00e1 spole\u010dnost p\u016fsob\u00edc\u00ed v oblasti v\u00fdroby a stroj\u00edrenstv\u00ed. Specializujeme se na v\u00fdrobu krbov\u00fdch vlo\u017eek a topen\u00e1\u0159sk\u00e9 techniky, z\u00e1rove\u0148 nab\u00edz\u00edme zak\u00e1zkovou stroj\u00edrenskou v\u00fdrobu. Realizujeme tak\u00e9 stavebn\u00ed projekty v\u010detn\u011b kovov\u00fdch konstrukc\u00ed. Na\u0161\u00ed p\u0159ednost\u00ed je kvalita, spolehlivost a individu\u00e1ln\u00ed p\u0159\u00edstup ke ka\u017ed\u00e9mu z\u00e1kazn\u00edkovi.\",\"potentialAction\":[{\"@type\":\"SearchAction\",\"target\":{\"@type\":\"EntryPoint\",\"urlTemplate\":\"https:\/\/kretz.cz\/?s={search_term_string}\"},\"query-input\":{\"@type\":\"PropertyValueSpecification\",\"valueRequired\":true,\"valueName\":\"search_term_string\"}}],\"inLanguage\":\"en-US\"}]}<\/script>\n<!-- \/ Yoast SEO plugin. -->","yoast_head_json":{"title":"Krbov\u00e1 vlo\u017eka X3000 - KRETZ.cz - krby a krbov\u00e1 kamna","robots":{"index":"noindex","follow":"follow"},"og_locale":"en_US","og_type":"article","og_title":"Krbov\u00e1 vlo\u017eka X3000 - KRETZ.cz - krby a krbov\u00e1 kamna","og_description":"KRETZ X3000 je exkluzivn\u00ed tr\u00edstrann\u00e1 krbov\u00e1 vlo\u017eka s mimor\u00e1dn\u00fdm v\u00fdkonem a odolnou konstrukc\u00ed z \u017e\u00e1rov\u00e9 oceli.","og_url":"https:\/\/kretz.cz\/en\/product\/krbova-vlozka-x3000\/","og_site_name":"KRETZ.cz - krby a krbov\u00e1 kamna","article_publisher":"https:\/\/www.facebook.com\/krbykretz\/","article_modified_time":"2025-09-17T07:36:26+00:00","og_image":[{"width":1200,"height":1200,"url":"http:\/\/kretz.cz\/wp-content\/uploads\/2025\/05\/KRETZ-X3000.1.jpg","type":"image\/jpeg"}],"twitter_card":"summary_large_image","twitter_misc":{"Est. reading time":"1 minute"},"schema":{"@context":"https:\/\/schema.org","@graph":[{"@type":"WebPage","@id":"https:\/\/kretz.cz\/produkt\/krbova-vlozka-x3000\/","url":"https:\/\/kretz.cz\/produkt\/krbova-vlozka-x3000\/","name":"Krbov\u00e1 vlo\u017eka X3000 - KRETZ.cz - krby a krbov\u00e1 kamna","isPartOf":{"@id":"https:\/\/kretz.cz\/#website"},"primaryImageOfPage":{"@id":"https:\/\/kretz.cz\/produkt\/krbova-vlozka-x3000\/#primaryimage"},"image":{"@id":"https:\/\/kretz.cz\/produkt\/krbova-vlozka-x3000\/#primaryimage"},"thumbnailUrl":"https:\/\/kretz.cz\/wp-content\/uploads\/2025\/05\/KRETZ-X3000.1.jpg","datePublished":"2025-05-19T20:21:19+00:00","dateModified":"2025-09-17T07:36:26+00:00","breadcrumb":{"@id":"https:\/\/kretz.cz\/produkt\/krbova-vlozka-x3000\/#breadcrumb"},"inLanguage":"en-US","potentialAction":[{"@type":"ReadAction","target":["https:\/\/kretz.cz\/produkt\/krbova-vlozka-x3000\/"]}]},{"@type":"ImageObject","inLanguage":"en-US","@id":"https:\/\/kretz.cz\/produkt\/krbova-vlozka-x3000\/#primaryimage","url":"https:\/\/kretz.cz\/wp-content\/uploads\/2025\/05\/KRETZ-X3000.1.jpg","contentUrl":"https:\/\/kretz.cz\/wp-content\/uploads\/2025\/05\/KRETZ-X3000.1.jpg","width":1200,"height":1200},{"@type":"BreadcrumbList","@id":"https:\/\/kretz.cz\/produkt\/krbova-vlozka-x3000\/#breadcrumb","itemListElement":[{"@type":"ListItem","position":1,"name":"Dom\u016f","item":"https:\/\/kretz.cz\/"},{"@type":"ListItem","position":2,"name":"Template &#8211; Sidebar &#8211; Archive pages","item":"https:\/\/kretz.cz\/template-sidebar-archive-pages\/"},{"@type":"ListItem","position":3,"name":"Krbov\u00e1 vlo\u017eka X3000"}]},{"@type":"WebSite","@id":"https:\/\/kretz.cz\/#website","url":"https:\/\/kretz.cz\/","name":"KRETZ.cz - krby a krbov\u00e1 kamna","description":"Jsme \u010desk\u00e1 spole\u010dnost p\u016fsob\u00edc\u00ed v oblasti v\u00fdroby a stroj\u00edrenstv\u00ed. Specializujeme se na v\u00fdrobu krbov\u00fdch vlo\u017eek a topen\u00e1\u0159sk\u00e9 techniky, z\u00e1rove\u0148 nab\u00edz\u00edme zak\u00e1zkovou stroj\u00edrenskou v\u00fdrobu. Realizujeme tak\u00e9 stavebn\u00ed projekty v\u010detn\u011b kovov\u00fdch konstrukc\u00ed. Na\u0161\u00ed p\u0159ednost\u00ed je kvalita, spolehlivost a individu\u00e1ln\u00ed p\u0159\u00edstup ke ka\u017ed\u00e9mu z\u00e1kazn\u00edkovi.","potentialAction":[{"@type":"SearchAction","target":{"@type":"EntryPoint","urlTemplate":"https:\/\/kretz.cz\/?s={search_term_string}"},"query-input":{"@type":"PropertyValueSpecification","valueRequired":true,"valueName":"search_term_string"}}],"inLanguage":"en-US"}]}},"jetpack_sharing_enabled":true,"_links":{"self":[{"href":"https:\/\/kretz.cz\/en\/wp-json\/wp\/v2\/product\/1744","targetHints":{"allow":["GET"]}}],"collection":[{"href":"https:\/\/kretz.cz\/en\/wp-json\/wp\/v2\/product"}],"about":[{"href":"https:\/\/kretz.cz\/en\/wp-json\/wp\/v2\/types\/product"}],"wp:featuredmedia":[{"embeddable":true,"href":"https:\/\/kretz.cz\/en\/wp-json\/wp\/v2\/media\/1718"}],"wp:attachment":[{"href":"https:\/\/kretz.cz\/en\/wp-json\/wp\/v2\/media?parent=1744"}],"wp:term":[{"taxonomy":"product_brand","embeddable":true,"href":"https:\/\/kretz.cz\/en\/wp-json\/wp\/v2\/product_brand?post=1744"},{"taxonomy":"product_cat","embeddable":true,"href":"https:\/\/kretz.cz\/en\/wp-json\/wp\/v2\/product_cat?post=1744"},{"taxonomy":"product_tag","embeddable":true,"href":"https:\/\/kretz.cz\/en\/wp-json\/wp\/v2\/product_tag?post=1744"}],"curies":[{"name":"wp","href":"https:\/\/api.w.org\/{rel}","templated":true}]}}