{"id":1511,"date":"2025-05-14T09:09:28","date_gmt":"2025-05-14T09:09:28","guid":{"rendered":"https:\/\/kretz.cz\/produkt\/krbova-vlozka-a305\/"},"modified":"2025-05-14T09:09:38","modified_gmt":"2025-05-14T09:09:38","slug":"krbova-vlozka-a305","status":"publish","type":"product","link":"https:\/\/kretz.cz\/en\/product\/krbova-vlozka-a305\/","title":{"rendered":"Krbov\u00e1 vlo\u017eka A305"},"content":{"rendered":"<p>Krbov\u00e1 vlo\u017eka KRETZ A305 kombinuje estetick\u00fd obloukov\u00fd design s praktickou funk\u010dnost\u00ed. S hmotnost\u00ed 130 kg a \u0161\u00ed\u0159kou 661 mm nab\u00edz\u00ed kompaktn\u00ed, ale v\u00fdkonn\u00e9 \u0159e\u0161en\u00ed pro vyt\u00e1p\u011bn\u00ed prostor\u016f a\u017e 420 m\u00b3. Litinov\u00e9 t\u011bleso zaji\u0161\u0165uje vynikaj\u00edc\u00ed akumulaci tepla a dlouhou \u017eivotnost, p\u0159i\u010dem\u017e \u00fa\u010dinnost 73% garantuje hospod\u00e1rn\u00fd provoz. Obloukov\u00e9 prosklen\u00ed dod\u00e1v\u00e1 interi\u00e9ru osobit\u00fd styl a umo\u017e\u0148uje p\u016fsobiv\u00fd v\u00fdhled na plameny, kter\u00fd udr\u017euje \u010dist\u00fd automatick\u00fd syst\u00e9m oplachu skla. Extern\u00ed p\u0159is\u00e1v\u00e1n\u00ed vzduchu zlep\u0161uje kvalitu ho\u0159en\u00ed. Pr\u016fm\u011br kou\u0159ovodu 150 mm usnad\u0148uje instalaci. Tato vlo\u017eka je ide\u00e1ln\u00ed volbou pro ty, kte\u0159\u00ed cht\u011bj\u00ed spojit p\u0159\u00edjemnou atmosf\u00e9ru krbu s modern\u00edmi technologiemi a efektivn\u00edm vyt\u00e1p\u011bn\u00edm.<\/p>","protected":false},"excerpt":{"rendered":"<p>Elegantn\u00ed krbov\u00e1 vlo\u017eka KRETZ A305 s obloukov\u00fdm prosklen\u00edm a litinov\u00fdm t\u011blesem nab\u00edz\u00ed v\u00fdkon 14 kW a \u00fa\u010dinnost 73%, ide\u00e1ln\u00ed pro vyt\u00e1p\u011bn\u00ed prostor\u016f do 420 m\u00b3 s automatick\u00fdm \u010di\u0161t\u011bn\u00edm skla.<\/p>","protected":false},"featured_media":1340,"template":"","meta":[],"product_brand":[100],"product_cat":[22],"product_tag":[],"class_list":{"0":"post-1511","1":"product","2":"type-product","3":"status-publish","4":"has-post-thumbnail","6":"product_brand-kretz","7":"product_cat-teplovzdusne","8":"pa_bezrostove-topeniste-ne","9":"pa_externi-prisavani-ano","10":"pa_hmotnost-130-kg","11":"pa_proskleni-obloukove","12":"pa_prumer-kourovodu-150-mm","13":"pa_regulovatelny-oplach-skla-ano","14":"pa_regulovatelny-vykon-98","15":"pa_sirka-krbu-661-mm","16":"pa_teplovodni-vymenik-ne","17":"pa_topeniste-litina","18":"pa_vysuvny-mechanismus-dveri-ne","19":"pa_vytapeny-prostor-m3-99","20":"pa_zadni-prikladani-ne","21":"description-off","23":"first","24":"instock","25":"product-type-simple"},"yoast_head":"<!-- This site is optimized with the Yoast SEO plugin v25.9 - https:\/\/yoast.com\/wordpress\/plugins\/seo\/ -->\n<title>Krbov\u00e1 vlo\u017eka A305 - KRETZ.cz - krby a krbov\u00e1 kamna<\/title>\n<meta name=\"robots\" content=\"noindex, follow\" \/>\n<meta property=\"og:locale\" content=\"en_US\" \/>\n<meta property=\"og:type\" content=\"article\" \/>\n<meta property=\"og:title\" content=\"Krbov\u00e1 vlo\u017eka A305 - KRETZ.cz - krby a krbov\u00e1 kamna\" \/>\n<meta property=\"og:description\" content=\"Elegantn\u00ed krbov\u00e1 vlo\u017eka KRETZ A305 s obloukov\u00fdm prosklen\u00edm a litinov\u00fdm t\u011blesem nab\u00edz\u00ed v\u00fdkon 14 kW a \u00fa\u010dinnost 73%, ide\u00e1ln\u00ed pro vyt\u00e1p\u011bn\u00ed prostor\u016f do 420 m\u00b3 s automatick\u00fdm \u010di\u0161t\u011bn\u00edm skla.\" \/>\n<meta property=\"og:url\" content=\"https:\/\/kretz.cz\/en\/product\/krbova-vlozka-a305\/\" \/>\n<meta property=\"og:site_name\" content=\"KRETZ.cz - krby a krbov\u00e1 kamna\" \/>\n<meta property=\"article:publisher\" content=\"https:\/\/www.facebook.com\/krbykretz\/\" \/>\n<meta property=\"article:modified_time\" content=\"2025-05-14T09:09:38+00:00\" \/>\n<meta property=\"og:image\" content=\"https:\/\/kretz.cz\/wp-content\/uploads\/2025\/05\/KRETZ-A305.1.jpg\" \/>\n\t<meta property=\"og:image:width\" content=\"1200\" \/>\n\t<meta property=\"og:image:height\" content=\"1200\" \/>\n\t<meta property=\"og:image:type\" content=\"image\/jpeg\" \/>\n<meta name=\"twitter:card\" content=\"summary_large_image\" \/>\n<meta name=\"twitter:label1\" content=\"Est. reading time\" \/>\n\t<meta name=\"twitter:data1\" content=\"1 minute\" \/>\n<script type=\"application\/ld+json\" class=\"yoast-schema-graph\">{\"@context\":\"https:\/\/schema.org\",\"@graph\":[{\"@type\":\"WebPage\",\"@id\":\"https:\/\/kretz.cz\/produkt\/krbova-vlozka-a305\/\",\"url\":\"https:\/\/kretz.cz\/produkt\/krbova-vlozka-a305\/\",\"name\":\"Krbov\u00e1 vlo\u017eka A305 - KRETZ.cz - krby a krbov\u00e1 kamna\",\"isPartOf\":{\"@id\":\"https:\/\/kretz.cz\/#website\"},\"primaryImageOfPage\":{\"@id\":\"https:\/\/kretz.cz\/produkt\/krbova-vlozka-a305\/#primaryimage\"},\"image\":{\"@id\":\"https:\/\/kretz.cz\/produkt\/krbova-vlozka-a305\/#primaryimage\"},\"thumbnailUrl\":\"https:\/\/kretz.cz\/wp-content\/uploads\/2025\/05\/KRETZ-A305.1.jpg\",\"datePublished\":\"2025-05-14T09:09:28+00:00\",\"dateModified\":\"2025-05-14T09:09:38+00:00\",\"breadcrumb\":{\"@id\":\"https:\/\/kretz.cz\/produkt\/krbova-vlozka-a305\/#breadcrumb\"},\"inLanguage\":\"en-US\",\"potentialAction\":[{\"@type\":\"ReadAction\",\"target\":[\"https:\/\/kretz.cz\/produkt\/krbova-vlozka-a305\/\"]}]},{\"@type\":\"ImageObject\",\"inLanguage\":\"en-US\",\"@id\":\"https:\/\/kretz.cz\/produkt\/krbova-vlozka-a305\/#primaryimage\",\"url\":\"https:\/\/kretz.cz\/wp-content\/uploads\/2025\/05\/KRETZ-A305.1.jpg\",\"contentUrl\":\"https:\/\/kretz.cz\/wp-content\/uploads\/2025\/05\/KRETZ-A305.1.jpg\",\"width\":1200,\"height\":1200},{\"@type\":\"BreadcrumbList\",\"@id\":\"https:\/\/kretz.cz\/produkt\/krbova-vlozka-a305\/#breadcrumb\",\"itemListElement\":[{\"@type\":\"ListItem\",\"position\":1,\"name\":\"Dom\u016f\",\"item\":\"https:\/\/kretz.cz\/\"},{\"@type\":\"ListItem\",\"position\":2,\"name\":\"Template &#8211; Sidebar &#8211; Archive pages\",\"item\":\"https:\/\/kretz.cz\/template-sidebar-archive-pages\/\"},{\"@type\":\"ListItem\",\"position\":3,\"name\":\"Krbov\u00e1 vlo\u017eka A305\"}]},{\"@type\":\"WebSite\",\"@id\":\"https:\/\/kretz.cz\/#website\",\"url\":\"https:\/\/kretz.cz\/\",\"name\":\"KRETZ.cz - krby a krbov\u00e1 kamna\",\"description\":\"Jsme \u010desk\u00e1 spole\u010dnost p\u016fsob\u00edc\u00ed v oblasti v\u00fdroby a stroj\u00edrenstv\u00ed. Specializujeme se na v\u00fdrobu krbov\u00fdch vlo\u017eek a topen\u00e1\u0159sk\u00e9 techniky, z\u00e1rove\u0148 nab\u00edz\u00edme zak\u00e1zkovou stroj\u00edrenskou v\u00fdrobu. Realizujeme tak\u00e9 stavebn\u00ed projekty v\u010detn\u011b kovov\u00fdch konstrukc\u00ed. Na\u0161\u00ed p\u0159ednost\u00ed je kvalita, spolehlivost a individu\u00e1ln\u00ed p\u0159\u00edstup ke ka\u017ed\u00e9mu z\u00e1kazn\u00edkovi.\",\"potentialAction\":[{\"@type\":\"SearchAction\",\"target\":{\"@type\":\"EntryPoint\",\"urlTemplate\":\"https:\/\/kretz.cz\/?s={search_term_string}\"},\"query-input\":{\"@type\":\"PropertyValueSpecification\",\"valueRequired\":true,\"valueName\":\"search_term_string\"}}],\"inLanguage\":\"en-US\"}]}<\/script>\n<!-- \/ Yoast SEO plugin. -->","yoast_head_json":{"title":"Krbov\u00e1 vlo\u017eka A305 - KRETZ.cz - krby a krbov\u00e1 kamna","robots":{"index":"noindex","follow":"follow"},"og_locale":"en_US","og_type":"article","og_title":"Krbov\u00e1 vlo\u017eka A305 - KRETZ.cz - krby a krbov\u00e1 kamna","og_description":"Elegantn\u00ed krbov\u00e1 vlo\u017eka KRETZ A305 s obloukov\u00fdm prosklen\u00edm a litinov\u00fdm t\u011blesem nab\u00edz\u00ed v\u00fdkon 14 kW a \u00fa\u010dinnost 73%, ide\u00e1ln\u00ed pro vyt\u00e1p\u011bn\u00ed prostor\u016f do 420 m\u00b3 s automatick\u00fdm \u010di\u0161t\u011bn\u00edm skla.","og_url":"https:\/\/kretz.cz\/en\/product\/krbova-vlozka-a305\/","og_site_name":"KRETZ.cz - krby a krbov\u00e1 kamna","article_publisher":"https:\/\/www.facebook.com\/krbykretz\/","article_modified_time":"2025-05-14T09:09:38+00:00","og_image":[{"width":1200,"height":1200,"url":"https:\/\/kretz.cz\/wp-content\/uploads\/2025\/05\/KRETZ-A305.1.jpg","type":"image\/jpeg"}],"twitter_card":"summary_large_image","twitter_misc":{"Est. reading time":"1 minute"},"schema":{"@context":"https:\/\/schema.org","@graph":[{"@type":"WebPage","@id":"https:\/\/kretz.cz\/produkt\/krbova-vlozka-a305\/","url":"https:\/\/kretz.cz\/produkt\/krbova-vlozka-a305\/","name":"Krbov\u00e1 vlo\u017eka A305 - KRETZ.cz - krby a krbov\u00e1 kamna","isPartOf":{"@id":"https:\/\/kretz.cz\/#website"},"primaryImageOfPage":{"@id":"https:\/\/kretz.cz\/produkt\/krbova-vlozka-a305\/#primaryimage"},"image":{"@id":"https:\/\/kretz.cz\/produkt\/krbova-vlozka-a305\/#primaryimage"},"thumbnailUrl":"https:\/\/kretz.cz\/wp-content\/uploads\/2025\/05\/KRETZ-A305.1.jpg","datePublished":"2025-05-14T09:09:28+00:00","dateModified":"2025-05-14T09:09:38+00:00","breadcrumb":{"@id":"https:\/\/kretz.cz\/produkt\/krbova-vlozka-a305\/#breadcrumb"},"inLanguage":"en-US","potentialAction":[{"@type":"ReadAction","target":["https:\/\/kretz.cz\/produkt\/krbova-vlozka-a305\/"]}]},{"@type":"ImageObject","inLanguage":"en-US","@id":"https:\/\/kretz.cz\/produkt\/krbova-vlozka-a305\/#primaryimage","url":"https:\/\/kretz.cz\/wp-content\/uploads\/2025\/05\/KRETZ-A305.1.jpg","contentUrl":"https:\/\/kretz.cz\/wp-content\/uploads\/2025\/05\/KRETZ-A305.1.jpg","width":1200,"height":1200},{"@type":"BreadcrumbList","@id":"https:\/\/kretz.cz\/produkt\/krbova-vlozka-a305\/#breadcrumb","itemListElement":[{"@type":"ListItem","position":1,"name":"Dom\u016f","item":"https:\/\/kretz.cz\/"},{"@type":"ListItem","position":2,"name":"Template &#8211; Sidebar &#8211; Archive pages","item":"https:\/\/kretz.cz\/template-sidebar-archive-pages\/"},{"@type":"ListItem","position":3,"name":"Krbov\u00e1 vlo\u017eka A305"}]},{"@type":"WebSite","@id":"https:\/\/kretz.cz\/#website","url":"https:\/\/kretz.cz\/","name":"KRETZ.cz - krby a krbov\u00e1 kamna","description":"Jsme \u010desk\u00e1 spole\u010dnost p\u016fsob\u00edc\u00ed v oblasti v\u00fdroby a stroj\u00edrenstv\u00ed. Specializujeme se na v\u00fdrobu krbov\u00fdch vlo\u017eek a topen\u00e1\u0159sk\u00e9 techniky, z\u00e1rove\u0148 nab\u00edz\u00edme zak\u00e1zkovou stroj\u00edrenskou v\u00fdrobu. Realizujeme tak\u00e9 stavebn\u00ed projekty v\u010detn\u011b kovov\u00fdch konstrukc\u00ed. Na\u0161\u00ed p\u0159ednost\u00ed je kvalita, spolehlivost a individu\u00e1ln\u00ed p\u0159\u00edstup ke ka\u017ed\u00e9mu z\u00e1kazn\u00edkovi.","potentialAction":[{"@type":"SearchAction","target":{"@type":"EntryPoint","urlTemplate":"https:\/\/kretz.cz\/?s={search_term_string}"},"query-input":{"@type":"PropertyValueSpecification","valueRequired":true,"valueName":"search_term_string"}}],"inLanguage":"en-US"}]}},"jetpack_sharing_enabled":true,"_links":{"self":[{"href":"https:\/\/kretz.cz\/en\/wp-json\/wp\/v2\/product\/1511","targetHints":{"allow":["GET"]}}],"collection":[{"href":"https:\/\/kretz.cz\/en\/wp-json\/wp\/v2\/product"}],"about":[{"href":"https:\/\/kretz.cz\/en\/wp-json\/wp\/v2\/types\/product"}],"wp:featuredmedia":[{"embeddable":true,"href":"https:\/\/kretz.cz\/en\/wp-json\/wp\/v2\/media\/1340"}],"wp:attachment":[{"href":"https:\/\/kretz.cz\/en\/wp-json\/wp\/v2\/media?parent=1511"}],"wp:term":[{"taxonomy":"product_brand","embeddable":true,"href":"https:\/\/kretz.cz\/en\/wp-json\/wp\/v2\/product_brand?post=1511"},{"taxonomy":"product_cat","embeddable":true,"href":"https:\/\/kretz.cz\/en\/wp-json\/wp\/v2\/product_cat?post=1511"},{"taxonomy":"product_tag","embeddable":true,"href":"https:\/\/kretz.cz\/en\/wp-json\/wp\/v2\/product_tag?post=1511"}],"curies":[{"name":"wp","href":"https:\/\/api.w.org\/{rel}","templated":true}]}}