{"id":1500,"date":"2025-05-14T09:09:28","date_gmt":"2025-05-14T09:09:28","guid":{"rendered":"https:\/\/kretz.cz\/produkt\/krbova-vlozka-a201\/"},"modified":"2025-09-10T10:02:23","modified_gmt":"2025-09-10T10:02:23","slug":"krbova-vlozka-a201","status":"publish","type":"product","link":"https:\/\/kretz.cz\/en\/product\/krbova-vlozka-a201\/","title":{"rendered":"Krbov\u00e1 vlo\u017eka A201"},"content":{"rendered":"<p>Krbov\u00e1 vlo\u017eka KRETZ A201 s panoramatick\u00fdm prosklen\u00edm p\u0159edstavuje dokonal\u00e9 spojen\u00ed technick\u00e9 dokonalosti a estetick\u00e9ho z\u00e1\u017eitku. S hmotnost\u00ed 130 kg a \u0161\u00ed\u0159kou 704 mm nab\u00edz\u00ed dostate\u010dn\u011b velkou topnou plochu, kter\u00e1 p\u0159i v\u00fdkonu 14 kW dok\u00e1\u017ee vyh\u0159\u00e1t prostor a\u017e 420 m\u00b3. \u0160amotov\u00e9 topeni\u0161t\u011b zaru\u010duje optim\u00e1ln\u00ed akumulaci tepla a jeho postupn\u00e9 s\u00e1l\u00e1n\u00ed do interi\u00e9ru.<\/p>\n<p>Hlavn\u00edm benefitem t\u00e9to vlo\u017eky je panoramatick\u00e9 prosklen\u00ed, kter\u00e9 nab\u00edz\u00ed nej\u0161ir\u0161\u00ed mo\u017en\u00fd v\u00fdhled na tan\u010d\u00edc\u00ed plameny a vytv\u00e1\u0159\u00ed tak jedine\u010dnou atmosf\u00e9ru v m\u00edstnosti. Syst\u00e9m automatick\u00e9ho \u010di\u0161t\u011bn\u00ed skla udr\u017euje \u010dist\u00fd v\u00fdhled bez nutnosti \u010dast\u00e9 \u00fadr\u017eby. Extern\u00ed p\u0159is\u00e1v\u00e1n\u00ed vzduchu zaji\u0161\u0165uje efektivn\u011bj\u0161\u00ed ho\u0159en\u00ed a \u010dist\u0161\u00ed provoz.<\/p>\n<p>S pr\u016fm\u011brem kou\u0159ovodu 150 mm se vlo\u017eka snadno instaluje do v\u011bt\u0161iny st\u00e1vaj\u00edc\u00edch krbov\u00fdch konstrukc\u00ed. A\u010dkoli neumo\u017e\u0148uje zadn\u00ed p\u0159ikl\u00e1d\u00e1n\u00ed ani v\u00fdsuvn\u00fd mechanismus dve\u0159\u00ed, jej\u00ed panoramatick\u00fd design a technick\u00e9 parametry z n\u00ed \u010din\u00ed ide\u00e1ln\u00ed volbu pro ty, kte\u0159\u00ed cht\u011bj\u00ed spojit praktick\u00e9 vyt\u00e1p\u011bn\u00ed s nev\u0161edn\u00edm estetick\u00fdm z\u00e1\u017eitkem. \u00da\u010dinnost 73% nav\u00edc zaru\u010duje hospod\u00e1rn\u00fd provoz.<\/p>","protected":false},"excerpt":{"rendered":"<p>Panoramatick\u00e1 krbov\u00e1 vlo\u017eka KRETZ A201 s \u0161amotov\u00fdm topeni\u0161t\u011bm a automatick\u00fdm \u010di\u0161t\u011bn\u00edm skla nab\u00edz\u00ed v\u00fdkon 14 kW a \u00fachvatn\u00fd v\u00fdhled na plameny, ide\u00e1ln\u00ed pro vyt\u00e1p\u011bn\u00ed a\u017e 420 m\u00b3 prostoru.<\/p>","protected":false},"featured_media":1262,"template":"","meta":[],"product_brand":[100],"product_cat":[22],"product_tag":[440],"class_list":{"0":"post-1500","1":"product","2":"type-product","3":"status-publish","4":"has-post-thumbnail","6":"product_brand-kretz","7":"product_cat-teplovzdusne","8":"product_tag-a","9":"pa_bezrostove-topeniste-ne","10":"pa_externi-prisavani-ano","11":"pa_hmotnost-130-kg","12":"pa_proskleni-panoramaticke","13":"pa_prumer-kourovodu-150-mm","14":"pa_regulovatelny-oplach-skla-ano","15":"pa_regulovatelny-vykon-98","16":"pa_sirka-krbu-704-mm","17":"pa_teplovodni-vymenik-ne","18":"pa_topeniste-samot","19":"pa_vysuvny-mechanismus-dveri-ne","20":"pa_vytapeny-prostor-m3-99","21":"pa_zadni-prikladani-ne","22":"description-off","24":"first","25":"instock","26":"product-type-simple"},"yoast_head":"<!-- This site is optimized with the Yoast SEO plugin v25.9 - https:\/\/yoast.com\/wordpress\/plugins\/seo\/ -->\n<title>Krbov\u00e1 vlo\u017eka A201 - KRETZ.cz - krby a krbov\u00e1 kamna<\/title>\n<meta name=\"robots\" content=\"noindex, follow\" \/>\n<meta property=\"og:locale\" content=\"en_US\" \/>\n<meta property=\"og:type\" content=\"article\" \/>\n<meta property=\"og:title\" content=\"Krbov\u00e1 vlo\u017eka A201 - KRETZ.cz - krby a krbov\u00e1 kamna\" \/>\n<meta property=\"og:description\" content=\"Panoramatick\u00e1 krbov\u00e1 vlo\u017eka KRETZ A201 s \u0161amotov\u00fdm topeni\u0161t\u011bm a automatick\u00fdm \u010di\u0161t\u011bn\u00edm skla nab\u00edz\u00ed v\u00fdkon 14 kW a \u00fachvatn\u00fd v\u00fdhled na plameny, ide\u00e1ln\u00ed pro vyt\u00e1p\u011bn\u00ed a\u017e 420 m\u00b3 prostoru.\" \/>\n<meta property=\"og:url\" content=\"https:\/\/kretz.cz\/en\/product\/krbova-vlozka-a201\/\" \/>\n<meta property=\"og:site_name\" content=\"KRETZ.cz - krby a krbov\u00e1 kamna\" \/>\n<meta property=\"article:publisher\" content=\"https:\/\/www.facebook.com\/krbykretz\/\" \/>\n<meta property=\"article:modified_time\" content=\"2025-09-10T10:02:23+00:00\" \/>\n<meta property=\"og:image\" content=\"https:\/\/kretz.cz\/wp-content\/uploads\/2025\/05\/KRETZ-A201.1.jpg\" \/>\n\t<meta property=\"og:image:width\" content=\"1200\" \/>\n\t<meta property=\"og:image:height\" content=\"1200\" \/>\n\t<meta property=\"og:image:type\" content=\"image\/jpeg\" \/>\n<meta name=\"twitter:card\" content=\"summary_large_image\" \/>\n<meta name=\"twitter:label1\" content=\"Est. reading time\" \/>\n\t<meta name=\"twitter:data1\" content=\"1 minute\" \/>\n<script type=\"application\/ld+json\" class=\"yoast-schema-graph\">{\"@context\":\"https:\/\/schema.org\",\"@graph\":[{\"@type\":\"WebPage\",\"@id\":\"https:\/\/kretz.cz\/produkt\/krbova-vlozka-a201\/\",\"url\":\"https:\/\/kretz.cz\/produkt\/krbova-vlozka-a201\/\",\"name\":\"Krbov\u00e1 vlo\u017eka A201 - KRETZ.cz - krby a krbov\u00e1 kamna\",\"isPartOf\":{\"@id\":\"https:\/\/kretz.cz\/#website\"},\"primaryImageOfPage\":{\"@id\":\"https:\/\/kretz.cz\/produkt\/krbova-vlozka-a201\/#primaryimage\"},\"image\":{\"@id\":\"https:\/\/kretz.cz\/produkt\/krbova-vlozka-a201\/#primaryimage\"},\"thumbnailUrl\":\"https:\/\/kretz.cz\/wp-content\/uploads\/2025\/05\/KRETZ-A201.1.jpg\",\"datePublished\":\"2025-05-14T09:09:28+00:00\",\"dateModified\":\"2025-09-10T10:02:23+00:00\",\"breadcrumb\":{\"@id\":\"https:\/\/kretz.cz\/produkt\/krbova-vlozka-a201\/#breadcrumb\"},\"inLanguage\":\"en-US\",\"potentialAction\":[{\"@type\":\"ReadAction\",\"target\":[\"https:\/\/kretz.cz\/produkt\/krbova-vlozka-a201\/\"]}]},{\"@type\":\"ImageObject\",\"inLanguage\":\"en-US\",\"@id\":\"https:\/\/kretz.cz\/produkt\/krbova-vlozka-a201\/#primaryimage\",\"url\":\"https:\/\/kretz.cz\/wp-content\/uploads\/2025\/05\/KRETZ-A201.1.jpg\",\"contentUrl\":\"https:\/\/kretz.cz\/wp-content\/uploads\/2025\/05\/KRETZ-A201.1.jpg\",\"width\":1200,\"height\":1200},{\"@type\":\"BreadcrumbList\",\"@id\":\"https:\/\/kretz.cz\/produkt\/krbova-vlozka-a201\/#breadcrumb\",\"itemListElement\":[{\"@type\":\"ListItem\",\"position\":1,\"name\":\"Dom\u016f\",\"item\":\"https:\/\/kretz.cz\/\"},{\"@type\":\"ListItem\",\"position\":2,\"name\":\"Template &#8211; Sidebar &#8211; Archive pages\",\"item\":\"https:\/\/kretz.cz\/template-sidebar-archive-pages\/\"},{\"@type\":\"ListItem\",\"position\":3,\"name\":\"Krbov\u00e1 vlo\u017eka A201\"}]},{\"@type\":\"WebSite\",\"@id\":\"https:\/\/kretz.cz\/#website\",\"url\":\"https:\/\/kretz.cz\/\",\"name\":\"KRETZ.cz - krby a krbov\u00e1 kamna\",\"description\":\"Jsme \u010desk\u00e1 spole\u010dnost p\u016fsob\u00edc\u00ed v oblasti v\u00fdroby a stroj\u00edrenstv\u00ed. Specializujeme se na v\u00fdrobu krbov\u00fdch vlo\u017eek a topen\u00e1\u0159sk\u00e9 techniky, z\u00e1rove\u0148 nab\u00edz\u00edme zak\u00e1zkovou stroj\u00edrenskou v\u00fdrobu. Realizujeme tak\u00e9 stavebn\u00ed projekty v\u010detn\u011b kovov\u00fdch konstrukc\u00ed. Na\u0161\u00ed p\u0159ednost\u00ed je kvalita, spolehlivost a individu\u00e1ln\u00ed p\u0159\u00edstup ke ka\u017ed\u00e9mu z\u00e1kazn\u00edkovi.\",\"potentialAction\":[{\"@type\":\"SearchAction\",\"target\":{\"@type\":\"EntryPoint\",\"urlTemplate\":\"https:\/\/kretz.cz\/?s={search_term_string}\"},\"query-input\":{\"@type\":\"PropertyValueSpecification\",\"valueRequired\":true,\"valueName\":\"search_term_string\"}}],\"inLanguage\":\"en-US\"}]}<\/script>\n<!-- \/ Yoast SEO plugin. -->","yoast_head_json":{"title":"Krbov\u00e1 vlo\u017eka A201 - KRETZ.cz - krby a krbov\u00e1 kamna","robots":{"index":"noindex","follow":"follow"},"og_locale":"en_US","og_type":"article","og_title":"Krbov\u00e1 vlo\u017eka A201 - KRETZ.cz - krby a krbov\u00e1 kamna","og_description":"Panoramatick\u00e1 krbov\u00e1 vlo\u017eka KRETZ A201 s \u0161amotov\u00fdm topeni\u0161t\u011bm a automatick\u00fdm \u010di\u0161t\u011bn\u00edm skla nab\u00edz\u00ed v\u00fdkon 14 kW a \u00fachvatn\u00fd v\u00fdhled na plameny, ide\u00e1ln\u00ed pro vyt\u00e1p\u011bn\u00ed a\u017e 420 m\u00b3 prostoru.","og_url":"https:\/\/kretz.cz\/en\/product\/krbova-vlozka-a201\/","og_site_name":"KRETZ.cz - krby a krbov\u00e1 kamna","article_publisher":"https:\/\/www.facebook.com\/krbykretz\/","article_modified_time":"2025-09-10T10:02:23+00:00","og_image":[{"width":1200,"height":1200,"url":"https:\/\/kretz.cz\/wp-content\/uploads\/2025\/05\/KRETZ-A201.1.jpg","type":"image\/jpeg"}],"twitter_card":"summary_large_image","twitter_misc":{"Est. reading time":"1 minute"},"schema":{"@context":"https:\/\/schema.org","@graph":[{"@type":"WebPage","@id":"https:\/\/kretz.cz\/produkt\/krbova-vlozka-a201\/","url":"https:\/\/kretz.cz\/produkt\/krbova-vlozka-a201\/","name":"Krbov\u00e1 vlo\u017eka A201 - KRETZ.cz - krby a krbov\u00e1 kamna","isPartOf":{"@id":"https:\/\/kretz.cz\/#website"},"primaryImageOfPage":{"@id":"https:\/\/kretz.cz\/produkt\/krbova-vlozka-a201\/#primaryimage"},"image":{"@id":"https:\/\/kretz.cz\/produkt\/krbova-vlozka-a201\/#primaryimage"},"thumbnailUrl":"https:\/\/kretz.cz\/wp-content\/uploads\/2025\/05\/KRETZ-A201.1.jpg","datePublished":"2025-05-14T09:09:28+00:00","dateModified":"2025-09-10T10:02:23+00:00","breadcrumb":{"@id":"https:\/\/kretz.cz\/produkt\/krbova-vlozka-a201\/#breadcrumb"},"inLanguage":"en-US","potentialAction":[{"@type":"ReadAction","target":["https:\/\/kretz.cz\/produkt\/krbova-vlozka-a201\/"]}]},{"@type":"ImageObject","inLanguage":"en-US","@id":"https:\/\/kretz.cz\/produkt\/krbova-vlozka-a201\/#primaryimage","url":"https:\/\/kretz.cz\/wp-content\/uploads\/2025\/05\/KRETZ-A201.1.jpg","contentUrl":"https:\/\/kretz.cz\/wp-content\/uploads\/2025\/05\/KRETZ-A201.1.jpg","width":1200,"height":1200},{"@type":"BreadcrumbList","@id":"https:\/\/kretz.cz\/produkt\/krbova-vlozka-a201\/#breadcrumb","itemListElement":[{"@type":"ListItem","position":1,"name":"Dom\u016f","item":"https:\/\/kretz.cz\/"},{"@type":"ListItem","position":2,"name":"Template &#8211; Sidebar &#8211; Archive pages","item":"https:\/\/kretz.cz\/template-sidebar-archive-pages\/"},{"@type":"ListItem","position":3,"name":"Krbov\u00e1 vlo\u017eka A201"}]},{"@type":"WebSite","@id":"https:\/\/kretz.cz\/#website","url":"https:\/\/kretz.cz\/","name":"KRETZ.cz - krby a krbov\u00e1 kamna","description":"Jsme \u010desk\u00e1 spole\u010dnost p\u016fsob\u00edc\u00ed v oblasti v\u00fdroby a stroj\u00edrenstv\u00ed. Specializujeme se na v\u00fdrobu krbov\u00fdch vlo\u017eek a topen\u00e1\u0159sk\u00e9 techniky, z\u00e1rove\u0148 nab\u00edz\u00edme zak\u00e1zkovou stroj\u00edrenskou v\u00fdrobu. Realizujeme tak\u00e9 stavebn\u00ed projekty v\u010detn\u011b kovov\u00fdch konstrukc\u00ed. Na\u0161\u00ed p\u0159ednost\u00ed je kvalita, spolehlivost a individu\u00e1ln\u00ed p\u0159\u00edstup ke ka\u017ed\u00e9mu z\u00e1kazn\u00edkovi.","potentialAction":[{"@type":"SearchAction","target":{"@type":"EntryPoint","urlTemplate":"https:\/\/kretz.cz\/?s={search_term_string}"},"query-input":{"@type":"PropertyValueSpecification","valueRequired":true,"valueName":"search_term_string"}}],"inLanguage":"en-US"}]}},"jetpack_sharing_enabled":true,"_links":{"self":[{"href":"https:\/\/kretz.cz\/en\/wp-json\/wp\/v2\/product\/1500","targetHints":{"allow":["GET"]}}],"collection":[{"href":"https:\/\/kretz.cz\/en\/wp-json\/wp\/v2\/product"}],"about":[{"href":"https:\/\/kretz.cz\/en\/wp-json\/wp\/v2\/types\/product"}],"wp:featuredmedia":[{"embeddable":true,"href":"https:\/\/kretz.cz\/en\/wp-json\/wp\/v2\/media\/1262"}],"wp:attachment":[{"href":"https:\/\/kretz.cz\/en\/wp-json\/wp\/v2\/media?parent=1500"}],"wp:term":[{"taxonomy":"product_brand","embeddable":true,"href":"https:\/\/kretz.cz\/en\/wp-json\/wp\/v2\/product_brand?post=1500"},{"taxonomy":"product_cat","embeddable":true,"href":"https:\/\/kretz.cz\/en\/wp-json\/wp\/v2\/product_cat?post=1500"},{"taxonomy":"product_tag","embeddable":true,"href":"https:\/\/kretz.cz\/en\/wp-json\/wp\/v2\/product_tag?post=1500"}],"curies":[{"name":"wp","href":"https:\/\/api.w.org\/{rel}","templated":true}]}}