{"id":1065,"date":"2025-04-15T12:19:00","date_gmt":"2025-04-15T12:19:00","guid":{"rendered":"https:\/\/kretz.cz\/?post_type=product&#038;p=1065"},"modified":"2026-02-03T10:08:32","modified_gmt":"2026-02-03T10:08:32","slug":"krbova-vlozka-a103","status":"publish","type":"product","link":"https:\/\/kretz.cz\/en\/product\/krbova-vlozka-a103\/","title":{"rendered":"Krbov\u00e1 vlo\u017eka A103"},"content":{"rendered":"<p><span data-sheets-root=\"1\">Tato elegantn\u00ed krbov\u00e1 vlo\u017eka v retro designu vnese do va\u0161eho domova nejen teplo, ale i neopakovatelnou atmosf\u00e9ru star\u00fdch \u010das\u016f. Jej\u00ed \u0161amotov\u00e1 v\u00fdstelka skv\u011ble akumuluje teplo a zaji\u0161\u0165uje efektivn\u00ed spalov\u00e1n\u00ed, zat\u00edmco masivn\u00ed litinov\u00fd ro\u0161t bez probl\u00e9mu zvl\u00e1d\u00e1 ka\u017edodenn\u00ed provoz. V\u00fdsuvn\u00fd popeln\u00edk zjednodu\u0161uje \u00fadr\u017ebu, abyste si mohli naplno u\u017e\u00edvat pohodu u krbu.<br \/>\n<\/span><\/p>\n<p><span data-sheets-root=\"1\">Pr\u016fm\u011br kou\u0159ovodu 150 mm umo\u017e\u0148uje napojen\u00ed i na star\u0161\u00ed typy kom\u00edn\u016f, co\u017e ocen\u00ed zejm\u00e9na majitel\u00e9 tradi\u010dn\u00edch staveb. Ovl\u00e1d\u00e1n\u00ed spalovac\u00edho procesu je nav\u00edc pln\u011b ve va\u0161ich rukou \u2013 staraj\u00ed se o n\u011bj dv\u011b nez\u00e1visl\u00e1 \u0161oup\u00e1tka pro p\u0159\u00edvod vzduchu, kter\u00e1 umo\u017e\u0148uj\u00ed p\u0159esn\u00e9 nastaven\u00ed ho\u0159en\u00ed podle va\u0161ich pot\u0159eb.<br \/>\n<\/span><\/p>\n<p><span data-sheets-root=\"1\">Tato krbov\u00e1 vlo\u017eka je vyr\u00e1b\u011bna u\u017e v\u00edce ne\u017e 20 let a jej\u00ed kvalitu prov\u011b\u0159ily tis\u00edce spokojen\u00fdch dom\u00e1cnost\u00ed. Je to nad\u010dasov\u00e1 volba pro v\u0161echny, kdo cht\u011bj\u00ed spojit poctiv\u00e9 \u0159emeslo, klasick\u00fd vzhled a \u00fatulnou atmosf\u00e9ru skute\u010dn\u00e9ho domova.<\/span><\/p>","protected":false},"excerpt":{"rendered":"<p><span data-sheets-root=\"1\">Krbov\u00e1 vlo\u017eka s retro designem, \u0161amotovou v\u00fdstelkou, rovn\u00fdm prosklen\u00edm, litinov\u00fdm ro\u0161tem a v\u00fdsuvn\u00fdm popeln\u00edkem. Klasika prov\u011b\u0159en\u00e1 v\u00edce ne\u017e 20 lety v\u00fdroby. Pr\u016fm\u011br kou\u0159ovodu je 150 mm.<\/span><\/p>\n<p><span data-sheets-root=\"1\">Dostupn\u00e9 p\u0159\u00edslu\u0161enstv\u00ed: podstavec<\/span><\/p>","protected":false},"featured_media":1224,"template":"","meta":[],"product_brand":[],"product_cat":[22],"product_tag":[440],"class_list":{"0":"post-1065","1":"product","2":"type-product","3":"status-publish","4":"has-post-thumbnail","6":"product_cat-teplovzdusne","7":"product_tag-a","8":"pa_bezrostove-topeniste-ne","9":"pa_externi-prisavani-ano","10":"pa_hmotnost-115-kg","11":"pa_proskleni-rovne","12":"pa_prumer-kourovodu-150-mm","13":"pa_regulovatelny-oplach-skla-ano","14":"pa_regulovatelny-vykon-14-kw","15":"pa_sirka-krbu-656-mm","16":"pa_topeniste-samot","17":"pa_vysuvny-mechanismus-dveri-ne","18":"pa_vytapeny-prostor-m3-99","19":"pa_zadni-prikladani-ne","20":"description-off","22":"first","23":"instock","24":"shipping-taxable","25":"product-type-simple"},"yoast_head":"<!-- This site is optimized with the Yoast SEO plugin v25.9 - https:\/\/yoast.com\/wordpress\/plugins\/seo\/ -->\n<title>Krbov\u00e1 vlo\u017eka A103 - KRETZ.cz - krby a krbov\u00e1 kamna<\/title>\n<meta name=\"robots\" content=\"noindex, follow\" \/>\n<meta property=\"og:locale\" content=\"en_US\" \/>\n<meta property=\"og:type\" content=\"article\" \/>\n<meta property=\"og:title\" content=\"Krbov\u00e1 vlo\u017eka A103 - KRETZ.cz - krby a krbov\u00e1 kamna\" \/>\n<meta property=\"og:description\" content=\"Krbov\u00e1 vlo\u017eka s retro designem, \u0161amotovou v\u00fdstelkou, rovn\u00fdm prosklen\u00edm, litinov\u00fdm ro\u0161tem a v\u00fdsuvn\u00fdm popeln\u00edkem. Klasika prov\u011b\u0159en\u00e1 v\u00edce ne\u017e 20 lety v\u00fdroby. Pr\u016fm\u011br kou\u0159ovodu je 150 mm.  Dostupn\u00e9 p\u0159\u00edslu\u0161enstv\u00ed: podstavec\" \/>\n<meta property=\"og:url\" content=\"https:\/\/kretz.cz\/en\/product\/krbova-vlozka-a103\/\" \/>\n<meta property=\"og:site_name\" content=\"KRETZ.cz - krby a krbov\u00e1 kamna\" \/>\n<meta property=\"article:publisher\" content=\"https:\/\/www.facebook.com\/krbykretz\/\" \/>\n<meta property=\"article:modified_time\" content=\"2026-02-03T10:08:32+00:00\" \/>\n<meta property=\"og:image\" content=\"http:\/\/kretz.cz\/wp-content\/uploads\/2025\/05\/KRETZ-A103.1.jpg\" \/>\n\t<meta property=\"og:image:width\" content=\"1200\" \/>\n\t<meta property=\"og:image:height\" content=\"1200\" \/>\n\t<meta property=\"og:image:type\" content=\"image\/jpeg\" \/>\n<meta name=\"twitter:card\" content=\"summary_large_image\" \/>\n<meta name=\"twitter:label1\" content=\"Est. reading time\" \/>\n\t<meta name=\"twitter:data1\" content=\"1 minute\" \/>\n<script type=\"application\/ld+json\" class=\"yoast-schema-graph\">{\"@context\":\"https:\/\/schema.org\",\"@graph\":[{\"@type\":\"WebPage\",\"@id\":\"https:\/\/kretz.cz\/produkt\/krbova-vlozka-a103\/\",\"url\":\"https:\/\/kretz.cz\/produkt\/krbova-vlozka-a103\/\",\"name\":\"Krbov\u00e1 vlo\u017eka A103 - KRETZ.cz - krby a krbov\u00e1 kamna\",\"isPartOf\":{\"@id\":\"https:\/\/kretz.cz\/#website\"},\"primaryImageOfPage\":{\"@id\":\"https:\/\/kretz.cz\/produkt\/krbova-vlozka-a103\/#primaryimage\"},\"image\":{\"@id\":\"https:\/\/kretz.cz\/produkt\/krbova-vlozka-a103\/#primaryimage\"},\"thumbnailUrl\":\"https:\/\/kretz.cz\/wp-content\/uploads\/2025\/05\/KRETZ-A103.1.jpg\",\"datePublished\":\"2025-04-15T12:19:00+00:00\",\"dateModified\":\"2026-02-03T10:08:32+00:00\",\"breadcrumb\":{\"@id\":\"https:\/\/kretz.cz\/produkt\/krbova-vlozka-a103\/#breadcrumb\"},\"inLanguage\":\"en-US\",\"potentialAction\":[{\"@type\":\"ReadAction\",\"target\":[\"https:\/\/kretz.cz\/produkt\/krbova-vlozka-a103\/\"]}]},{\"@type\":\"ImageObject\",\"inLanguage\":\"en-US\",\"@id\":\"https:\/\/kretz.cz\/produkt\/krbova-vlozka-a103\/#primaryimage\",\"url\":\"https:\/\/kretz.cz\/wp-content\/uploads\/2025\/05\/KRETZ-A103.1.jpg\",\"contentUrl\":\"https:\/\/kretz.cz\/wp-content\/uploads\/2025\/05\/KRETZ-A103.1.jpg\",\"width\":1200,\"height\":1200},{\"@type\":\"BreadcrumbList\",\"@id\":\"https:\/\/kretz.cz\/produkt\/krbova-vlozka-a103\/#breadcrumb\",\"itemListElement\":[{\"@type\":\"ListItem\",\"position\":1,\"name\":\"Dom\u016f\",\"item\":\"https:\/\/kretz.cz\/\"},{\"@type\":\"ListItem\",\"position\":2,\"name\":\"Template &#8211; Sidebar &#8211; Archive pages\",\"item\":\"https:\/\/kretz.cz\/template-sidebar-archive-pages\/\"},{\"@type\":\"ListItem\",\"position\":3,\"name\":\"Krbov\u00e1 vlo\u017eka A103\"}]},{\"@type\":\"WebSite\",\"@id\":\"https:\/\/kretz.cz\/#website\",\"url\":\"https:\/\/kretz.cz\/\",\"name\":\"KRETZ.cz - krby a krbov\u00e1 kamna\",\"description\":\"Jsme \u010desk\u00e1 spole\u010dnost p\u016fsob\u00edc\u00ed v oblasti v\u00fdroby a stroj\u00edrenstv\u00ed. Specializujeme se na v\u00fdrobu krbov\u00fdch vlo\u017eek a topen\u00e1\u0159sk\u00e9 techniky, z\u00e1rove\u0148 nab\u00edz\u00edme zak\u00e1zkovou stroj\u00edrenskou v\u00fdrobu. Realizujeme tak\u00e9 stavebn\u00ed projekty v\u010detn\u011b kovov\u00fdch konstrukc\u00ed. Na\u0161\u00ed p\u0159ednost\u00ed je kvalita, spolehlivost a individu\u00e1ln\u00ed p\u0159\u00edstup ke ka\u017ed\u00e9mu z\u00e1kazn\u00edkovi.\",\"potentialAction\":[{\"@type\":\"SearchAction\",\"target\":{\"@type\":\"EntryPoint\",\"urlTemplate\":\"https:\/\/kretz.cz\/?s={search_term_string}\"},\"query-input\":{\"@type\":\"PropertyValueSpecification\",\"valueRequired\":true,\"valueName\":\"search_term_string\"}}],\"inLanguage\":\"en-US\"}]}<\/script>\n<!-- \/ Yoast SEO plugin. -->","yoast_head_json":{"title":"Krbov\u00e1 vlo\u017eka A103 - KRETZ.cz - krby a krbov\u00e1 kamna","robots":{"index":"noindex","follow":"follow"},"og_locale":"en_US","og_type":"article","og_title":"Krbov\u00e1 vlo\u017eka A103 - KRETZ.cz - krby a krbov\u00e1 kamna","og_description":"Krbov\u00e1 vlo\u017eka s retro designem, \u0161amotovou v\u00fdstelkou, rovn\u00fdm prosklen\u00edm, litinov\u00fdm ro\u0161tem a v\u00fdsuvn\u00fdm popeln\u00edkem. Klasika prov\u011b\u0159en\u00e1 v\u00edce ne\u017e 20 lety v\u00fdroby. Pr\u016fm\u011br kou\u0159ovodu je 150 mm.  Dostupn\u00e9 p\u0159\u00edslu\u0161enstv\u00ed: podstavec","og_url":"https:\/\/kretz.cz\/en\/product\/krbova-vlozka-a103\/","og_site_name":"KRETZ.cz - krby a krbov\u00e1 kamna","article_publisher":"https:\/\/www.facebook.com\/krbykretz\/","article_modified_time":"2026-02-03T10:08:32+00:00","og_image":[{"width":1200,"height":1200,"url":"http:\/\/kretz.cz\/wp-content\/uploads\/2025\/05\/KRETZ-A103.1.jpg","type":"image\/jpeg"}],"twitter_card":"summary_large_image","twitter_misc":{"Est. reading time":"1 minute"},"schema":{"@context":"https:\/\/schema.org","@graph":[{"@type":"WebPage","@id":"https:\/\/kretz.cz\/produkt\/krbova-vlozka-a103\/","url":"https:\/\/kretz.cz\/produkt\/krbova-vlozka-a103\/","name":"Krbov\u00e1 vlo\u017eka A103 - KRETZ.cz - krby a krbov\u00e1 kamna","isPartOf":{"@id":"https:\/\/kretz.cz\/#website"},"primaryImageOfPage":{"@id":"https:\/\/kretz.cz\/produkt\/krbova-vlozka-a103\/#primaryimage"},"image":{"@id":"https:\/\/kretz.cz\/produkt\/krbova-vlozka-a103\/#primaryimage"},"thumbnailUrl":"https:\/\/kretz.cz\/wp-content\/uploads\/2025\/05\/KRETZ-A103.1.jpg","datePublished":"2025-04-15T12:19:00+00:00","dateModified":"2026-02-03T10:08:32+00:00","breadcrumb":{"@id":"https:\/\/kretz.cz\/produkt\/krbova-vlozka-a103\/#breadcrumb"},"inLanguage":"en-US","potentialAction":[{"@type":"ReadAction","target":["https:\/\/kretz.cz\/produkt\/krbova-vlozka-a103\/"]}]},{"@type":"ImageObject","inLanguage":"en-US","@id":"https:\/\/kretz.cz\/produkt\/krbova-vlozka-a103\/#primaryimage","url":"https:\/\/kretz.cz\/wp-content\/uploads\/2025\/05\/KRETZ-A103.1.jpg","contentUrl":"https:\/\/kretz.cz\/wp-content\/uploads\/2025\/05\/KRETZ-A103.1.jpg","width":1200,"height":1200},{"@type":"BreadcrumbList","@id":"https:\/\/kretz.cz\/produkt\/krbova-vlozka-a103\/#breadcrumb","itemListElement":[{"@type":"ListItem","position":1,"name":"Dom\u016f","item":"https:\/\/kretz.cz\/"},{"@type":"ListItem","position":2,"name":"Template &#8211; Sidebar &#8211; Archive pages","item":"https:\/\/kretz.cz\/template-sidebar-archive-pages\/"},{"@type":"ListItem","position":3,"name":"Krbov\u00e1 vlo\u017eka A103"}]},{"@type":"WebSite","@id":"https:\/\/kretz.cz\/#website","url":"https:\/\/kretz.cz\/","name":"KRETZ.cz - krby a krbov\u00e1 kamna","description":"Jsme \u010desk\u00e1 spole\u010dnost p\u016fsob\u00edc\u00ed v oblasti v\u00fdroby a stroj\u00edrenstv\u00ed. Specializujeme se na v\u00fdrobu krbov\u00fdch vlo\u017eek a topen\u00e1\u0159sk\u00e9 techniky, z\u00e1rove\u0148 nab\u00edz\u00edme zak\u00e1zkovou stroj\u00edrenskou v\u00fdrobu. Realizujeme tak\u00e9 stavebn\u00ed projekty v\u010detn\u011b kovov\u00fdch konstrukc\u00ed. Na\u0161\u00ed p\u0159ednost\u00ed je kvalita, spolehlivost a individu\u00e1ln\u00ed p\u0159\u00edstup ke ka\u017ed\u00e9mu z\u00e1kazn\u00edkovi.","potentialAction":[{"@type":"SearchAction","target":{"@type":"EntryPoint","urlTemplate":"https:\/\/kretz.cz\/?s={search_term_string}"},"query-input":{"@type":"PropertyValueSpecification","valueRequired":true,"valueName":"search_term_string"}}],"inLanguage":"en-US"}]}},"jetpack_sharing_enabled":true,"_links":{"self":[{"href":"https:\/\/kretz.cz\/en\/wp-json\/wp\/v2\/product\/1065","targetHints":{"allow":["GET"]}}],"collection":[{"href":"https:\/\/kretz.cz\/en\/wp-json\/wp\/v2\/product"}],"about":[{"href":"https:\/\/kretz.cz\/en\/wp-json\/wp\/v2\/types\/product"}],"wp:featuredmedia":[{"embeddable":true,"href":"https:\/\/kretz.cz\/en\/wp-json\/wp\/v2\/media\/1224"}],"wp:attachment":[{"href":"https:\/\/kretz.cz\/en\/wp-json\/wp\/v2\/media?parent=1065"}],"wp:term":[{"taxonomy":"product_brand","embeddable":true,"href":"https:\/\/kretz.cz\/en\/wp-json\/wp\/v2\/product_brand?post=1065"},{"taxonomy":"product_cat","embeddable":true,"href":"https:\/\/kretz.cz\/en\/wp-json\/wp\/v2\/product_cat?post=1065"},{"taxonomy":"product_tag","embeddable":true,"href":"https:\/\/kretz.cz\/en\/wp-json\/wp\/v2\/product_tag?post=1065"}],"curies":[{"name":"wp","href":"https:\/\/api.w.org\/{rel}","templated":true}]}}