{"id":3,"date":"2025-05-29T08:05:05","date_gmt":"2025-05-29T08:05:05","guid":{"rendered":"http:\/\/localhost\/wordpress\/?page_id=3"},"modified":"2025-11-12T08:00:50","modified_gmt":"2025-11-12T08:00:50","slug":"zasady-ochrany-osobnich-udaju","status":"publish","type":"page","link":"https:\/\/kretz.cz\/en\/zasady-ochrany-osobnich-udaju\/","title":{"rendered":"Privacy Policy"},"content":{"rendered":"<div class=\"wpb-content-wrapper\"><div class=\"vc_row wpb_row vc_row-fluid\"><div class=\"wpb_column vc_column_container vc_col-sm-12\"><div class=\"vc_column-inner\"><div class=\"wpb_wrapper\">\n\t<div class=\"wpb_text_column wpb_content_element\" >\n\t\t<div class=\"wpb_wrapper\">\n\t\t\t<p>We are the KRETZ S.R.O., Company ID (I\u010c): 28944348, with its registered office at Ruprechtov 258, 683 04 Ruprechtov, registered on August 7, 2009, in the Commercial Register under file number C 116064 maintained by the Regional Court in Brno.<\/p>\n<p>We operate a website at www.kretz.cz<\/p>\n<p>When selling Goods through our website, we process some of Your personal data.<\/p>\n<p>The processing of personal data is primarily governed by Regulation (EU) 2016\/679 of the European Parliament and of the Council of 27 April 2016 on the protection of natural person with regard to the processing of personal data and on the free movement of such data, and repealing Directive 95\/46\/EC (General Data Protection Regulation, \u201eGDPR\u201c).<\/p>\n<h2 style=\"text-align: left;\">I. Processing of Personal Data<\/h2>\n<p><strong>1. Processing of Personal Data When Using the Contact Form<\/strong><\/p>\n<p>If you inquire about our products and services, we will process the personal contact data You provide, namely: first and last name, e-mail adress, phone number, delivery and billing address.<\/p>\n<p><u>Why?<\/u><\/p>\n<p>It is necessary for us to correctly handle Your order.<\/p>\n<p><u>On what legal basis?<\/u><\/p>\n<p>This processing is based on Article 6(1)(b) GDPR \u2013 the performance of a contract ort he implementation of pre-coutractual measures at Your request.<\/p>\n<p><u>How long will we process the personal data?<\/u><\/p>\n<p>Your data will be processed for a maximum of one year from our last communication.<\/p>\n<p><strong>2. Zpracov\u00e1n\u00ed osobn\u00edch \u00fadaj\u016f v p\u0159\u00edpad\u011b n\u00e1kupu<\/strong><\/p>\n<p>Pokud u n\u00e1s nakoup\u00edte, budeme pracovat s\u00a0\u00fadaji, kter\u00e9 n\u00e1m sd\u011bl\u00edte. Jedn\u00e1 se o faktura\u010dn\u00ed \u00fadaje, kter\u00e9 jsou pro n\u00e1s nezbytn\u00e9: jm\u00e9no, p\u0159\u00edjmen\u00ed, adresa, emailov\u00e1 adresa, telefonn\u00ed \u010d\u00edslo.<\/p>\n<p><u>Why?<\/u><\/p>\n<p>Osobn\u00ed \u00fadaje pot\u0159ebujeme zpracovat, abychom mohli splnit uzav\u0159enou smlouvu \u2013 dodali V\u00e1m na\u0161e zbo\u017e\u00ed. P\u0159es V\u00e1mi sd\u011blen\u00e9 kontaktn\u00ed \u00fadaje s\u00a0V\u00e1mi budeme tak\u00e9 komunikovat ohledn\u011b stavu Va\u0161\u00ed objedn\u00e1vky, p\u0159\u00edpadn\u011b ohledn\u011b reklamac\u00ed nebo Va\u0161ich dotaz\u016f.<\/p>\n<p>Osobn\u00ed \u00fadaje budeme d\u00e1le zpracov\u00e1vat pro spln\u011bn\u00ed na\u0161ich povinnost\u00ed, kter\u00e9 n\u00e1m plynou ze z\u00e1kona (hlavn\u011b pro \u00fa\u010detn\u00ed a da\u0148ov\u00e9 \u00fa\u010dely, p\u0159\u00edpadn\u011b pro vy\u0159\u00edzen\u00ed reklamac\u00ed).<\/p>\n<p><u>Na z\u00e1klad\u011b jak\u00e9ho pr\u00e1vn\u00edho d\u016fvodu osobn\u00ed \u00fadaje zpracov\u00e1v\u00e1me?<\/u><\/p>\n<p>Jedn\u00e1 se o zpracov\u00e1n\u00ed na z\u00e1klad\u011b \u010dl. 6 odst. 1 p\u00edsm. b) GDPR \u2013 pln\u011bn\u00ed smlouvy a \u010dl. 6 odst. 1 p\u00edsm. c) GDPR \u2013 pln\u011bn\u00ed na\u0161\u00ed pr\u00e1vn\u00ed povinnosti.<\/p>\n<p><u>How long will we process the personal data?<\/u><\/p>\n<p>Po dobu pln\u011bn\u00ed na\u0161\u00ed slu\u017eby a pot\u00e9 10 let od posledn\u00edho poskytnut\u00ed takov\u00e9 slu\u017eby nebo dod\u00e1n\u00ed zbo\u017e\u00ed.<\/p>\n<p><strong>3. Newslettery (obchodn\u00ed sd\u011blen\u00ed)<\/strong><\/p>\n<p>Pokud jste nakupuj\u00edc\u00ed z\u00e1kazn\u00edk a nezak\u00e1zali jste n\u00e1m to p\u0159i n\u00e1kupu, pou\u017eijeme va\u0161i e-mailovou adresu pro rozes\u00edlku na\u0161ich novinek.<\/p>\n<p><u>On what legal basis?<\/u><\/p>\n<p>Umo\u017e\u0148uje n\u00e1m to ust. \u00a7 7 odst. 3 z\u00e1kona \u010d. 480\/2004 Sb., o n\u011bkter\u00fdch slu\u017eb\u00e1ch informa\u010dn\u00ed spole\u010dnosti, pokud jste n\u00e1m to p\u0159i n\u00e1kupu nezak\u00e1zali.<\/p>\n<p><u>How long will we process the personal data?<\/u><\/p>\n<p>1 rok od Va\u0161eho posledn\u00edho n\u00e1kupu. Z\u00a0rozes\u00edlky se m\u016f\u017eete kdykoliv odhl\u00e1sit prost\u0159ednictv\u00edm e-mailu nebo n\u00e1s kontaktujte na e-mailu: obchod@kretz.cz<\/p>\n<p>Osobn\u00ed \u00fadaje zpracov\u00e1v\u00e1me pouze na \u00fazem\u00ed Evropsk\u00e9 unie<\/p>\n<p>Co byste d\u00e1l m\u011bli v\u011bd\u011bt:<\/p>\n<p>V\u00a0na\u0161\u00ed spole\u010dnosti nem\u00e1me jmenovan\u00e9ho pov\u011b\u0159ence pro ochranu osobn\u00edch \u00fadaj\u016f.<\/p>\n<p>V\u00a0na\u0161\u00ed spole\u010dnosti nedoch\u00e1z\u00ed\u00a0k rozhodov\u00e1n\u00ed na z\u00e1klad\u011b automatick\u00e9ho zpracov\u00e1n\u00ed \u010di profilov\u00e1n\u00ed.<\/p>\n<p>Pokud byste m\u011bli k\u00a0osobn\u00edm \u00fadaj\u016fm ot\u00e1zky, kontaktujte n\u00e1s na e-mailov\u00e9 adrese: obchod@kretz.cz nebo zavolejte na tel. \u010d. +420516415566<\/p>\n<p><strong>Pou\u017e\u00edv\u00e1n\u00ed soubor\u016f cookies<\/strong><\/p>\n<p>Cookies jsou textov\u00e9 soubory obsahuj\u00edc\u00ed mal\u00e9 mno\u017estv\u00ed informac\u00ed, kter\u00e9 se p\u0159i n\u00e1v\u0161t\u011bv\u011b na\u0161ich webov\u00fdch str\u00e1nek stahuj\u00ed do Va\u0161eho za\u0159\u00edzen\u00ed. Soubory cookies se n\u00e1sledn\u011b p\u0159i ka\u017ed\u00e9 dal\u0161\u00ed n\u00e1v\u0161t\u011bv\u011b odes\u00edlaj\u00ed zp\u011bt na webovou str\u00e1nku nebo jinou webovou str\u00e1nku, kter\u00e1 je rozpozn\u00e1.<\/p>\n<p>Soubory cookies pln\u00ed r\u016fzn\u00e9 \u00falohy, nap\u0159\u00edklad umo\u017e\u0148uj\u00ed efektivn\u00ed navigaci mezi webov\u00fdmi str\u00e1nkami, zapamatov\u00e1n\u00ed si Va\u0161ich preferenc\u00ed a celkov\u011b zlep\u0161uj\u00ed zku\u0161enost u\u017eivatele. Dok\u00e1\u017eou tak\u00e9 zajistit, aby reklamy zobrazovan\u00e9 on-line byly l\u00e9pe p\u0159izp\u016fsoben\u00e9 Va\u0161\u00ed osob\u011b a Va\u0161\u00edm z\u00e1jm\u016fm.<\/p>\n<p>Na webov\u00fdch str\u00e1nk\u00e1ch pou\u017e\u00edv\u00e1me n\u00e1sleduj\u00edc\u00ed cookies:<\/p>\n<ul>\n<li><strong>Nezbytn\u00e9 cookies<\/strong>: jsou zapot\u0159eb\u00ed k provozu webov\u00fdch str\u00e1nek, umo\u017e\u0148uj\u00ed nap\u0159\u00edklad p\u0159ihl\u00e1sit se do zabezpe\u010den\u00fdch \u010d\u00e1st\u00ed str\u00e1nek a dal\u0161\u00ed z\u00e1kladn\u00ed funk\u010dnosti str\u00e1nek. Tato kategorie cookies se ned\u00e1 zak\u00e1zat.<\/li>\n<li><strong>Analytick\u00e9\/statistick\u00e9 cookies<\/strong>: umo\u017e\u0148uj\u00ed n\u00e1m nap\u0159\u00edklad rozpoznat a zjistit po\u010det n\u00e1v\u0161t\u011bvn\u00edk\u016f a sledovat, jak na\u0161i n\u00e1v\u0161t\u011bvn\u00edci pou\u017e\u00edvaj\u00ed webov\u00e9 str\u00e1nky. Pom\u00e1haj\u00ed n\u00e1m zlep\u0161ovat zp\u016fsob, jak\u00fdm str\u00e1nky funguj\u00ed, nap\u0159\u00edklad tak, \u017ee umo\u017e\u0148uj\u00ed u\u017eivatel\u016fm snadno naj\u00edt to, co hledaj\u00ed. Tyto soubory spou\u0161t\u00edme pouze s\u00a0Va\u0161\u00edm p\u0159edchoz\u00edm souhlasem.<\/li>\n<li><strong>Reklamn\u00ed cookies:<\/strong> pou\u017e\u00edvaj\u00ed se ke sledov\u00e1n\u00ed preferenc\u00ed a umo\u017e\u0148uj\u00ed zobrazit reklamu a dal\u0161\u00ed obsah, kter\u00e9 nejl\u00e9pe odpov\u00eddaj\u00ed Va\u0161emu z\u00e1jmu a online chov\u00e1n\u00ed. Tyto soubory spou\u0161t\u00edme pouze s\u00a0Va\u0161\u00edm p\u0159edchoz\u00edm souhlasem.<\/li>\n<\/ul>\n<p>Upozor\u0148ujeme, \u017ee t\u0159et\u00ed strany (v\u010detn\u011b nap\u0159. poskytovatel\u016f extern\u00edch slu\u017eeb) mohou rovn\u011b\u017e pou\u017e\u00edvat cookies a\/nebo p\u0159istupovat k \u00fadaj\u016fm shroma\u017e\u010fovan\u00fdm cookies na webov\u00fdch str\u00e1nk\u00e1ch.<\/p>\n<p>Souhlas m\u016f\u017ee b\u00fdt vyj\u00e1d\u0159en prost\u0159ednictv\u00edm za\u0161krt\u00e1vac\u00edho pol\u00ed\u010dka obsa\u017een\u00e9ho v tzv. cookie li\u0161t\u011b. Soubory cookies m\u016f\u017eete i n\u00e1sledn\u011b v nastaven\u00ed sv\u00e9ho internetov\u00e9ho prohl\u00ed\u017ee\u010de odm\u00edtnout, nebo si nastavit u\u017e\u00edv\u00e1n\u00ed jen n\u011bkter\u00fdch.<\/p>\n<p>Dal\u0161\u00ed informace o spr\u00e1v\u011b cookies v jednotliv\u00fdch prohl\u00ed\u017ee\u010d\u00edch naleznete na n\u00e1sleduj\u00edc\u00edch odkazech:<\/p>\n<ul>\n<li>Internet Explorer &#8211;\u00a0<a href=\"https:\/\/support.microsoft.com\/cs-cz\/help\/17442\/windows-internet-explorer-delete-manage-cookies\">https:\/\/support.microsoft.com\/cs-cz\/help\/17442\/windows-internet-explorer-delete-manage-cookies<\/a><\/li>\n<li>Google Chrome &#8211;\u00a0<a href=\"https:\/\/support.google.com\/chrome\/answer\/95647?co=GENIE.Platform%3DDesktop&amp;hl=cs\">https:\/\/support.google.com\/chrome\/answer\/95647?co=GENIE.Platform%3DDesktop&amp;hl=cs<\/a><\/li>\n<li>Firefox &#8211;\u00a0<a href=\"https:\/\/support.mozilla.org\/cs\/kb\/povoleni-zakazani-cookies\">https:\/\/support.mozilla.org\/cs\/kb\/povoleni-zakazani-cookies<\/a><\/li>\n<li>Safari &#8211;\u00a0<a href=\"https:\/\/support.apple.com\/cs-cz\/guide\/safari\/sfri11471\/mac\">https:\/\/support.apple.com\/cs-cz\/guide\/safari\/sfri11471\/mac<\/a><\/li>\n<li>Opera &#8211;\u00a0<a href=\"https:\/\/help.opera.com\/cs\/latest\/security-and-privacy\/\">https:\/\/help.opera.com\/cs\/latest\/security-and-privacy\/<\/a><\/li>\n<li>Microsoft Edge &#8211;\u00a0<a href=\"https:\/\/docs.microsoft.com\/cs-cz\/sccm\/compliance\/deploy-use\/browser-profiles\">https:\/\/docs.microsoft.com\/cs-cz\/sccm\/compliance\/deploy-use\/browser-profiles<\/a><\/li>\n<\/ul>\n<h2>II. Va\u0161e pr\u00e1va v souvislosti se zpracov\u00e1n\u00edm osobn\u00edch \u00fadaj\u016f<\/h2>\n<p>Na\u0159\u00edzen\u00ed GDPR V\u00e1m d\u00e1v\u00e1 mimo jin\u00e9 pr\u00e1vo obr\u00e1tit se na n\u00e1s a cht\u00edt informace ohledn\u011b toho, jak\u00e9 Va\u0161e osobn\u00ed \u00fadaje zpracov\u00e1v\u00e1me, vy\u017e\u00e1dat si od n\u00e1s p\u0159\u00edstup k\u00a0t\u011bmto \u00fadaj\u016fm a nechat je aktualizovat nebo opravit, pop\u0159\u00edpad\u011b po\u017eadovat omezen\u00ed zpracov\u00e1n\u00ed, m\u016f\u017eete po\u017eadovat kopii zpracov\u00e1van\u00fdch osobn\u00edch \u00fadaj\u016f, po\u017eadovat po n\u00e1s v\u00a0ur\u010dit\u00fdch situac\u00edch v\u00fdmaz osobn\u00edch \u00fadaj\u016f a v\u00a0ur\u010dit\u00fdch p\u0159\u00edpadech m\u00e1te pr\u00e1vo na jejich p\u0159enositelnost. Proti zpracov\u00e1n\u00ed na z\u00e1klad\u011b opr\u00e1vn\u011bn\u00e9ho z\u00e1jmu lze vzn\u00e9st n\u00e1mitku.<\/p>\n<p>Pokud si mysl\u00edte, \u017ee s\u00a0daty nenakl\u00e1d\u00e1me spr\u00e1vn\u011b, m\u00e1te pr\u00e1vo podat st\u00ed\u017enost u <a href=\"http:\/\/www.uoou.cz\/\">\u00da\u0159adu pro ochranu osobn\u00edch \u00fadaj\u016f<\/a>, p\u0159\u00edpadn\u011b se se sv\u00fdmi n\u00e1roky obr\u00e1tit na soud.<\/p>\n<p>&nbsp;<\/p>\n<p>Tyto podm\u00ednky jsou \u00fa\u010dinn\u00e9 od 10.02.2025<\/p>\n\n\t\t<\/div>\n\t<\/div>\n<\/div><\/div><\/div><\/div>\n<\/div>","protected":false},"excerpt":{"rendered":"<p>Jsme spole\u010dnost KRETZ s.r.o., I\u010c: 28944348, se s\u00eddlem Ruprechtov 258, 683 04 Ruprechtov, zapsan\u00e1 7. srpna 2009, Spisov\u00e1 zna\u010dka: C 116064 veden\u00e1 u Krajsk\u00e9ho soudu v\u00a0Brn\u011b. Provozujeme internetovou str\u00e1nku na webov\u00fdch str\u00e1nk\u00e1ch www.kretz.cz P\u0159i poskytov\u00e1n\u00ed prodeje zbo\u017e\u00ed z na\u0161ich webov\u00fdch str\u00e1nek zpracov\u00e1v\u00e1me n\u011bkter\u00e9 Va\u0161e osobn\u00ed \u00fadaje. Zpracov\u00e1n\u00ed osobn\u00edch \u00fadaj\u016f upravuje zejm\u00e9na na\u0159\u00edzen\u00ed Evropsk\u00e9ho parlamentu a&hellip;<\/p>","protected":false},"author":1,"featured_media":0,"parent":0,"menu_order":0,"comment_status":"closed","ping_status":"closed","template":"","meta":{"footnotes":""},"class_list":["post-3","page","type-page","status-publish","hentry","description-off"],"yoast_head":"<!-- This site is optimized with the Yoast SEO plugin v25.9 - https:\/\/yoast.com\/wordpress\/plugins\/seo\/ -->\n<title>Z\u00e1sady ochrany osobn\u00edch \u00fadaj\u016f - KRETZ.cz - krby a krbov\u00e1 kamna<\/title>\n<meta name=\"robots\" content=\"noindex, follow\" \/>\n<meta property=\"og:locale\" content=\"en_US\" \/>\n<meta property=\"og:type\" content=\"article\" \/>\n<meta property=\"og:title\" content=\"Z\u00e1sady ochrany osobn\u00edch \u00fadaj\u016f - KRETZ.cz - krby a krbov\u00e1 kamna\" \/>\n<meta property=\"og:url\" content=\"https:\/\/kretz.cz\/en\/zasady-ochrany-osobnich-udaju\/\" \/>\n<meta property=\"og:site_name\" content=\"KRETZ.cz - krby a krbov\u00e1 kamna\" \/>\n<meta property=\"article:publisher\" content=\"https:\/\/www.facebook.com\/krbykretz\/\" \/>\n<meta property=\"article:modified_time\" content=\"2025-11-12T08:00:50+00:00\" \/>\n<meta property=\"og:image\" content=\"https:\/\/kretz.cz\/wp-content\/uploads\/2025\/09\/Kovovyroba_03-ostrava-oc-nova-karolina-1.jpg\" \/>\n\t<meta property=\"og:image:width\" content=\"598\" \/>\n\t<meta property=\"og:image:height\" content=\"442\" \/>\n\t<meta property=\"og:image:type\" content=\"image\/jpeg\" \/>\n<meta name=\"twitter:card\" content=\"summary_large_image\" \/>\n<meta name=\"twitter:label1\" content=\"Est. reading time\" \/>\n\t<meta name=\"twitter:data1\" content=\"5 minutes\" \/>\n<script type=\"application\/ld+json\" class=\"yoast-schema-graph\">{\"@context\":\"https:\/\/schema.org\",\"@graph\":[{\"@type\":\"WebPage\",\"@id\":\"https:\/\/kretz.cz\/zasady-ochrany-osobnich-udaju\/\",\"url\":\"https:\/\/kretz.cz\/zasady-ochrany-osobnich-udaju\/\",\"name\":\"Z\u00e1sady ochrany osobn\u00edch \u00fadaj\u016f - KRETZ.cz - krby a krbov\u00e1 kamna\",\"isPartOf\":{\"@id\":\"https:\/\/kretz.cz\/#website\"},\"datePublished\":\"2025-05-29T08:05:05+00:00\",\"dateModified\":\"2025-11-12T08:00:50+00:00\",\"breadcrumb\":{\"@id\":\"https:\/\/kretz.cz\/zasady-ochrany-osobnich-udaju\/#breadcrumb\"},\"inLanguage\":\"en-US\",\"potentialAction\":[{\"@type\":\"ReadAction\",\"target\":[\"https:\/\/kretz.cz\/zasady-ochrany-osobnich-udaju\/\"]}]},{\"@type\":\"BreadcrumbList\",\"@id\":\"https:\/\/kretz.cz\/zasady-ochrany-osobnich-udaju\/#breadcrumb\",\"itemListElement\":[{\"@type\":\"ListItem\",\"position\":1,\"name\":\"Dom\u016f\",\"item\":\"https:\/\/kretz.cz\/\"},{\"@type\":\"ListItem\",\"position\":2,\"name\":\"Z\u00e1sady ochrany osobn\u00edch \u00fadaj\u016f\"}]},{\"@type\":\"WebSite\",\"@id\":\"https:\/\/kretz.cz\/#website\",\"url\":\"https:\/\/kretz.cz\/\",\"name\":\"KRETZ.cz - krby a krbov\u00e1 kamna\",\"description\":\"Jsme \u010desk\u00e1 spole\u010dnost p\u016fsob\u00edc\u00ed v oblasti v\u00fdroby a stroj\u00edrenstv\u00ed. Specializujeme se na v\u00fdrobu krbov\u00fdch vlo\u017eek a topen\u00e1\u0159sk\u00e9 techniky, z\u00e1rove\u0148 nab\u00edz\u00edme zak\u00e1zkovou stroj\u00edrenskou v\u00fdrobu. Realizujeme tak\u00e9 stavebn\u00ed projekty v\u010detn\u011b kovov\u00fdch konstrukc\u00ed. Na\u0161\u00ed p\u0159ednost\u00ed je kvalita, spolehlivost a individu\u00e1ln\u00ed p\u0159\u00edstup ke ka\u017ed\u00e9mu z\u00e1kazn\u00edkovi.\",\"potentialAction\":[{\"@type\":\"SearchAction\",\"target\":{\"@type\":\"EntryPoint\",\"urlTemplate\":\"https:\/\/kretz.cz\/?s={search_term_string}\"},\"query-input\":{\"@type\":\"PropertyValueSpecification\",\"valueRequired\":true,\"valueName\":\"search_term_string\"}}],\"inLanguage\":\"en-US\"}]}<\/script>\n<!-- \/ Yoast SEO plugin. -->","yoast_head_json":{"title":"Z\u00e1sady ochrany osobn\u00edch \u00fadaj\u016f - KRETZ.cz - krby a krbov\u00e1 kamna","robots":{"index":"noindex","follow":"follow"},"og_locale":"en_US","og_type":"article","og_title":"Z\u00e1sady ochrany osobn\u00edch \u00fadaj\u016f - KRETZ.cz - krby a krbov\u00e1 kamna","og_url":"https:\/\/kretz.cz\/en\/zasady-ochrany-osobnich-udaju\/","og_site_name":"KRETZ.cz - krby a krbov\u00e1 kamna","article_publisher":"https:\/\/www.facebook.com\/krbykretz\/","article_modified_time":"2025-11-12T08:00:50+00:00","og_image":[{"width":598,"height":442,"url":"https:\/\/kretz.cz\/wp-content\/uploads\/2025\/09\/Kovovyroba_03-ostrava-oc-nova-karolina-1.jpg","type":"image\/jpeg"}],"twitter_card":"summary_large_image","twitter_misc":{"Est. reading time":"5 minutes"},"schema":{"@context":"https:\/\/schema.org","@graph":[{"@type":"WebPage","@id":"https:\/\/kretz.cz\/zasady-ochrany-osobnich-udaju\/","url":"https:\/\/kretz.cz\/zasady-ochrany-osobnich-udaju\/","name":"Z\u00e1sady ochrany osobn\u00edch \u00fadaj\u016f - KRETZ.cz - krby a krbov\u00e1 kamna","isPartOf":{"@id":"https:\/\/kretz.cz\/#website"},"datePublished":"2025-05-29T08:05:05+00:00","dateModified":"2025-11-12T08:00:50+00:00","breadcrumb":{"@id":"https:\/\/kretz.cz\/zasady-ochrany-osobnich-udaju\/#breadcrumb"},"inLanguage":"en-US","potentialAction":[{"@type":"ReadAction","target":["https:\/\/kretz.cz\/zasady-ochrany-osobnich-udaju\/"]}]},{"@type":"BreadcrumbList","@id":"https:\/\/kretz.cz\/zasady-ochrany-osobnich-udaju\/#breadcrumb","itemListElement":[{"@type":"ListItem","position":1,"name":"Dom\u016f","item":"https:\/\/kretz.cz\/"},{"@type":"ListItem","position":2,"name":"Z\u00e1sady ochrany osobn\u00edch \u00fadaj\u016f"}]},{"@type":"WebSite","@id":"https:\/\/kretz.cz\/#website","url":"https:\/\/kretz.cz\/","name":"KRETZ.cz - krby a krbov\u00e1 kamna","description":"Jsme \u010desk\u00e1 spole\u010dnost p\u016fsob\u00edc\u00ed v oblasti v\u00fdroby a stroj\u00edrenstv\u00ed. Specializujeme se na v\u00fdrobu krbov\u00fdch vlo\u017eek a topen\u00e1\u0159sk\u00e9 techniky, z\u00e1rove\u0148 nab\u00edz\u00edme zak\u00e1zkovou stroj\u00edrenskou v\u00fdrobu. Realizujeme tak\u00e9 stavebn\u00ed projekty v\u010detn\u011b kovov\u00fdch konstrukc\u00ed. Na\u0161\u00ed p\u0159ednost\u00ed je kvalita, spolehlivost a individu\u00e1ln\u00ed p\u0159\u00edstup ke ka\u017ed\u00e9mu z\u00e1kazn\u00edkovi.","potentialAction":[{"@type":"SearchAction","target":{"@type":"EntryPoint","urlTemplate":"https:\/\/kretz.cz\/?s={search_term_string}"},"query-input":{"@type":"PropertyValueSpecification","valueRequired":true,"valueName":"search_term_string"}}],"inLanguage":"en-US"}]}},"jetpack_sharing_enabled":true,"_links":{"self":[{"href":"https:\/\/kretz.cz\/en\/wp-json\/wp\/v2\/pages\/3","targetHints":{"allow":["GET"]}}],"collection":[{"href":"https:\/\/kretz.cz\/en\/wp-json\/wp\/v2\/pages"}],"about":[{"href":"https:\/\/kretz.cz\/en\/wp-json\/wp\/v2\/types\/page"}],"author":[{"embeddable":true,"href":"https:\/\/kretz.cz\/en\/wp-json\/wp\/v2\/users\/1"}],"replies":[{"embeddable":true,"href":"https:\/\/kretz.cz\/en\/wp-json\/wp\/v2\/comments?post=3"}],"version-history":[{"count":14,"href":"https:\/\/kretz.cz\/en\/wp-json\/wp\/v2\/pages\/3\/revisions"}],"predecessor-version":[{"id":3101,"href":"https:\/\/kretz.cz\/en\/wp-json\/wp\/v2\/pages\/3\/revisions\/3101"}],"wp:attachment":[{"href":"https:\/\/kretz.cz\/en\/wp-json\/wp\/v2\/media?parent=3"}],"curies":[{"name":"wp","href":"https:\/\/api.w.org\/{rel}","templated":true}]}}