{"id":2691,"date":"2025-09-10T08:18:10","date_gmt":"2025-09-10T08:18:10","guid":{"rendered":"https:\/\/kretz.cz\/?page_id=2691"},"modified":"2025-09-11T14:37:11","modified_gmt":"2025-09-11T14:37:11","slug":"krbove-prislusenstvi","status":"publish","type":"page","link":"https:\/\/kretz.cz\/en\/krbove-prislusenstvi\/","title":{"rendered":"Fireplace accessories"},"content":{"rendered":"<div class=\"wpb-content-wrapper\"><div class=\"vc_row wpb_row vc_row-fluid\"><div class=\"wpb_column vc_column_container vc_col-sm-12\"><div class=\"vc_column-inner\"><div class=\"wpb_wrapper\">\n\t<div class=\"wpb_text_column wpb_content_element\" >\n\t\t<div class=\"wpb_wrapper\">\n\t\t\t<h2 style=\"text-align: center;\">Please fill in this table for us<\/h2>\n\n\t\t<\/div>\n\t<\/div>\n<\/div><\/div><\/div><\/div><div data-vc-full-width=\"true\" data-vc-full-width-temp=\"true\" data-vc-full-width-init=\"false\" class=\"vc_row wpb_row vc_row-fluid vc_custom_1757601429284 vc_row-has-fill\"><div class=\"wpb_column vc_column_container vc_col-sm-12\"><div class=\"vc_column-inner\"><div class=\"wpb_wrapper\">\n\t<div class=\"wpb_raw_code wpb_raw_html wpb_content_element\" >\n\t\t<div class=\"wpb_wrapper\">\n\t\t\t\n<div class=\"wpcf7 no-js\" id=\"wpcf7-f2690-o1\" lang=\"cs-CZ\" dir=\"ltr\" data-wpcf7-id=\"2690\">\n<div class=\"screen-reader-response\"><p role=\"status\" aria-live=\"polite\" aria-atomic=\"true\"><\/p> <ul><\/ul><\/div>\n<form action=\"\/en\/wp-json\/wp\/v2\/pages\/2691#wpcf7-f2690-o1\" method=\"post\" class=\"wpcf7-form init\" aria-label=\"Contact form\" novalidate=\"novalidate\" data-status=\"init\" data-trp-original-action=\"\/en\/wp-json\/wp\/v2\/pages\/2691#wpcf7-f2690-o1\">\n<fieldset class=\"hidden-fields-container\"><input type=\"hidden\" name=\"_wpcf7\" value=\"2690\" \/><input type=\"hidden\" name=\"_wpcf7_version\" value=\"6.1.1\" \/><input type=\"hidden\" name=\"_wpcf7_locale\" value=\"cs_CZ\" \/><input type=\"hidden\" name=\"_wpcf7_unit_tag\" value=\"wpcf7-f2690-o1\" \/><input type=\"hidden\" name=\"_wpcf7_container_post\" value=\"0\" \/><input type=\"hidden\" name=\"_wpcf7_posted_data_hash\" value=\"\" \/><input type=\"hidden\" name=\"_uacf7_hidden_conditional_fields\" value=\"\" \/><input type=\"hidden\" name=\"_wpcf7_recaptcha_response\" value=\"\" \/>\n<\/fieldset>\n<div class=\"uacf7-form-wrapper-container uacf7-form-2690\"><font color=\"black\"><div id=\"responsive-form\" class=\"clearfix\">\n<input class=\"wpcf7-form-control wpcf7-hidden\" value=\"Kontaktn\u00ed formul\u00e1\u0159 - Krbov\u00e9 p\u0159\u00edslu\u0161enstv\u00ed\" type=\"hidden\" name=\"form-title\" \/>\n\n<div class=\"form-row\">\n<table>\n  <tr>\n    <th>Name<\/th>\n    <th>Pieces<\/th>\n    <th>Size<\/th>\n    <th>Specifications<\/th>\n  <\/tr>\n\n  <tr>\n    <td>straight chimney pipe<\/td>\n    <td><span class=\"wpcf7-form-control-wrap\" data-name=\"ks-kourovod-rovny\"><input size=\"4\" maxlength=\"400\" class=\"wpcf7-form-control wpcf7-text\" aria-invalid=\"false\" value=\"\" type=\"text\" name=\"ks-kourovod-rovny\" \/><\/span><\/td>\n    <td><span class=\"wpcf7-form-control-wrap\" data-name=\"rozm-kourovod-rovny\"><input size=\"40\" maxlength=\"400\" class=\"wpcf7-form-control wpcf7-text\" aria-invalid=\"false\" value=\"\" type=\"text\" name=\"rozm-kourovod-rovny\" \/><\/span><\/td>\n    <td><span class=\"wpcf7-form-control-wrap\" data-name=\"upres-kourovod-rovny\"><input size=\"40\" maxlength=\"400\" class=\"wpcf7-form-control wpcf7-text\" aria-invalid=\"false\" value=\"\" type=\"text\" name=\"upres-kourovod-rovny\" \/><\/span><\/td>\n  <\/tr>\n\n  <tr>\n    <td>elbow pipe<\/td>\n    <td><span class=\"wpcf7-form-control-wrap\" data-name=\"ks-kourovod-koleno\"><input size=\"4\" maxlength=\"400\" class=\"wpcf7-form-control wpcf7-text\" aria-invalid=\"false\" value=\"\" type=\"text\" name=\"ks-kourovod-koleno\" \/><\/span><\/td>\n    <td><span class=\"wpcf7-form-control-wrap\" data-name=\"rozm-kourovod-koleno\"><input size=\"40\" maxlength=\"400\" class=\"wpcf7-form-control wpcf7-text\" aria-invalid=\"false\" value=\"\" type=\"text\" name=\"rozm-kourovod-koleno\" \/><\/span><\/td>\n    <td><span class=\"wpcf7-form-control-wrap\" data-name=\"upres-kourovod-koleno\"><input size=\"40\" maxlength=\"400\" class=\"wpcf7-form-control wpcf7-text\" aria-invalid=\"false\" value=\"\" type=\"text\" name=\"upres-kourovod-koleno\" \/><\/span><\/td>\n  <\/tr>\n\n  <tr>\n    <td>flue reducer<\/td>\n    <td><span class=\"wpcf7-form-control-wrap\" data-name=\"ks-kourovod-redukce\"><input size=\"4\" maxlength=\"400\" class=\"wpcf7-form-control wpcf7-text\" aria-invalid=\"false\" value=\"\" type=\"text\" name=\"ks-kourovod-redukce\" \/><\/span><\/td>\n    <td><span class=\"wpcf7-form-control-wrap\" data-name=\"rozm-kourovod-redukce\"><input size=\"40\" maxlength=\"400\" class=\"wpcf7-form-control wpcf7-text\" aria-invalid=\"false\" value=\"\" type=\"text\" name=\"rozm-kourovod-redukce\" \/><\/span><\/td>\n    <td><span class=\"wpcf7-form-control-wrap\" data-name=\"upres-kourovod-redukce\"><input size=\"40\" maxlength=\"400\" class=\"wpcf7-form-control wpcf7-text\" aria-invalid=\"false\" value=\"\" type=\"text\" name=\"upres-kourovod-redukce\" \/><\/span><\/td>\n  <\/tr>\n\n  <tr>\n    <td>insulation boards for enclosure.<\/td>\n    <td><span class=\"wpcf7-form-control-wrap\" data-name=\"ks-izolacni\"><input size=\"4\" maxlength=\"400\" class=\"wpcf7-form-control wpcf7-text\" aria-invalid=\"false\" value=\"\" type=\"text\" name=\"ks-izolacni\" \/><\/span><\/td>\n    <td><span class=\"wpcf7-form-control-wrap\" data-name=\"rozm-izolacni\"><input size=\"40\" maxlength=\"400\" class=\"wpcf7-form-control wpcf7-text\" aria-invalid=\"false\" value=\"\" type=\"text\" name=\"rozm-izolacni\" \/><\/span><\/td>\n    <td><span class=\"wpcf7-form-control-wrap\" data-name=\"upres-izolacni\"><input size=\"40\" maxlength=\"400\" class=\"wpcf7-form-control wpcf7-text\" aria-invalid=\"false\" value=\"\" type=\"text\" name=\"upres-izolacni\" \/><\/span><\/td>\n  <\/tr>\n\n  <tr>\n    <td>fireclay<\/td>\n    <td><span class=\"wpcf7-form-control-wrap\" data-name=\"ks-samot\"><input size=\"4\" maxlength=\"400\" class=\"wpcf7-form-control wpcf7-text\" aria-invalid=\"false\" value=\"\" type=\"text\" name=\"ks-samot\" \/><\/span><\/td>\n    <td><span class=\"wpcf7-form-control-wrap\" data-name=\"rozm-samot\"><input size=\"40\" maxlength=\"400\" class=\"wpcf7-form-control wpcf7-text\" aria-invalid=\"false\" value=\"\" type=\"text\" name=\"rozm-samot\" \/><\/span><\/td>\n    <td><span class=\"wpcf7-form-control-wrap\" data-name=\"upres-samot\"><input size=\"40\" maxlength=\"400\" class=\"wpcf7-form-control wpcf7-text\" aria-invalid=\"false\" value=\"\" type=\"text\" name=\"upres-samot\" \/><\/span><\/td>\n  <\/tr>\n\n  <tr>\n    <td>revizn\u00ed dv\u00ed\u0159ka<\/td>\n    <td><span class=\"wpcf7-form-control-wrap\" data-name=\"ks-revizni\"><input size=\"4\" maxlength=\"400\" class=\"wpcf7-form-control wpcf7-text\" aria-invalid=\"false\" value=\"\" type=\"text\" name=\"ks-revizni\" \/><\/span><\/td>\n    <td><span class=\"wpcf7-form-control-wrap\" data-name=\"rozm-revizni\"><input size=\"40\" maxlength=\"400\" class=\"wpcf7-form-control wpcf7-text\" aria-invalid=\"false\" value=\"\" type=\"text\" name=\"rozm-revizni\" \/><\/span><\/td>\n    <td><span class=\"wpcf7-form-control-wrap\" data-name=\"upres-revizni\"><input size=\"40\" maxlength=\"400\" class=\"wpcf7-form-control wpcf7-text\" aria-invalid=\"false\" value=\"\" type=\"text\" name=\"upres-revizni\" \/><\/span><\/td>\n  <\/tr>\n\n  <tr>\n    <td>ventil\u00e1tor<\/td>\n    <td><span class=\"wpcf7-form-control-wrap\" data-name=\"ks-ventilator\"><input size=\"4\" maxlength=\"400\" class=\"wpcf7-form-control wpcf7-text\" aria-invalid=\"false\" value=\"\" type=\"text\" name=\"ks-ventilator\" \/><\/span><\/td>\n    <td><span class=\"wpcf7-form-control-wrap\" data-name=\"rozm-ventilator\"><input size=\"40\" maxlength=\"400\" class=\"wpcf7-form-control wpcf7-text\" aria-invalid=\"false\" value=\"\" type=\"text\" name=\"rozm-ventilator\" \/><\/span><\/td>\n    <td><span class=\"wpcf7-form-control-wrap\" data-name=\"upres-ventilator\"><input size=\"40\" maxlength=\"400\" class=\"wpcf7-form-control wpcf7-text\" aria-invalid=\"false\" value=\"\" type=\"text\" name=\"upres-ventilator\" \/><\/span><\/td>\n  <\/tr>\n\n  <tr>\n    <td>tep. rozvod izolovan\u00fd<\/td>\n    <td><span class=\"wpcf7-form-control-wrap\" data-name=\"ks-rozvod-izol\"><input size=\"4\" maxlength=\"400\" class=\"wpcf7-form-control wpcf7-text\" aria-invalid=\"false\" value=\"\" type=\"text\" name=\"ks-rozvod-izol\" \/><\/span><\/td>\n    <td><span class=\"wpcf7-form-control-wrap\" data-name=\"rozm-rozvod-izol\"><input size=\"40\" maxlength=\"400\" class=\"wpcf7-form-control wpcf7-text\" aria-invalid=\"false\" value=\"\" type=\"text\" name=\"rozm-rozvod-izol\" \/><\/span><\/td>\n    <td><span class=\"wpcf7-form-control-wrap\" data-name=\"upres-rozvod-izol\"><input size=\"40\" maxlength=\"400\" class=\"wpcf7-form-control wpcf7-text\" aria-invalid=\"false\" value=\"\" type=\"text\" name=\"upres-rozvod-izol\" \/><\/span><\/td>\n  <\/tr>\n\n  <tr>\n    <td>tep. rozvod neizolovan\u00fd<\/td>\n    <td><span class=\"wpcf7-form-control-wrap\" data-name=\"ks-rozvod-neiz\"><input size=\"4\" maxlength=\"400\" class=\"wpcf7-form-control wpcf7-text\" aria-invalid=\"false\" value=\"\" type=\"text\" name=\"ks-rozvod-neiz\" \/><\/span><\/td>\n    <td><span class=\"wpcf7-form-control-wrap\" data-name=\"rozm-rozvod-neiz\"><input size=\"40\" maxlength=\"400\" class=\"wpcf7-form-control wpcf7-text\" aria-invalid=\"false\" value=\"\" type=\"text\" name=\"rozm-rozvod-neiz\" \/><\/span><\/td>\n    <td><span class=\"wpcf7-form-control-wrap\" data-name=\"upres-rozvod-neiz\"><input size=\"40\" maxlength=\"400\" class=\"wpcf7-form-control wpcf7-text\" aria-invalid=\"false\" value=\"\" type=\"text\" name=\"upres-rozvod-neiz\" \/><\/span><\/td>\n  <\/tr>\n\n  <tr>\n    <td>krbov\u00e9 m\u0159\u00ed\u017eky<\/td>\n    <td><span class=\"wpcf7-form-control-wrap\" data-name=\"ks-mrizky\"><input size=\"4\" maxlength=\"400\" class=\"wpcf7-form-control wpcf7-text\" aria-invalid=\"false\" value=\"\" type=\"text\" name=\"ks-mrizky\" \/><\/span><\/td>\n    <td><span class=\"wpcf7-form-control-wrap\" data-name=\"rozm-mrizky\"><input size=\"40\" maxlength=\"400\" class=\"wpcf7-form-control wpcf7-text\" aria-invalid=\"false\" value=\"\" type=\"text\" name=\"rozm-mrizky\" \/><\/span><\/td>\n    <td><span class=\"wpcf7-form-control-wrap\" data-name=\"upres-mrizky\"><input size=\"40\" maxlength=\"400\" class=\"wpcf7-form-control wpcf7-text\" aria-invalid=\"false\" value=\"\" type=\"text\" name=\"upres-mrizky\" \/><\/span><\/td>\n  <\/tr>\n<\/table>\n<\/div>\n\n<div class=\"form-row\">\n<div class=\"column-full\">Jin\u00e9 - pros\u00edm popi\u0161te  <span class=\"wpcf7-form-control-wrap\" data-name=\"your-message\"><textarea cols=\"40\" rows=\"10\" maxlength=\"2000\" class=\"wpcf7-form-control wpcf7-textarea\" aria-invalid=\"false\" name=\"your-message\"><\/textarea><\/span>\n<\/div>\n\n<div class=\"uacf7-row\"><div class=\"uacf7-col-4\"> <div class=\"column-full\">Name and surname <span class=\"wpcf7-form-control-wrap\" data-name=\"first-name\"><input size=\"40\" maxlength=\"400\" class=\"wpcf7-form-control wpcf7-text wpcf7-validates-as-required\" aria-required=\"true\" aria-invalid=\"false\" value=\"\" type=\"text\" name=\"first-name\" \/><\/span><\/div> <\/div><div class=\"uacf7-col-4\"> <div class=\"column-full\">E-mail * <span class=\"wpcf7-form-control-wrap\" data-name=\"your-email\"><input size=\"40\" maxlength=\"400\" class=\"wpcf7-form-control wpcf7-email wpcf7-validates-as-required wpcf7-text wpcf7-validates-as-email\" aria-required=\"true\" aria-invalid=\"false\" value=\"\" type=\"email\" name=\"your-email\" \/><\/span><\/div> <\/div><div class=\"uacf7-col-4\"> <div class=\"column-full\">Phone number <span class=\"wpcf7-form-control-wrap\" data-name=\"telefon\"><input size=\"40\" maxlength=\"400\" class=\"wpcf7-form-control wpcf7-tel wpcf7-validates-as-required wpcf7-text wpcf7-validates-as-tel\" aria-required=\"true\" aria-invalid=\"false\" value=\"\" type=\"tel\" name=\"telefon\" \/><\/span><\/div> <\/div><\/div>\n\n<div class=\"uacf7-row\"><div class=\"uacf7-col-4\"> <div class=\"column-full\">Street <span class=\"wpcf7-form-control-wrap\" data-name=\"adresa-ulice\"><input size=\"40\" maxlength=\"400\" class=\"wpcf7-form-control wpcf7-text\" aria-invalid=\"false\" value=\"\" type=\"text\" name=\"adresa-ulice\" \/><\/span><\/div> <\/div><div class=\"uacf7-col-4\"> <div class=\"column-full\">City <span class=\"wpcf7-form-control-wrap\" data-name=\"adresa-mesto\"><input size=\"40\" maxlength=\"400\" class=\"wpcf7-form-control wpcf7-text\" aria-invalid=\"false\" value=\"\" type=\"text\" name=\"adresa-mesto\" \/><\/span><\/div> <\/div><div class=\"uacf7-col-4\"> <div class=\"column-full\">postal code <span class=\"wpcf7-form-control-wrap\" data-name=\"adresa-psc\"><input class=\"wpcf7-form-control wpcf7-number wpcf7-validates-as-number\" aria-invalid=\"false\" value=\"\" type=\"number\" name=\"adresa-psc\" \/><\/span><\/div> <\/div><\/div>\n\n<div class=\"form-row\">\n<br><br>\n* Required field<\/br><\/br>\nBy submitting the form, you agree to the <a href=\"\/en\/zasady-ochrany-osobnich-udaju\/\">processing of your personal data<\/a>.<\/div>\n<\/div>\n<span id=\"wpcf7-69ecdd44db716-wrapper\" class=\"wpcf7-form-control-wrap honeypot-734-wrap\" style=\"display:none !important; visibility:hidden !important;\"><label for=\"wpcf7-69ecdd44db716-field\" class=\"hp-message\">Ponechte toto pole pr\u00e1zdn\u00e9.<\/label><input id=\"wpcf7-69ecdd44db716-field\"  class=\"wpcf7-form-control wpcf7-text\" type=\"text\" name=\"honeypot-734\" value=\"\" size=\"40\" tabindex=\"-1\" autocomplete=\"new-password\" \/><\/span>\n<div class=\"form-row\">\n<div class=\"column-full\"><input class=\"wpcf7-form-control wpcf7-submit has-spinner\" type=\"submit\" value=\"SEND\" \/><\/div>\n<\/div>\n\n<\/div><!--end responsive-form-->\n<\/font><\/div><div class=\"wpcf7-response-output\" aria-hidden=\"true\"><\/div>\n<input type=\"hidden\" name=\"trp-form-language\" value=\"en\"\/><\/form>\n<\/div>\n\n\t\t<\/div>\n\t<\/div>\n<\/div><\/div><\/div><\/div><div class=\"vc_row-full-width vc_clearfix\"><\/div>\n<\/div>","protected":false},"excerpt":{"rendered":"<p>Vypl\u0148te n\u00e1m pros\u00edm tuto tabulku: N\u00e1zev Ks Rozm\u011br Up\u0159esn\u011bn\u00ed kou\u0159ovod rovn\u00fd kou\u0159ovod koleno kou\u0159ovod redukce Izola\u010dn\u00ed desky na obstavbu &#8211; m \u0161amot revizn\u00ed dv\u00ed\u0159ka ventil\u00e1tor tep. rozvod izolovan\u00fd tep. rozvod neizolovan\u00fd krbov\u00e9 m\u0159\u00ed\u017eky Jin\u00e9 &#8211; pros\u00edm popi\u0161te Jm\u00e9no a p\u0159\u00edjmen\u00ed * E-mail * Telefon * Ulice M\u011bsto PS\u010c * Povinn\u00e1 pole Odesl\u00e1n\u00edm formul\u00e1\u0159e souhlas\u00edte se&hellip;<\/p>","protected":false},"author":1,"featured_media":0,"parent":0,"menu_order":0,"comment_status":"closed","ping_status":"closed","template":"","meta":{"footnotes":""},"class_list":["post-2691","page","type-page","status-publish","hentry","description-off"],"yoast_head":"<!-- This site is optimized with the Yoast SEO plugin v25.9 - https:\/\/yoast.com\/wordpress\/plugins\/seo\/ -->\n<title>Krbov\u00e9 p\u0159\u00edslu\u0161enstv\u00ed - KRETZ.cz - krby a krbov\u00e1 kamna<\/title>\n<meta name=\"robots\" content=\"noindex, follow\" \/>\n<meta property=\"og:locale\" content=\"en_US\" \/>\n<meta property=\"og:type\" content=\"article\" \/>\n<meta property=\"og:title\" content=\"Krbov\u00e9 p\u0159\u00edslu\u0161enstv\u00ed - KRETZ.cz - krby a krbov\u00e1 kamna\" \/>\n<meta property=\"og:url\" content=\"https:\/\/kretz.cz\/en\/krbove-prislusenstvi\/\" \/>\n<meta property=\"og:site_name\" content=\"KRETZ.cz - krby a krbov\u00e1 kamna\" \/>\n<meta property=\"article:publisher\" content=\"https:\/\/www.facebook.com\/krbykretz\/\" \/>\n<meta property=\"article:modified_time\" content=\"2025-09-11T14:37:11+00:00\" \/>\n<meta property=\"og:image\" content=\"https:\/\/kretz.cz\/wp-content\/uploads\/2025\/09\/Kovovyroba_03-ostrava-oc-nova-karolina-1.jpg\" \/>\n\t<meta property=\"og:image:width\" content=\"598\" \/>\n\t<meta property=\"og:image:height\" content=\"442\" \/>\n\t<meta property=\"og:image:type\" content=\"image\/jpeg\" \/>\n<meta name=\"twitter:card\" content=\"summary_large_image\" \/>\n<meta name=\"twitter:label1\" content=\"Est. reading time\" \/>\n\t<meta name=\"twitter:data1\" content=\"1 minute\" \/>\n<script type=\"application\/ld+json\" class=\"yoast-schema-graph\">{\"@context\":\"https:\/\/schema.org\",\"@graph\":[{\"@type\":\"WebPage\",\"@id\":\"https:\/\/kretz.cz\/krbove-prislusenstvi\/\",\"url\":\"https:\/\/kretz.cz\/krbove-prislusenstvi\/\",\"name\":\"Krbov\u00e9 p\u0159\u00edslu\u0161enstv\u00ed - KRETZ.cz - krby a krbov\u00e1 kamna\",\"isPartOf\":{\"@id\":\"https:\/\/kretz.cz\/#website\"},\"datePublished\":\"2025-09-10T08:18:10+00:00\",\"dateModified\":\"2025-09-11T14:37:11+00:00\",\"breadcrumb\":{\"@id\":\"https:\/\/kretz.cz\/krbove-prislusenstvi\/#breadcrumb\"},\"inLanguage\":\"en-US\",\"potentialAction\":[{\"@type\":\"ReadAction\",\"target\":[\"https:\/\/kretz.cz\/krbove-prislusenstvi\/\"]}]},{\"@type\":\"BreadcrumbList\",\"@id\":\"https:\/\/kretz.cz\/krbove-prislusenstvi\/#breadcrumb\",\"itemListElement\":[{\"@type\":\"ListItem\",\"position\":1,\"name\":\"Dom\u016f\",\"item\":\"https:\/\/kretz.cz\/\"},{\"@type\":\"ListItem\",\"position\":2,\"name\":\"Krbov\u00e9 p\u0159\u00edslu\u0161enstv\u00ed\"}]},{\"@type\":\"WebSite\",\"@id\":\"https:\/\/kretz.cz\/#website\",\"url\":\"https:\/\/kretz.cz\/\",\"name\":\"KRETZ.cz - krby a krbov\u00e1 kamna\",\"description\":\"Jsme \u010desk\u00e1 spole\u010dnost p\u016fsob\u00edc\u00ed v oblasti v\u00fdroby a stroj\u00edrenstv\u00ed. Specializujeme se na v\u00fdrobu krbov\u00fdch vlo\u017eek a topen\u00e1\u0159sk\u00e9 techniky, z\u00e1rove\u0148 nab\u00edz\u00edme zak\u00e1zkovou stroj\u00edrenskou v\u00fdrobu. Realizujeme tak\u00e9 stavebn\u00ed projekty v\u010detn\u011b kovov\u00fdch konstrukc\u00ed. Na\u0161\u00ed p\u0159ednost\u00ed je kvalita, spolehlivost a individu\u00e1ln\u00ed p\u0159\u00edstup ke ka\u017ed\u00e9mu z\u00e1kazn\u00edkovi.\",\"potentialAction\":[{\"@type\":\"SearchAction\",\"target\":{\"@type\":\"EntryPoint\",\"urlTemplate\":\"https:\/\/kretz.cz\/?s={search_term_string}\"},\"query-input\":{\"@type\":\"PropertyValueSpecification\",\"valueRequired\":true,\"valueName\":\"search_term_string\"}}],\"inLanguage\":\"en-US\"}]}<\/script>\n<!-- \/ Yoast SEO plugin. -->","yoast_head_json":{"title":"Krbov\u00e9 p\u0159\u00edslu\u0161enstv\u00ed - KRETZ.cz - krby a krbov\u00e1 kamna","robots":{"index":"noindex","follow":"follow"},"og_locale":"en_US","og_type":"article","og_title":"Krbov\u00e9 p\u0159\u00edslu\u0161enstv\u00ed - KRETZ.cz - krby a krbov\u00e1 kamna","og_url":"https:\/\/kretz.cz\/en\/krbove-prislusenstvi\/","og_site_name":"KRETZ.cz - krby a krbov\u00e1 kamna","article_publisher":"https:\/\/www.facebook.com\/krbykretz\/","article_modified_time":"2025-09-11T14:37:11+00:00","og_image":[{"width":598,"height":442,"url":"https:\/\/kretz.cz\/wp-content\/uploads\/2025\/09\/Kovovyroba_03-ostrava-oc-nova-karolina-1.jpg","type":"image\/jpeg"}],"twitter_card":"summary_large_image","twitter_misc":{"Est. reading time":"1 minute"},"schema":{"@context":"https:\/\/schema.org","@graph":[{"@type":"WebPage","@id":"https:\/\/kretz.cz\/krbove-prislusenstvi\/","url":"https:\/\/kretz.cz\/krbove-prislusenstvi\/","name":"Krbov\u00e9 p\u0159\u00edslu\u0161enstv\u00ed - KRETZ.cz - krby a krbov\u00e1 kamna","isPartOf":{"@id":"https:\/\/kretz.cz\/#website"},"datePublished":"2025-09-10T08:18:10+00:00","dateModified":"2025-09-11T14:37:11+00:00","breadcrumb":{"@id":"https:\/\/kretz.cz\/krbove-prislusenstvi\/#breadcrumb"},"inLanguage":"en-US","potentialAction":[{"@type":"ReadAction","target":["https:\/\/kretz.cz\/krbove-prislusenstvi\/"]}]},{"@type":"BreadcrumbList","@id":"https:\/\/kretz.cz\/krbove-prislusenstvi\/#breadcrumb","itemListElement":[{"@type":"ListItem","position":1,"name":"Dom\u016f","item":"https:\/\/kretz.cz\/"},{"@type":"ListItem","position":2,"name":"Krbov\u00e9 p\u0159\u00edslu\u0161enstv\u00ed"}]},{"@type":"WebSite","@id":"https:\/\/kretz.cz\/#website","url":"https:\/\/kretz.cz\/","name":"KRETZ.cz - krby a krbov\u00e1 kamna","description":"Jsme \u010desk\u00e1 spole\u010dnost p\u016fsob\u00edc\u00ed v oblasti v\u00fdroby a stroj\u00edrenstv\u00ed. Specializujeme se na v\u00fdrobu krbov\u00fdch vlo\u017eek a topen\u00e1\u0159sk\u00e9 techniky, z\u00e1rove\u0148 nab\u00edz\u00edme zak\u00e1zkovou stroj\u00edrenskou v\u00fdrobu. Realizujeme tak\u00e9 stavebn\u00ed projekty v\u010detn\u011b kovov\u00fdch konstrukc\u00ed. Na\u0161\u00ed p\u0159ednost\u00ed je kvalita, spolehlivost a individu\u00e1ln\u00ed p\u0159\u00edstup ke ka\u017ed\u00e9mu z\u00e1kazn\u00edkovi.","potentialAction":[{"@type":"SearchAction","target":{"@type":"EntryPoint","urlTemplate":"https:\/\/kretz.cz\/?s={search_term_string}"},"query-input":{"@type":"PropertyValueSpecification","valueRequired":true,"valueName":"search_term_string"}}],"inLanguage":"en-US"}]}},"jetpack_sharing_enabled":true,"_links":{"self":[{"href":"https:\/\/kretz.cz\/en\/wp-json\/wp\/v2\/pages\/2691","targetHints":{"allow":["GET"]}}],"collection":[{"href":"https:\/\/kretz.cz\/en\/wp-json\/wp\/v2\/pages"}],"about":[{"href":"https:\/\/kretz.cz\/en\/wp-json\/wp\/v2\/types\/page"}],"author":[{"embeddable":true,"href":"https:\/\/kretz.cz\/en\/wp-json\/wp\/v2\/users\/1"}],"replies":[{"embeddable":true,"href":"https:\/\/kretz.cz\/en\/wp-json\/wp\/v2\/comments?post=2691"}],"version-history":[{"count":7,"href":"https:\/\/kretz.cz\/en\/wp-json\/wp\/v2\/pages\/2691\/revisions"}],"predecessor-version":[{"id":2978,"href":"https:\/\/kretz.cz\/en\/wp-json\/wp\/v2\/pages\/2691\/revisions\/2978"}],"wp:attachment":[{"href":"https:\/\/kretz.cz\/en\/wp-json\/wp\/v2\/media?parent=2691"}],"curies":[{"name":"wp","href":"https:\/\/api.w.org\/{rel}","templated":true}]}}