{"id":120,"date":"2025-01-27T18:54:40","date_gmt":"2025-01-27T18:54:40","guid":{"rendered":"https:\/\/kretz.cz\/?page_id=120"},"modified":"2025-09-25T14:14:27","modified_gmt":"2025-09-25T14:14:27","slug":"servis-nahradni-dily","status":"publish","type":"page","link":"https:\/\/kretz.cz\/en\/servis-nahradni-dily\/","title":{"rendered":"Service - spare parts"},"content":{"rendered":"<div class=\"wpb-content-wrapper\"><div class=\"vc_row wpb_row vc_row-fluid\"><div class=\"wpb_column vc_column_container vc_col-sm-12\"><div class=\"vc_column-inner\"><div class=\"wpb_wrapper\">\n\t<div class=\"wpb_text_column wpb_content_element\" >\n\t\t<div class=\"wpb_wrapper\">\n\t\t\t<h2 style=\"text-align: center;\">Contact form<\/h2>\n\n\t\t<\/div>\n\t<\/div>\n<\/div><\/div><\/div><\/div><div data-vc-full-width=\"true\" data-vc-full-width-temp=\"true\" data-vc-full-width-init=\"false\" class=\"vc_row wpb_row vc_row-fluid vc_custom_1757600179772 vc_row-has-fill\"><div class=\"wpb_column vc_column_container vc_col-sm-12\"><div class=\"vc_column-inner\"><div class=\"wpb_wrapper\">\n\t<div class=\"wpb_raw_code wpb_raw_html wpb_content_element\" >\n\t\t<div class=\"wpb_wrapper\">\n\t\t\t\n<div class=\"wpcf7 no-js\" id=\"wpcf7-f2970-o1\" lang=\"cs-CZ\" dir=\"ltr\" data-wpcf7-id=\"2970\">\n<div class=\"screen-reader-response\"><p role=\"status\" aria-live=\"polite\" aria-atomic=\"true\"><\/p> <ul><\/ul><\/div>\n<form action=\"\/en\/wp-json\/wp\/v2\/pages\/120#wpcf7-f2970-o1\" method=\"post\" class=\"wpcf7-form init\" aria-label=\"Contact form\" novalidate=\"novalidate\" data-status=\"init\" data-trp-original-action=\"\/en\/wp-json\/wp\/v2\/pages\/120#wpcf7-f2970-o1\">\n<fieldset class=\"hidden-fields-container\"><input type=\"hidden\" name=\"_wpcf7\" value=\"2970\" \/><input type=\"hidden\" name=\"_wpcf7_version\" value=\"6.1.1\" \/><input type=\"hidden\" name=\"_wpcf7_locale\" value=\"cs_CZ\" \/><input type=\"hidden\" name=\"_wpcf7_unit_tag\" value=\"wpcf7-f2970-o1\" \/><input type=\"hidden\" name=\"_wpcf7_container_post\" value=\"0\" \/><input type=\"hidden\" name=\"_wpcf7_posted_data_hash\" value=\"\" \/><input type=\"hidden\" name=\"_uacf7_hidden_conditional_fields\" value=\"\" \/><input type=\"hidden\" name=\"_wpcf7_recaptcha_response\" value=\"\" \/>\n<\/fieldset>\n<div class=\"uacf7-form-wrapper-container uacf7-form-2970\"><font color=\"black\"><div id=\"responsive-form\" class=\"clearfix\">\n<input class=\"wpcf7-form-control wpcf7-hidden\" value=\"Kontaktn\u00ed formul\u00e1\u0159 - Servis\" type=\"hidden\" name=\"form-title\" \/>\n\n<div class=\"uacf7-row\"><div class=\"uacf7-col-4\"> <div class=\"column-full\">Name and surname <span class=\"wpcf7-form-control-wrap\" data-name=\"first-name\"><input size=\"40\" maxlength=\"400\" class=\"wpcf7-form-control wpcf7-text wpcf7-validates-as-required\" aria-required=\"true\" aria-invalid=\"false\" value=\"\" type=\"text\" name=\"first-name\" \/><\/span><\/div> <\/div><div class=\"uacf7-col-4\"> <div class=\"column-full\">E-mail * <span class=\"wpcf7-form-control-wrap\" data-name=\"your-email\"><input size=\"40\" maxlength=\"400\" class=\"wpcf7-form-control wpcf7-email wpcf7-validates-as-required wpcf7-text wpcf7-validates-as-email\" aria-required=\"true\" aria-invalid=\"false\" value=\"\" type=\"email\" name=\"your-email\" \/><\/span><\/div> <\/div><div class=\"uacf7-col-4\"> <div class=\"column-full\">Phone number <span class=\"wpcf7-form-control-wrap\" data-name=\"telefon\"><input size=\"40\" maxlength=\"400\" class=\"wpcf7-form-control wpcf7-tel wpcf7-validates-as-required wpcf7-text wpcf7-validates-as-tel\" aria-required=\"true\" aria-invalid=\"false\" value=\"\" type=\"tel\" name=\"telefon\" \/><\/span><\/div> <\/div><\/div>\n\n<div class=\"uacf7-row\"><div class=\"uacf7-col-4\"> <div class=\"column-full\">Street <span class=\"wpcf7-form-control-wrap\" data-name=\"adresa-ulice\"><input size=\"40\" maxlength=\"400\" class=\"wpcf7-form-control wpcf7-text\" aria-invalid=\"false\" value=\"\" type=\"text\" name=\"adresa-ulice\" \/><\/span><\/div> <\/div><div class=\"uacf7-col-4\"> <div class=\"column-full\">City <span class=\"wpcf7-form-control-wrap\" data-name=\"adresa-mesto\"><input size=\"40\" maxlength=\"400\" class=\"wpcf7-form-control wpcf7-text\" aria-invalid=\"false\" value=\"\" type=\"text\" name=\"adresa-mesto\" \/><\/span><\/div> <\/div><div class=\"uacf7-col-4\"> <div class=\"column-full\">postal code <span class=\"wpcf7-form-control-wrap\" data-name=\"adresa-psc\"><input class=\"wpcf7-form-control wpcf7-number wpcf7-validates-as-number\" aria-invalid=\"false\" value=\"\" type=\"number\" name=\"adresa-psc\" \/><\/span><\/div> <\/div><\/div>\n\n<div class=\"uacf7-row\"><div class=\"uacf7-col-4\"> <div class=\"column-full\">Type of fireplace insert <span class=\"wpcf7-form-control-wrap\" data-name=\"typ-krbove-vlozky\"><input size=\"40\" maxlength=\"400\" class=\"wpcf7-form-control wpcf7-text\" aria-invalid=\"false\" value=\"\" type=\"text\" name=\"typ-krbove-vlozky\" \/><\/span><\/div> <\/div><div class=\"uacf7-col-4\"> <div class=\"column-full\">Year of manufacture <span class=\"wpcf7-form-control-wrap\" data-name=\"rok-vyroby\"><input class=\"wpcf7-form-control wpcf7-number wpcf7-validates-as-number\" aria-invalid=\"false\" value=\"\" type=\"number\" name=\"rok-vyroby\" \/><\/span><\/div> <\/div><div class=\"uacf7-col-4\"> <\/div><\/div>\n\n<div class=\"form-row\">\n<div class=\"column-full\">Your message  <span class=\"wpcf7-form-control-wrap\" data-name=\"your-message\"><textarea cols=\"40\" rows=\"10\" maxlength=\"500\" minlength=\"4\" class=\"wpcf7-form-control wpcf7-textarea\" aria-invalid=\"false\" name=\"your-message\"><\/textarea><\/span>\n<br><br>\n* Required field<\/br><\/br>\nBy submitting the form, you agree to the <a href=\"\/en\/zasady-ochrany-osobnich-udaju\/\">processing of your personal data<\/a>. This page  is protected by reCAPTCHA, and the Google <a href=\"https:\/\/policies.google.com\/privacy\">Privacy Policy<\/a> and <a href=\"https:\/\/policies.google.com\/terms\">Terms of Service<\/a> apply<\/div>\n<\/div>\n<div class=\"form-row\">\n<\/div>\n<div class=\"form-row\">\n<span id=\"wpcf7-69ecdabc786f7-wrapper\" class=\"wpcf7-form-control-wrap honeypot-734-wrap\" style=\"display:none !important; visibility:hidden !important;\"><label for=\"wpcf7-69ecdabc786f7-field\" class=\"hp-message\">Ponechte toto pole pr\u00e1zdn\u00e9.<\/label><input id=\"wpcf7-69ecdabc786f7-field\"  class=\"wpcf7-form-control wpcf7-text\" type=\"text\" name=\"honeypot-734\" value=\"\" size=\"40\" tabindex=\"-1\" autocomplete=\"new-password\" \/><\/span>\n<div class=\"column-full\"><input class=\"wpcf7-form-control wpcf7-submit has-spinner\" type=\"submit\" value=\"SEND\" \/><\/div>\n<\/div>\n\n<\/div><!--end responsive-form-->\n<\/font><\/div><div class=\"wpcf7-response-output\" aria-hidden=\"true\"><\/div>\n<input type=\"hidden\" name=\"trp-form-language\" value=\"en\"\/><\/form>\n<\/div>\n\n\t\t<\/div>\n\t<\/div>\n<\/div><\/div><\/div><\/div><div class=\"vc_row-full-width vc_clearfix\"><\/div>\n<\/div>","protected":false},"excerpt":{"rendered":"<p>Kontaktn\u00ed formul\u00e1\u0159 Jm\u00e9no a p\u0159\u00edjmen\u00ed * E-mail * Telefon * Ulice M\u011bsto PS\u010c Typ krbov\u00e9 vlo\u017eky Rok v\u00fdroby Va\u0161e zpr\u00e1va * Povinn\u00e1 pole Odesl\u00e1n\u00edm formul\u00e1\u0159e souhlas\u00edte se zpracov\u00e1n\u00edm osobn\u00edch \u00fadaj\u016f. Tato str\u00e1nka je chr\u00e1n\u011bna pomoc\u00ed reCAPTCHA a plat\u00ed na ni Z\u00e1sady ochrany osobn\u00edch \u00fadaj\u016f a Podm\u00ednky slu\u017eby spole\u010dnosti Google. Ponechte toto pole pr\u00e1zdn\u00e9.<\/p>","protected":false},"author":1,"featured_media":0,"parent":0,"menu_order":0,"comment_status":"closed","ping_status":"closed","template":"","meta":{"footnotes":""},"class_list":["post-120","page","type-page","status-publish","hentry","description-off"],"yoast_head":"<!-- This site is optimized with the Yoast SEO plugin v25.9 - https:\/\/yoast.com\/wordpress\/plugins\/seo\/ -->\n<title>Servis - n\u00e1hradn\u00ed d\u00edly - KRETZ.cz - krby a krbov\u00e1 kamna<\/title>\n<meta name=\"robots\" content=\"noindex, follow\" \/>\n<meta property=\"og:locale\" content=\"en_US\" \/>\n<meta property=\"og:type\" content=\"article\" \/>\n<meta property=\"og:title\" content=\"Servis - n\u00e1hradn\u00ed d\u00edly - KRETZ.cz - krby a krbov\u00e1 kamna\" \/>\n<meta property=\"og:url\" content=\"https:\/\/kretz.cz\/en\/servis-nahradni-dily\/\" \/>\n<meta property=\"og:site_name\" content=\"KRETZ.cz - krby a krbov\u00e1 kamna\" \/>\n<meta property=\"article:publisher\" content=\"https:\/\/www.facebook.com\/krbykretz\/\" \/>\n<meta property=\"article:modified_time\" content=\"2025-09-25T14:14:27+00:00\" \/>\n<meta property=\"og:image\" content=\"https:\/\/kretz.cz\/wp-content\/uploads\/2025\/09\/Kovovyroba_03-ostrava-oc-nova-karolina-1.jpg\" \/>\n\t<meta property=\"og:image:width\" content=\"598\" \/>\n\t<meta property=\"og:image:height\" content=\"442\" \/>\n\t<meta property=\"og:image:type\" content=\"image\/jpeg\" \/>\n<meta name=\"twitter:card\" content=\"summary_large_image\" \/>\n<meta name=\"twitter:label1\" content=\"Est. reading time\" \/>\n\t<meta name=\"twitter:data1\" content=\"1 minute\" \/>\n<script type=\"application\/ld+json\" class=\"yoast-schema-graph\">{\"@context\":\"https:\/\/schema.org\",\"@graph\":[{\"@type\":\"WebPage\",\"@id\":\"https:\/\/kretz.cz\/servis-nahradni-dily\/\",\"url\":\"https:\/\/kretz.cz\/servis-nahradni-dily\/\",\"name\":\"Servis - n\u00e1hradn\u00ed d\u00edly - KRETZ.cz - krby a krbov\u00e1 kamna\",\"isPartOf\":{\"@id\":\"https:\/\/kretz.cz\/#website\"},\"datePublished\":\"2025-01-27T18:54:40+00:00\",\"dateModified\":\"2025-09-25T14:14:27+00:00\",\"breadcrumb\":{\"@id\":\"https:\/\/kretz.cz\/servis-nahradni-dily\/#breadcrumb\"},\"inLanguage\":\"en-US\",\"potentialAction\":[{\"@type\":\"ReadAction\",\"target\":[\"https:\/\/kretz.cz\/servis-nahradni-dily\/\"]}]},{\"@type\":\"BreadcrumbList\",\"@id\":\"https:\/\/kretz.cz\/servis-nahradni-dily\/#breadcrumb\",\"itemListElement\":[{\"@type\":\"ListItem\",\"position\":1,\"name\":\"Dom\u016f\",\"item\":\"https:\/\/kretz.cz\/\"},{\"@type\":\"ListItem\",\"position\":2,\"name\":\"Servis &#8211; n\u00e1hradn\u00ed d\u00edly\"}]},{\"@type\":\"WebSite\",\"@id\":\"https:\/\/kretz.cz\/#website\",\"url\":\"https:\/\/kretz.cz\/\",\"name\":\"KRETZ.cz - krby a krbov\u00e1 kamna\",\"description\":\"Jsme \u010desk\u00e1 spole\u010dnost p\u016fsob\u00edc\u00ed v oblasti v\u00fdroby a stroj\u00edrenstv\u00ed. Specializujeme se na v\u00fdrobu krbov\u00fdch vlo\u017eek a topen\u00e1\u0159sk\u00e9 techniky, z\u00e1rove\u0148 nab\u00edz\u00edme zak\u00e1zkovou stroj\u00edrenskou v\u00fdrobu. Realizujeme tak\u00e9 stavebn\u00ed projekty v\u010detn\u011b kovov\u00fdch konstrukc\u00ed. Na\u0161\u00ed p\u0159ednost\u00ed je kvalita, spolehlivost a individu\u00e1ln\u00ed p\u0159\u00edstup ke ka\u017ed\u00e9mu z\u00e1kazn\u00edkovi.\",\"potentialAction\":[{\"@type\":\"SearchAction\",\"target\":{\"@type\":\"EntryPoint\",\"urlTemplate\":\"https:\/\/kretz.cz\/?s={search_term_string}\"},\"query-input\":{\"@type\":\"PropertyValueSpecification\",\"valueRequired\":true,\"valueName\":\"search_term_string\"}}],\"inLanguage\":\"en-US\"}]}<\/script>\n<!-- \/ Yoast SEO plugin. -->","yoast_head_json":{"title":"Servis - n\u00e1hradn\u00ed d\u00edly - KRETZ.cz - krby a krbov\u00e1 kamna","robots":{"index":"noindex","follow":"follow"},"og_locale":"en_US","og_type":"article","og_title":"Servis - n\u00e1hradn\u00ed d\u00edly - KRETZ.cz - krby a krbov\u00e1 kamna","og_url":"https:\/\/kretz.cz\/en\/servis-nahradni-dily\/","og_site_name":"KRETZ.cz - krby a krbov\u00e1 kamna","article_publisher":"https:\/\/www.facebook.com\/krbykretz\/","article_modified_time":"2025-09-25T14:14:27+00:00","og_image":[{"width":598,"height":442,"url":"https:\/\/kretz.cz\/wp-content\/uploads\/2025\/09\/Kovovyroba_03-ostrava-oc-nova-karolina-1.jpg","type":"image\/jpeg"}],"twitter_card":"summary_large_image","twitter_misc":{"Est. reading time":"1 minute"},"schema":{"@context":"https:\/\/schema.org","@graph":[{"@type":"WebPage","@id":"https:\/\/kretz.cz\/servis-nahradni-dily\/","url":"https:\/\/kretz.cz\/servis-nahradni-dily\/","name":"Servis - n\u00e1hradn\u00ed d\u00edly - KRETZ.cz - krby a krbov\u00e1 kamna","isPartOf":{"@id":"https:\/\/kretz.cz\/#website"},"datePublished":"2025-01-27T18:54:40+00:00","dateModified":"2025-09-25T14:14:27+00:00","breadcrumb":{"@id":"https:\/\/kretz.cz\/servis-nahradni-dily\/#breadcrumb"},"inLanguage":"en-US","potentialAction":[{"@type":"ReadAction","target":["https:\/\/kretz.cz\/servis-nahradni-dily\/"]}]},{"@type":"BreadcrumbList","@id":"https:\/\/kretz.cz\/servis-nahradni-dily\/#breadcrumb","itemListElement":[{"@type":"ListItem","position":1,"name":"Dom\u016f","item":"https:\/\/kretz.cz\/"},{"@type":"ListItem","position":2,"name":"Servis &#8211; n\u00e1hradn\u00ed d\u00edly"}]},{"@type":"WebSite","@id":"https:\/\/kretz.cz\/#website","url":"https:\/\/kretz.cz\/","name":"KRETZ.cz - krby a krbov\u00e1 kamna","description":"Jsme \u010desk\u00e1 spole\u010dnost p\u016fsob\u00edc\u00ed v oblasti v\u00fdroby a stroj\u00edrenstv\u00ed. Specializujeme se na v\u00fdrobu krbov\u00fdch vlo\u017eek a topen\u00e1\u0159sk\u00e9 techniky, z\u00e1rove\u0148 nab\u00edz\u00edme zak\u00e1zkovou stroj\u00edrenskou v\u00fdrobu. Realizujeme tak\u00e9 stavebn\u00ed projekty v\u010detn\u011b kovov\u00fdch konstrukc\u00ed. Na\u0161\u00ed p\u0159ednost\u00ed je kvalita, spolehlivost a individu\u00e1ln\u00ed p\u0159\u00edstup ke ka\u017ed\u00e9mu z\u00e1kazn\u00edkovi.","potentialAction":[{"@type":"SearchAction","target":{"@type":"EntryPoint","urlTemplate":"https:\/\/kretz.cz\/?s={search_term_string}"},"query-input":{"@type":"PropertyValueSpecification","valueRequired":true,"valueName":"search_term_string"}}],"inLanguage":"en-US"}]}},"jetpack_sharing_enabled":true,"_links":{"self":[{"href":"https:\/\/kretz.cz\/en\/wp-json\/wp\/v2\/pages\/120","targetHints":{"allow":["GET"]}}],"collection":[{"href":"https:\/\/kretz.cz\/en\/wp-json\/wp\/v2\/pages"}],"about":[{"href":"https:\/\/kretz.cz\/en\/wp-json\/wp\/v2\/types\/page"}],"author":[{"embeddable":true,"href":"https:\/\/kretz.cz\/en\/wp-json\/wp\/v2\/users\/1"}],"replies":[{"embeddable":true,"href":"https:\/\/kretz.cz\/en\/wp-json\/wp\/v2\/comments?post=120"}],"version-history":[{"count":5,"href":"https:\/\/kretz.cz\/en\/wp-json\/wp\/v2\/pages\/120\/revisions"}],"predecessor-version":[{"id":2974,"href":"https:\/\/kretz.cz\/en\/wp-json\/wp\/v2\/pages\/120\/revisions\/2974"}],"wp:attachment":[{"href":"https:\/\/kretz.cz\/en\/wp-json\/wp\/v2\/media?parent=120"}],"curies":[{"name":"wp","href":"https:\/\/api.w.org\/{rel}","templated":true}]}}